{"id":4095,"date":"2021-10-17T08:55:03","date_gmt":"2021-10-17T12:55:04","guid":{"rendered":"https:\/\/odanlab.com\/?post_type=product&#038;p=4095"},"modified":"2021-12-02T05:43:22","modified_gmt":"2021-12-02T10:43:22","slug":"adaseptmd-shampooing-500ml","status":"publish","type":"product","link":"https:\/\/odanlab.com\/fr\/produit\/adaseptmd-shampooing-500ml\/","title":{"rendered":"ADASEPT&#127339; Shampooing (500ml)<br>#030L"},"content":{"rendered":"","protected":false},"excerpt":{"rendered":"<p><span style=\"font-size: 20px;\">Shampooing dermatologique doux<\/span><\/p>\n<p>Formul\u00e9 sp\u00e9cifiquement pour les cheveux gras.<br \/>\nPeut \u00eatre employ\u00e9 plusieurs fois par semaine au besoin.<\/p>\n<p><strong>DIN N\/A<\/strong><\/p>\n[fusion_table]<\/p>\n<div class=\"table-1\">\n<table width=\"100%\">\n<thead style=\"background-color: blue;\">\n<tr>\n<th style=\"color: white;\" align=\"left\">CODE<\/th>\n<th style=\"color: white;\" align=\"left\">TYPE<\/th>\n<th style=\"color: white;\" align=\"left\">FORMAT<\/th>\n<\/tr>\n<\/thead>\n<tbody>\n<tr>\n<td align=\"left\">030L<\/td>\n<td align=\"left\">Cr\u00e8me<\/td>\n<td align=\"left\">500 mL<\/td>\n<\/tr>\n<\/tbody>\n<\/table>\n<\/div>\n<p>[\/fusion_table]\n<p>&nbsp;<\/p>\n[fusion_button link=\"https:\/\/odanlab.com\/fr\/magasin-en-ligne\/\" text_transform=\"none\" title=\"\" target=\"_self\" link_attributes=\"\" alignment=\"\" modal=\"\" hide_on_mobile=\"small-visibility,medium-visibility,large-visibility\" class=\"\" id=\"\" color=\"default\" button_gradient_top_color=\"\" button_gradient_bottom_color=\"\" button_gradient_top_color_hover=\"\" button_gradient_bottom_color_hover=\"\" accent_color=\"\" accent_hover_color=\"\" type=\"\" bevel_color=\"\" border_width=\"\" border_radius=\"\" border_color=\"\" border_hover_color=\"\" size=\"\" stretch=\"default\" icon=\"\" icon_position=\"left\" icon_divider=\"no\" animation_type=\"\" animation_direction=\"left\" animation_speed=\"0.3\" animation_offset=\"\"]Retour au magasin en ligne MVL[\/fusion_button]\n","protected":false},"featured_media":4214,"template":"","meta":{"_exactmetrics_skip_tracking":false,"_exactmetrics_sitenote_active":false,"_exactmetrics_sitenote_note":"","_exactmetrics_sitenote_category":0,"jetpack_post_was_ever_published":false},"product_brand":[],"product_cat":[114,25,111],"product_tag":[],"class_list":{"0":"post-4095","1":"product","2":"type-product","3":"status-publish","4":"has-post-thumbnail","6":"product_cat-adasept-fr","7":"product_cat-dermatologie","8":"product_cat-magasin-fr","9":"product-grid-view","11":"first","12":"instock","13":"taxable","14":"shipping-taxable","15":"purchasable","16":"product-type-simple"},"yoast_head":"<!-- This site is optimized with the Yoast SEO plugin v27.0 - https:\/\/yoast.com\/product\/yoast-seo-wordpress\/ -->\n<title>ADASEPT&#127339; Shampooing (500ml)#030L - Odan Laboratories Ltd.<\/title>\n<meta name=\"robots\" content=\"index, follow, max-snippet:-1, max-image-preview:large, max-video-preview:-1\" \/>\n<link rel=\"canonical\" href=\"https:\/\/odanlab.com\/fr\/produit\/adaseptmd-shampooing-500ml\/\" \/>\n<meta property=\"og:locale\" content=\"fr_FR\" \/>\n<meta property=\"og:type\" content=\"article\" \/>\n<meta property=\"og:title\" content=\"ADASEPT&#127339; Shampooing (500ml)#030L - Odan Laboratories Ltd.\" \/>\n<meta property=\"og:description\" content=\"Shampooing dermatologique doux  Formul\u00e9 sp\u00e9cifiquement pour les cheveux gras. Peut \u00eatre employ\u00e9 plusieurs fois par semaine au besoin.  DIN N\/A    &nbsp;\" \/>\n<meta property=\"og:url\" content=\"https:\/\/odanlab.com\/fr\/produit\/adaseptmd-shampooing-500ml\/\" \/>\n<meta property=\"og:site_name\" content=\"Odan Laboratories Ltd.\" \/>\n<meta property=\"article:publisher\" content=\"https:\/\/www.facebook.com\/odanlab\/\" \/>\n<meta property=\"article:modified_time\" content=\"2021-12-02T10:43:22+00:00\" \/>\n<meta property=\"og:image\" content=\"https:\/\/odanlab.com\/wp-content\/uploads\/2021\/10\/AdaseptShampoo500_prop-2.jpg\" \/>\n\t<meta property=\"og:image:width\" content=\"309\" \/>\n\t<meta property=\"og:image:height\" content=\"800\" \/>\n\t<meta property=\"og:image:type\" content=\"image\/jpeg\" \/>\n<meta name=\"twitter:card\" content=\"summary_large_image\" \/>\n<script type=\"application\/ld+json\" class=\"yoast-schema-graph\">{\"@context\":\"https:\/\/schema.org\",\"@graph\":[{\"@type\":\"WebPage\",\"@id\":\"https:\/\/odanlab.com\/fr\/produit\/adaseptmd-shampooing-500ml\/\",\"url\":\"https:\/\/odanlab.com\/fr\/produit\/adaseptmd-shampooing-500ml\/\",\"name\":\"ADASEPT&#127339; Shampooing (500ml) #030L - Odan Laboratories Ltd.\",\"isPartOf\":{\"@id\":\"https:\/\/odanlab.com\/#website\"},\"primaryImageOfPage\":{\"@id\":\"https:\/\/odanlab.com\/fr\/produit\/adaseptmd-shampooing-500ml\/#primaryimage\"},\"image\":{\"@id\":\"https:\/\/odanlab.com\/fr\/produit\/adaseptmd-shampooing-500ml\/#primaryimage\"},\"thumbnailUrl\":\"https:\/\/odanlab.com\/wp-content\/uploads\/2021\/10\/AdaseptShampoo500_prop-2.jpg\",\"datePublished\":\"2021-10-17T12:55:04+00:00\",\"dateModified\":\"2021-12-02T10:43:22+00:00\",\"breadcrumb\":{\"@id\":\"https:\/\/odanlab.com\/fr\/produit\/adaseptmd-shampooing-500ml\/#breadcrumb\"},\"inLanguage\":\"fr-FR\",\"potentialAction\":[{\"@type\":\"ReadAction\",\"target\":[\"https:\/\/odanlab.com\/fr\/produit\/adaseptmd-shampooing-500ml\/\"]}]},{\"@type\":\"ImageObject\",\"inLanguage\":\"fr-FR\",\"@id\":\"https:\/\/odanlab.com\/fr\/produit\/adaseptmd-shampooing-500ml\/#primaryimage\",\"url\":\"https:\/\/odanlab.com\/wp-content\/uploads\/2021\/10\/AdaseptShampoo500_prop-2.jpg\",\"contentUrl\":\"https:\/\/odanlab.com\/wp-content\/uploads\/2021\/10\/AdaseptShampoo500_prop-2.jpg\",\"width\":309,\"height\":800,\"caption\":\"Adasept Shampoo 500ml\"},{\"@type\":\"BreadcrumbList\",\"@id\":\"https:\/\/odanlab.com\/fr\/produit\/adaseptmd-shampooing-500ml\/#breadcrumb\",\"itemListElement\":[{\"@type\":\"ListItem\",\"position\":1,\"name\":\"Home\",\"item\":\"https:\/\/odanlab.com\/fr\/\"},{\"@type\":\"ListItem\",\"position\":2,\"name\":\"Products\",\"item\":\"https:\/\/odanlab.com\/shop\/\"},{\"@type\":\"ListItem\",\"position\":3,\"name\":\"ADASEPT&#127339; Shampooing (500ml)#030L\"}]},{\"@type\":\"WebSite\",\"@id\":\"https:\/\/odanlab.com\/#website\",\"url\":\"https:\/\/odanlab.com\/\",\"name\":\"Odan Laboratories Ltd.\",\"description\":\"The Leader in Specialty Generic Pharmaceutical Products\",\"potentialAction\":[{\"@type\":\"SearchAction\",\"target\":{\"@type\":\"EntryPoint\",\"urlTemplate\":\"https:\/\/odanlab.com\/?s={search_term_string}\"},\"query-input\":{\"@type\":\"PropertyValueSpecification\",\"valueRequired\":true,\"valueName\":\"search_term_string\"}}],\"inLanguage\":\"fr-FR\"}]}<\/script>\n<!-- \/ Yoast SEO plugin. -->","yoast_head_json":{"title":"ADASEPT&#127339; Shampooing (500ml)#030L - Odan Laboratories Ltd.","robots":{"index":"index","follow":"follow","max-snippet":"max-snippet:-1","max-image-preview":"max-image-preview:large","max-video-preview":"max-video-preview:-1"},"canonical":"https:\/\/odanlab.com\/fr\/produit\/adaseptmd-shampooing-500ml\/","og_locale":"fr_FR","og_type":"article","og_title":"ADASEPT&#127339; Shampooing (500ml)#030L - Odan Laboratories Ltd.","og_description":"Shampooing dermatologique doux  Formul\u00e9 sp\u00e9cifiquement pour les cheveux gras. Peut \u00eatre employ\u00e9 plusieurs fois par semaine au besoin.  DIN N\/A    &nbsp;","og_url":"https:\/\/odanlab.com\/fr\/produit\/adaseptmd-shampooing-500ml\/","og_site_name":"Odan Laboratories Ltd.","article_publisher":"https:\/\/www.facebook.com\/odanlab\/","article_modified_time":"2021-12-02T10:43:22+00:00","og_image":[{"width":309,"height":800,"url":"https:\/\/odanlab.com\/wp-content\/uploads\/2021\/10\/AdaseptShampoo500_prop-2.jpg","type":"image\/jpeg"}],"twitter_card":"summary_large_image","schema":{"@context":"https:\/\/schema.org","@graph":[{"@type":"WebPage","@id":"https:\/\/odanlab.com\/fr\/produit\/adaseptmd-shampooing-500ml\/","url":"https:\/\/odanlab.com\/fr\/produit\/adaseptmd-shampooing-500ml\/","name":"ADASEPT&#127339; Shampooing (500ml) #030L - Odan Laboratories Ltd.","isPartOf":{"@id":"https:\/\/odanlab.com\/#website"},"primaryImageOfPage":{"@id":"https:\/\/odanlab.com\/fr\/produit\/adaseptmd-shampooing-500ml\/#primaryimage"},"image":{"@id":"https:\/\/odanlab.com\/fr\/produit\/adaseptmd-shampooing-500ml\/#primaryimage"},"thumbnailUrl":"https:\/\/odanlab.com\/wp-content\/uploads\/2021\/10\/AdaseptShampoo500_prop-2.jpg","datePublished":"2021-10-17T12:55:04+00:00","dateModified":"2021-12-02T10:43:22+00:00","breadcrumb":{"@id":"https:\/\/odanlab.com\/fr\/produit\/adaseptmd-shampooing-500ml\/#breadcrumb"},"inLanguage":"fr-FR","potentialAction":[{"@type":"ReadAction","target":["https:\/\/odanlab.com\/fr\/produit\/adaseptmd-shampooing-500ml\/"]}]},{"@type":"ImageObject","inLanguage":"fr-FR","@id":"https:\/\/odanlab.com\/fr\/produit\/adaseptmd-shampooing-500ml\/#primaryimage","url":"https:\/\/odanlab.com\/wp-content\/uploads\/2021\/10\/AdaseptShampoo500_prop-2.jpg","contentUrl":"https:\/\/odanlab.com\/wp-content\/uploads\/2021\/10\/AdaseptShampoo500_prop-2.jpg","width":309,"height":800,"caption":"Adasept Shampoo 500ml"},{"@type":"BreadcrumbList","@id":"https:\/\/odanlab.com\/fr\/produit\/adaseptmd-shampooing-500ml\/#breadcrumb","itemListElement":[{"@type":"ListItem","position":1,"name":"Home","item":"https:\/\/odanlab.com\/fr\/"},{"@type":"ListItem","position":2,"name":"Products","item":"https:\/\/odanlab.com\/shop\/"},{"@type":"ListItem","position":3,"name":"ADASEPT&#127339; Shampooing (500ml)#030L"}]},{"@type":"WebSite","@id":"https:\/\/odanlab.com\/#website","url":"https:\/\/odanlab.com\/","name":"Odan Laboratories Ltd.","description":"The Leader in Specialty Generic Pharmaceutical Products","potentialAction":[{"@type":"SearchAction","target":{"@type":"EntryPoint","urlTemplate":"https:\/\/odanlab.com\/?s={search_term_string}"},"query-input":{"@type":"PropertyValueSpecification","valueRequired":true,"valueName":"search_term_string"}}],"inLanguage":"fr-FR"}]}},"jetpack_sharing_enabled":true,"_links":{"self":[{"href":"https:\/\/odanlab.com\/fr\/wp-json\/wp\/v2\/product\/4095","targetHints":{"allow":["GET"]}}],"collection":[{"href":"https:\/\/odanlab.com\/fr\/wp-json\/wp\/v2\/product"}],"about":[{"href":"https:\/\/odanlab.com\/fr\/wp-json\/wp\/v2\/types\/product"}],"wp:featuredmedia":[{"embeddable":true,"href":"https:\/\/odanlab.com\/fr\/wp-json\/wp\/v2\/media\/4214"}],"wp:attachment":[{"href":"https:\/\/odanlab.com\/fr\/wp-json\/wp\/v2\/media?parent=4095"}],"wp:term":[{"taxonomy":"product_brand","embeddable":true,"href":"https:\/\/odanlab.com\/fr\/wp-json\/wp\/v2\/product_brand?post=4095"},{"taxonomy":"product_cat","embeddable":true,"href":"https:\/\/odanlab.com\/fr\/wp-json\/wp\/v2\/product_cat?post=4095"},{"taxonomy":"product_tag","embeddable":true,"href":"https:\/\/odanlab.com\/fr\/wp-json\/wp\/v2\/product_tag?post=4095"}],"curies":[{"name":"wp","href":"https:\/\/api.w.org\/{rel}","templated":true}]}}