{"id":358624,"date":"2024-08-06T22:21:44","date_gmt":"2024-08-07T02:21:45","guid":{"rendered":"https:\/\/odanlab.com\/?post_type=product&#038;p=358624"},"modified":"2024-08-07T07:23:32","modified_gmt":"2024-08-07T11:23:32","slug":"odan-valproic-acid","status":"publish","type":"product","link":"https:\/\/odanlab.com\/fr\/produit\/odan-valproic-acid\/","title":{"rendered":"\u1d56\u02b3ODAN-VALPROIC ACID"},"content":{"rendered":"","protected":false},"excerpt":{"rendered":"<p><span style=\"font-size: 20px;\">Anti\u00e9pileptique<\/span><\/p>\n<p><span style=\"font-size: 16px;\">Chaque mL contient 50 mg d&#8217;acide valpro\u00efque.<\/span><\/p>\n<p><span style=\"font-size: 16px;\">Indiqu\u00e9 comme traitement des crises d\u2019absence simples ou complexes.<\/span><\/p>\n<p><strong>DIN 02549191<\/strong><\/p>\n<p><strong>Gestion des risques:<\/strong><\/p>\n<p><a href=\"https:\/\/odanlab.com\/wp-content\/uploads\/2024\/08\/Valproic-AcidPatientGuide_FR.pdf\" rel=\"noopener\" target=\"_blank\">Guide De La Patiente : Ce Que Les Filles Et Les Femmes Doivent Savoir Au Sujet Du Valproate<\/a><br \/>\n<a href=\"https:\/\/odanlab.com\/wp-content\/uploads\/2024\/08\/ValproicAcidPatientCard_FR.pdf\" rel=\"noopener\" target=\"_blank\">Contraception Et Pr\u00e9vention De La Grossesse<\/a><br \/>\n<a href=\"https:\/\/odanlab.com\/wp-content\/uploads\/2024\/08\/Valproic-AcidProffGuide_FR.pdf\" rel=\"noopener\" target=\"_blank\">Guide \u00c0 L\u2019intention Des Professionnels De La Sant\u00e9<\/a><br \/>\n<a href=\"https:\/\/odanlab.com\/wp-content\/uploads\/2024\/08\/ValproicAcidAcknowledgementFORM_FR.pdf\" rel=\"noopener\" target=\"_blank\">Formulaire Annuel De Reconnaissance Des Risques<\/a><\/p>\n[fusion_table]<\/p>\n<div class=\"table-1\">\n<table width=\"100%\">\n<thead style=\"background-color: blue;\">\n<tr>\n<th style=\"color: white;\" align=\"left\">CODE<\/th>\n<th style=\"color: white;\" align=\"left\">TYPE<\/th>\n<th style=\"color: white;\" align=\"left\">FORMAT<\/th>\n<\/tr>\n<\/thead>\n<tbody>\n<tr>\n<td align=\"left\">56900<\/td>\n<td align=\"left\">Solution<\/td>\n<td align=\"left\">450 mL<\/td>\n<\/tr>\n<\/tbody>\n<\/table>\n<\/div>\n<p>[\/fusion_table]\n","protected":false},"featured_media":358627,"template":"","meta":{"_exactmetrics_skip_tracking":false,"_exactmetrics_sitenote_active":false,"_exactmetrics_sitenote_note":"","_exactmetrics_sitenote_category":0,"jetpack_post_was_ever_published":false},"product_brand":[],"product_cat":[67],"product_tag":[],"class_list":{"0":"post-358624","1":"product","2":"type-product","3":"status-publish","4":"has-post-thumbnail","6":"product_cat-generique","7":"product-grid-view","9":"first","10":"instock","11":"taxable","12":"shipping-taxable","13":"product-type-variable"},"yoast_head":"<!-- This site is optimized with the Yoast SEO plugin v27.0 - https:\/\/yoast.com\/product\/yoast-seo-wordpress\/ -->\n<title>\u1d56\u02b3ODAN-VALPROIC ACID - Odan Laboratories Ltd.<\/title>\n<meta name=\"robots\" content=\"index, follow, max-snippet:-1, max-image-preview:large, max-video-preview:-1\" \/>\n<link rel=\"canonical\" href=\"https:\/\/odanlab.com\/fr\/produit\/odan-valproic-acid\/\" \/>\n<meta property=\"og:locale\" content=\"fr_FR\" \/>\n<meta property=\"og:type\" content=\"article\" \/>\n<meta property=\"og:title\" content=\"\u1d56\u02b3ODAN-VALPROIC ACID - Odan Laboratories Ltd.\" \/>\n<meta property=\"og:description\" content=\"Anti\u00e9pileptique  Chaque mL contient 50 mg d&#039;acide valpro\u00efque.  Indiqu\u00e9 comme traitement des crises d\u2019absence simples ou complexes.  DIN 02549191  Gestion des risques:  Guide De La Patiente : Ce Que Les Filles Et Les Femmes Doivent Savoir Au Sujet Du Valproate Contraception Et Pr\u00e9vention De La Grossesse Guide \u00c0 L\u2019intention Des Professionnels De La Sant\u00e9 Formulaire Annuel De Reconnaissance Des Risques\" \/>\n<meta property=\"og:url\" content=\"https:\/\/odanlab.com\/fr\/produit\/odan-valproic-acid\/\" \/>\n<meta property=\"og:site_name\" content=\"Odan Laboratories Ltd.\" \/>\n<meta property=\"article:publisher\" content=\"https:\/\/www.facebook.com\/odanlab\/\" \/>\n<meta property=\"article:modified_time\" content=\"2024-08-07T11:23:32+00:00\" \/>\n<meta property=\"og:image\" content=\"https:\/\/odanlab.com\/wp-content\/uploads\/2024\/08\/ValproicAcid-scaled-e1722997827321.jpg\" \/>\n\t<meta property=\"og:image:width\" content=\"1140\" \/>\n\t<meta property=\"og:image:height\" content=\"2560\" \/>\n\t<meta property=\"og:image:type\" content=\"image\/jpeg\" \/>\n<meta name=\"twitter:card\" content=\"summary_large_image\" \/>\n<script type=\"application\/ld+json\" class=\"yoast-schema-graph\">{\"@context\":\"https:\/\/schema.org\",\"@graph\":[{\"@type\":\"WebPage\",\"@id\":\"https:\/\/odanlab.com\/fr\/produit\/odan-valproic-acid\/\",\"url\":\"https:\/\/odanlab.com\/fr\/produit\/odan-valproic-acid\/\",\"name\":\"\u1d56\u02b3ODAN-VALPROIC ACID - Odan Laboratories Ltd.\",\"isPartOf\":{\"@id\":\"https:\/\/odanlab.com\/#website\"},\"primaryImageOfPage\":{\"@id\":\"https:\/\/odanlab.com\/fr\/produit\/odan-valproic-acid\/#primaryimage\"},\"image\":{\"@id\":\"https:\/\/odanlab.com\/fr\/produit\/odan-valproic-acid\/#primaryimage\"},\"thumbnailUrl\":\"https:\/\/odanlab.com\/wp-content\/uploads\/2024\/08\/ValproicAcid-scaled-e1722997827321.jpg\",\"datePublished\":\"2024-08-07T02:21:45+00:00\",\"dateModified\":\"2024-08-07T11:23:32+00:00\",\"breadcrumb\":{\"@id\":\"https:\/\/odanlab.com\/fr\/produit\/odan-valproic-acid\/#breadcrumb\"},\"inLanguage\":\"fr-FR\",\"potentialAction\":[{\"@type\":\"ReadAction\",\"target\":[\"https:\/\/odanlab.com\/fr\/produit\/odan-valproic-acid\/\"]}]},{\"@type\":\"ImageObject\",\"inLanguage\":\"fr-FR\",\"@id\":\"https:\/\/odanlab.com\/fr\/produit\/odan-valproic-acid\/#primaryimage\",\"url\":\"https:\/\/odanlab.com\/wp-content\/uploads\/2024\/08\/ValproicAcid-scaled-e1722997827321.jpg\",\"contentUrl\":\"https:\/\/odanlab.com\/wp-content\/uploads\/2024\/08\/ValproicAcid-scaled-e1722997827321.jpg\",\"width\":1140,\"height\":2560},{\"@type\":\"BreadcrumbList\",\"@id\":\"https:\/\/odanlab.com\/fr\/produit\/odan-valproic-acid\/#breadcrumb\",\"itemListElement\":[{\"@type\":\"ListItem\",\"position\":1,\"name\":\"Home\",\"item\":\"https:\/\/odanlab.com\/fr\/\"},{\"@type\":\"ListItem\",\"position\":2,\"name\":\"Products\",\"item\":\"https:\/\/odanlab.com\/shop\/\"},{\"@type\":\"ListItem\",\"position\":3,\"name\":\"\u1d56\u02b3ODAN-VALPROIC ACID\"}]},{\"@type\":\"WebSite\",\"@id\":\"https:\/\/odanlab.com\/#website\",\"url\":\"https:\/\/odanlab.com\/\",\"name\":\"Odan Laboratories Ltd.\",\"description\":\"The Leader in Specialty Generic Pharmaceutical Products\",\"potentialAction\":[{\"@type\":\"SearchAction\",\"target\":{\"@type\":\"EntryPoint\",\"urlTemplate\":\"https:\/\/odanlab.com\/?s={search_term_string}\"},\"query-input\":{\"@type\":\"PropertyValueSpecification\",\"valueRequired\":true,\"valueName\":\"search_term_string\"}}],\"inLanguage\":\"fr-FR\"}]}<\/script>\n<!-- \/ Yoast SEO plugin. -->","yoast_head_json":{"title":"\u1d56\u02b3ODAN-VALPROIC ACID - Odan Laboratories Ltd.","robots":{"index":"index","follow":"follow","max-snippet":"max-snippet:-1","max-image-preview":"max-image-preview:large","max-video-preview":"max-video-preview:-1"},"canonical":"https:\/\/odanlab.com\/fr\/produit\/odan-valproic-acid\/","og_locale":"fr_FR","og_type":"article","og_title":"\u1d56\u02b3ODAN-VALPROIC ACID - Odan Laboratories Ltd.","og_description":"Anti\u00e9pileptique  Chaque mL contient 50 mg d'acide valpro\u00efque.  Indiqu\u00e9 comme traitement des crises d\u2019absence simples ou complexes.  DIN 02549191  Gestion des risques:  Guide De La Patiente : Ce Que Les Filles Et Les Femmes Doivent Savoir Au Sujet Du Valproate Contraception Et Pr\u00e9vention De La Grossesse Guide \u00c0 L\u2019intention Des Professionnels De La Sant\u00e9 Formulaire Annuel De Reconnaissance Des Risques","og_url":"https:\/\/odanlab.com\/fr\/produit\/odan-valproic-acid\/","og_site_name":"Odan Laboratories Ltd.","article_publisher":"https:\/\/www.facebook.com\/odanlab\/","article_modified_time":"2024-08-07T11:23:32+00:00","og_image":[{"width":1140,"height":2560,"url":"https:\/\/odanlab.com\/wp-content\/uploads\/2024\/08\/ValproicAcid-scaled-e1722997827321.jpg","type":"image\/jpeg"}],"twitter_card":"summary_large_image","schema":{"@context":"https:\/\/schema.org","@graph":[{"@type":"WebPage","@id":"https:\/\/odanlab.com\/fr\/produit\/odan-valproic-acid\/","url":"https:\/\/odanlab.com\/fr\/produit\/odan-valproic-acid\/","name":"\u1d56\u02b3ODAN-VALPROIC ACID - Odan Laboratories Ltd.","isPartOf":{"@id":"https:\/\/odanlab.com\/#website"},"primaryImageOfPage":{"@id":"https:\/\/odanlab.com\/fr\/produit\/odan-valproic-acid\/#primaryimage"},"image":{"@id":"https:\/\/odanlab.com\/fr\/produit\/odan-valproic-acid\/#primaryimage"},"thumbnailUrl":"https:\/\/odanlab.com\/wp-content\/uploads\/2024\/08\/ValproicAcid-scaled-e1722997827321.jpg","datePublished":"2024-08-07T02:21:45+00:00","dateModified":"2024-08-07T11:23:32+00:00","breadcrumb":{"@id":"https:\/\/odanlab.com\/fr\/produit\/odan-valproic-acid\/#breadcrumb"},"inLanguage":"fr-FR","potentialAction":[{"@type":"ReadAction","target":["https:\/\/odanlab.com\/fr\/produit\/odan-valproic-acid\/"]}]},{"@type":"ImageObject","inLanguage":"fr-FR","@id":"https:\/\/odanlab.com\/fr\/produit\/odan-valproic-acid\/#primaryimage","url":"https:\/\/odanlab.com\/wp-content\/uploads\/2024\/08\/ValproicAcid-scaled-e1722997827321.jpg","contentUrl":"https:\/\/odanlab.com\/wp-content\/uploads\/2024\/08\/ValproicAcid-scaled-e1722997827321.jpg","width":1140,"height":2560},{"@type":"BreadcrumbList","@id":"https:\/\/odanlab.com\/fr\/produit\/odan-valproic-acid\/#breadcrumb","itemListElement":[{"@type":"ListItem","position":1,"name":"Home","item":"https:\/\/odanlab.com\/fr\/"},{"@type":"ListItem","position":2,"name":"Products","item":"https:\/\/odanlab.com\/shop\/"},{"@type":"ListItem","position":3,"name":"\u1d56\u02b3ODAN-VALPROIC ACID"}]},{"@type":"WebSite","@id":"https:\/\/odanlab.com\/#website","url":"https:\/\/odanlab.com\/","name":"Odan Laboratories Ltd.","description":"The Leader in Specialty Generic Pharmaceutical Products","potentialAction":[{"@type":"SearchAction","target":{"@type":"EntryPoint","urlTemplate":"https:\/\/odanlab.com\/?s={search_term_string}"},"query-input":{"@type":"PropertyValueSpecification","valueRequired":true,"valueName":"search_term_string"}}],"inLanguage":"fr-FR"}]}},"jetpack_sharing_enabled":true,"_links":{"self":[{"href":"https:\/\/odanlab.com\/fr\/wp-json\/wp\/v2\/product\/358624","targetHints":{"allow":["GET"]}}],"collection":[{"href":"https:\/\/odanlab.com\/fr\/wp-json\/wp\/v2\/product"}],"about":[{"href":"https:\/\/odanlab.com\/fr\/wp-json\/wp\/v2\/types\/product"}],"wp:featuredmedia":[{"embeddable":true,"href":"https:\/\/odanlab.com\/fr\/wp-json\/wp\/v2\/media\/358627"}],"wp:attachment":[{"href":"https:\/\/odanlab.com\/fr\/wp-json\/wp\/v2\/media?parent=358624"}],"wp:term":[{"taxonomy":"product_brand","embeddable":true,"href":"https:\/\/odanlab.com\/fr\/wp-json\/wp\/v2\/product_brand?post=358624"},{"taxonomy":"product_cat","embeddable":true,"href":"https:\/\/odanlab.com\/fr\/wp-json\/wp\/v2\/product_cat?post=358624"},{"taxonomy":"product_tag","embeddable":true,"href":"https:\/\/odanlab.com\/fr\/wp-json\/wp\/v2\/product_tag?post=358624"}],"curies":[{"name":"wp","href":"https:\/\/api.w.org\/{rel}","templated":true}]}}