{"id":3382,"date":"2020-08-31T21:07:02","date_gmt":"2020-09-01T01:07:03","guid":{"rendered":"https:\/\/odanlab.com\/?post_type=product&#038;p=3382"},"modified":"2020-08-31T21:44:07","modified_gmt":"2020-09-01T01:44:07","slug":"odan-itraconazole-oral-solution-10-mg-ml","status":"publish","type":"product","link":"https:\/\/odanlab.com\/fr\/produit\/odan-itraconazole-oral-solution-10-mg-ml\/","title":{"rendered":"ODAN ITRACONAZOLE SOLUTION ORALE &#8211; 10 mg\/mL"},"content":{"rendered":"","protected":false},"excerpt":{"rendered":"<p><span style=\"font-size: 20px;\">Agent antifongique<\/span><\/p>\n<p>ODAN ITRACONAZOLE est un m\u00e9dicament sur ordonnance utilis\u00e9 pour traiter des infections fongiques de la bouche et de la gorge chez les patients adultes s\u00e9ropositifs au VIH ou d&#8217;autres patients dont le syst\u00e8me immunitaire est affaibli.<\/p>\n<p><strong>DIN 02495988<\/strong><br \/>\n\u200b<br \/>\n[fusion_table]<\/p>\n<div class=\"table-1\">\n<table width=\"100%\">\n<thead style=\"background-color: blue;\">\n<tr>\n<th style=\"color: white;\" align=\"left\">CODE<\/th>\n<th style=\"color: white;\" align=\"left\">TYPE<\/th>\n<th style=\"color: white;\" align=\"left\">FORMAT<\/th>\n<\/tr>\n<\/thead>\n<tbody>\n<tr>\n<td align=\"left\">15500<\/td>\n<td align=\"left\">Solution<\/td>\n<td align=\"left\">150 mL<\/td>\n<\/tr>\n<\/tbody>\n<\/table>\n<\/div>\n<p>[\/fusion_table]<\/p>\n","protected":false},"featured_media":3385,"template":"","meta":{"_exactmetrics_skip_tracking":false,"_exactmetrics_sitenote_active":false,"_exactmetrics_sitenote_note":"","_exactmetrics_sitenote_category":0,"jetpack_post_was_ever_published":false},"product_brand":[],"product_cat":[67],"product_tag":[],"class_list":{"0":"post-3382","1":"product","2":"type-product","3":"status-publish","4":"has-post-thumbnail","6":"product_cat-generique","7":"product-grid-view","9":"first","10":"instock","11":"taxable","12":"shipping-taxable","13":"product-type-simple"},"yoast_head":"<!-- This site is optimized with the Yoast SEO plugin v27.0 - https:\/\/yoast.com\/product\/yoast-seo-wordpress\/ -->\n<title>ODAN ITRACONAZOLE SOLUTION ORALE - 10 mg\/mL - Odan Laboratories Ltd.<\/title>\n<meta name=\"robots\" content=\"index, follow, max-snippet:-1, max-image-preview:large, max-video-preview:-1\" \/>\n<link rel=\"canonical\" href=\"https:\/\/odanlab.com\/fr\/produit\/odan-itraconazole-oral-solution-10-mg-ml\/\" \/>\n<meta property=\"og:locale\" content=\"fr_FR\" \/>\n<meta property=\"og:type\" content=\"article\" \/>\n<meta property=\"og:title\" content=\"ODAN ITRACONAZOLE SOLUTION ORALE - 10 mg\/mL - Odan Laboratories Ltd.\" \/>\n<meta property=\"og:description\" content=\"Agent antifongique  ODAN ITRACONAZOLE est un m\u00e9dicament sur ordonnance utilis\u00e9 pour traiter des infections fongiques de la bouche et de la gorge chez les patients adultes s\u00e9ropositifs au VIH ou d&#039;autres patients dont le syst\u00e8me immunitaire est affaibli.  DIN 02495988 \u200b\" \/>\n<meta property=\"og:url\" content=\"https:\/\/odanlab.com\/fr\/produit\/odan-itraconazole-oral-solution-10-mg-ml\/\" \/>\n<meta property=\"og:site_name\" content=\"Odan Laboratories Ltd.\" \/>\n<meta property=\"article:publisher\" content=\"https:\/\/www.facebook.com\/odanlab\/\" \/>\n<meta property=\"article:modified_time\" content=\"2020-09-01T01:44:07+00:00\" \/>\n<meta property=\"og:image\" content=\"https:\/\/odanlab.com\/wp-content\/uploads\/2020\/08\/oralitra1.jpg\" \/>\n\t<meta property=\"og:image:width\" content=\"233\" \/>\n\t<meta property=\"og:image:height\" content=\"516\" \/>\n\t<meta property=\"og:image:type\" content=\"image\/jpeg\" \/>\n<meta name=\"twitter:card\" content=\"summary_large_image\" \/>\n<script type=\"application\/ld+json\" class=\"yoast-schema-graph\">{\"@context\":\"https:\/\/schema.org\",\"@graph\":[{\"@type\":\"WebPage\",\"@id\":\"https:\/\/odanlab.com\/fr\/produit\/odan-itraconazole-oral-solution-10-mg-ml\/\",\"url\":\"https:\/\/odanlab.com\/fr\/produit\/odan-itraconazole-oral-solution-10-mg-ml\/\",\"name\":\"ODAN ITRACONAZOLE SOLUTION ORALE - 10 mg\/mL - Odan Laboratories Ltd.\",\"isPartOf\":{\"@id\":\"https:\/\/odanlab.com\/#website\"},\"primaryImageOfPage\":{\"@id\":\"https:\/\/odanlab.com\/fr\/produit\/odan-itraconazole-oral-solution-10-mg-ml\/#primaryimage\"},\"image\":{\"@id\":\"https:\/\/odanlab.com\/fr\/produit\/odan-itraconazole-oral-solution-10-mg-ml\/#primaryimage\"},\"thumbnailUrl\":\"https:\/\/odanlab.com\/wp-content\/uploads\/2020\/08\/oralitra1.jpg\",\"datePublished\":\"2020-09-01T01:07:03+00:00\",\"dateModified\":\"2020-09-01T01:44:07+00:00\",\"breadcrumb\":{\"@id\":\"https:\/\/odanlab.com\/fr\/produit\/odan-itraconazole-oral-solution-10-mg-ml\/#breadcrumb\"},\"inLanguage\":\"fr-FR\",\"potentialAction\":[{\"@type\":\"ReadAction\",\"target\":[\"https:\/\/odanlab.com\/fr\/produit\/odan-itraconazole-oral-solution-10-mg-ml\/\"]}]},{\"@type\":\"ImageObject\",\"inLanguage\":\"fr-FR\",\"@id\":\"https:\/\/odanlab.com\/fr\/produit\/odan-itraconazole-oral-solution-10-mg-ml\/#primaryimage\",\"url\":\"https:\/\/odanlab.com\/wp-content\/uploads\/2020\/08\/oralitra1.jpg\",\"contentUrl\":\"https:\/\/odanlab.com\/wp-content\/uploads\/2020\/08\/oralitra1.jpg\",\"width\":233,\"height\":516,\"caption\":\"Odan Otraconazole\"},{\"@type\":\"BreadcrumbList\",\"@id\":\"https:\/\/odanlab.com\/fr\/produit\/odan-itraconazole-oral-solution-10-mg-ml\/#breadcrumb\",\"itemListElement\":[{\"@type\":\"ListItem\",\"position\":1,\"name\":\"Home\",\"item\":\"https:\/\/odanlab.com\/fr\/\"},{\"@type\":\"ListItem\",\"position\":2,\"name\":\"Products\",\"item\":\"https:\/\/odanlab.com\/shop\/\"},{\"@type\":\"ListItem\",\"position\":3,\"name\":\"ODAN ITRACONAZOLE SOLUTION ORALE &#8211; 10 mg\/mL\"}]},{\"@type\":\"WebSite\",\"@id\":\"https:\/\/odanlab.com\/#website\",\"url\":\"https:\/\/odanlab.com\/\",\"name\":\"Odan Laboratories Ltd.\",\"description\":\"The Leader in Specialty Generic Pharmaceutical Products\",\"potentialAction\":[{\"@type\":\"SearchAction\",\"target\":{\"@type\":\"EntryPoint\",\"urlTemplate\":\"https:\/\/odanlab.com\/?s={search_term_string}\"},\"query-input\":{\"@type\":\"PropertyValueSpecification\",\"valueRequired\":true,\"valueName\":\"search_term_string\"}}],\"inLanguage\":\"fr-FR\"}]}<\/script>\n<!-- \/ Yoast SEO plugin. -->","yoast_head_json":{"title":"ODAN ITRACONAZOLE SOLUTION ORALE - 10 mg\/mL - Odan Laboratories Ltd.","robots":{"index":"index","follow":"follow","max-snippet":"max-snippet:-1","max-image-preview":"max-image-preview:large","max-video-preview":"max-video-preview:-1"},"canonical":"https:\/\/odanlab.com\/fr\/produit\/odan-itraconazole-oral-solution-10-mg-ml\/","og_locale":"fr_FR","og_type":"article","og_title":"ODAN ITRACONAZOLE SOLUTION ORALE - 10 mg\/mL - Odan Laboratories Ltd.","og_description":"Agent antifongique  ODAN ITRACONAZOLE est un m\u00e9dicament sur ordonnance utilis\u00e9 pour traiter des infections fongiques de la bouche et de la gorge chez les patients adultes s\u00e9ropositifs au VIH ou d'autres patients dont le syst\u00e8me immunitaire est affaibli.  DIN 02495988 \u200b","og_url":"https:\/\/odanlab.com\/fr\/produit\/odan-itraconazole-oral-solution-10-mg-ml\/","og_site_name":"Odan Laboratories Ltd.","article_publisher":"https:\/\/www.facebook.com\/odanlab\/","article_modified_time":"2020-09-01T01:44:07+00:00","og_image":[{"width":233,"height":516,"url":"https:\/\/odanlab.com\/wp-content\/uploads\/2020\/08\/oralitra1.jpg","type":"image\/jpeg"}],"twitter_card":"summary_large_image","schema":{"@context":"https:\/\/schema.org","@graph":[{"@type":"WebPage","@id":"https:\/\/odanlab.com\/fr\/produit\/odan-itraconazole-oral-solution-10-mg-ml\/","url":"https:\/\/odanlab.com\/fr\/produit\/odan-itraconazole-oral-solution-10-mg-ml\/","name":"ODAN ITRACONAZOLE SOLUTION ORALE - 10 mg\/mL - Odan Laboratories Ltd.","isPartOf":{"@id":"https:\/\/odanlab.com\/#website"},"primaryImageOfPage":{"@id":"https:\/\/odanlab.com\/fr\/produit\/odan-itraconazole-oral-solution-10-mg-ml\/#primaryimage"},"image":{"@id":"https:\/\/odanlab.com\/fr\/produit\/odan-itraconazole-oral-solution-10-mg-ml\/#primaryimage"},"thumbnailUrl":"https:\/\/odanlab.com\/wp-content\/uploads\/2020\/08\/oralitra1.jpg","datePublished":"2020-09-01T01:07:03+00:00","dateModified":"2020-09-01T01:44:07+00:00","breadcrumb":{"@id":"https:\/\/odanlab.com\/fr\/produit\/odan-itraconazole-oral-solution-10-mg-ml\/#breadcrumb"},"inLanguage":"fr-FR","potentialAction":[{"@type":"ReadAction","target":["https:\/\/odanlab.com\/fr\/produit\/odan-itraconazole-oral-solution-10-mg-ml\/"]}]},{"@type":"ImageObject","inLanguage":"fr-FR","@id":"https:\/\/odanlab.com\/fr\/produit\/odan-itraconazole-oral-solution-10-mg-ml\/#primaryimage","url":"https:\/\/odanlab.com\/wp-content\/uploads\/2020\/08\/oralitra1.jpg","contentUrl":"https:\/\/odanlab.com\/wp-content\/uploads\/2020\/08\/oralitra1.jpg","width":233,"height":516,"caption":"Odan Otraconazole"},{"@type":"BreadcrumbList","@id":"https:\/\/odanlab.com\/fr\/produit\/odan-itraconazole-oral-solution-10-mg-ml\/#breadcrumb","itemListElement":[{"@type":"ListItem","position":1,"name":"Home","item":"https:\/\/odanlab.com\/fr\/"},{"@type":"ListItem","position":2,"name":"Products","item":"https:\/\/odanlab.com\/shop\/"},{"@type":"ListItem","position":3,"name":"ODAN ITRACONAZOLE SOLUTION ORALE &#8211; 10 mg\/mL"}]},{"@type":"WebSite","@id":"https:\/\/odanlab.com\/#website","url":"https:\/\/odanlab.com\/","name":"Odan Laboratories Ltd.","description":"The Leader in Specialty Generic Pharmaceutical Products","potentialAction":[{"@type":"SearchAction","target":{"@type":"EntryPoint","urlTemplate":"https:\/\/odanlab.com\/?s={search_term_string}"},"query-input":{"@type":"PropertyValueSpecification","valueRequired":true,"valueName":"search_term_string"}}],"inLanguage":"fr-FR"}]}},"jetpack_sharing_enabled":true,"_links":{"self":[{"href":"https:\/\/odanlab.com\/fr\/wp-json\/wp\/v2\/product\/3382","targetHints":{"allow":["GET"]}}],"collection":[{"href":"https:\/\/odanlab.com\/fr\/wp-json\/wp\/v2\/product"}],"about":[{"href":"https:\/\/odanlab.com\/fr\/wp-json\/wp\/v2\/types\/product"}],"wp:featuredmedia":[{"embeddable":true,"href":"https:\/\/odanlab.com\/fr\/wp-json\/wp\/v2\/media\/3385"}],"wp:attachment":[{"href":"https:\/\/odanlab.com\/fr\/wp-json\/wp\/v2\/media?parent=3382"}],"wp:term":[{"taxonomy":"product_brand","embeddable":true,"href":"https:\/\/odanlab.com\/fr\/wp-json\/wp\/v2\/product_brand?post=3382"},{"taxonomy":"product_cat","embeddable":true,"href":"https:\/\/odanlab.com\/fr\/wp-json\/wp\/v2\/product_cat?post=3382"},{"taxonomy":"product_tag","embeddable":true,"href":"https:\/\/odanlab.com\/fr\/wp-json\/wp\/v2\/product_tag?post=3382"}],"curies":[{"name":"wp","href":"https:\/\/api.w.org\/{rel}","templated":true}]}}