{"id":3047,"date":"2019-11-04T16:32:03","date_gmt":"2019-11-04T21:32:02","guid":{"rendered":"https:\/\/odanlab.com\/?post_type=product&#038;p=3047"},"modified":"2019-11-04T17:21:32","modified_gmt":"2019-11-04T22:21:32","slug":"odan-potassium-chloride","status":"publish","type":"product","link":"https:\/\/odanlab.com\/fr\/produit\/odan-potassium-chloride\/","title":{"rendered":"ODAN POTASSIUM CHLORIDE"},"content":{"rendered":"","protected":false},"excerpt":{"rendered":"<p><span style=\"font-size: 20px;\">Traitement de l&#8217;alcalose m\u00e9tabolique<\/span><\/p>\n<p>Indiqu\u00e9 pour le traitement ou la pr\u00e9vention de l&#8217;hypokali\u00e9mie (\u00e9puisement du potassium) qui ne r\u00e9sulte pas d&#8217;une carence alimentaire. Utilis\u00e9 pour le traitement de la toxicit\u00e9 digitalis et comme th\u00e9rapie de remplacement de potassium ou comme r\u00e9approvisionneur d&#8217;\u00e9lectrolyte.<\/p>\n<p><strong>PSN 80046782<\/strong><br \/>\n\u200b<br \/>\n[fusion_table]<\/p>\n<div class=\"table-1\">\n<table width=\"100%\">\n<thead style=\"background-color: blue;\">\n<tr>\n<th style=\"color: white;\" align=\"left\">CODE<\/th>\n<th style=\"color: white;\" align=\"left\">TYPE<\/th>\n<th style=\"color: white;\" align=\"left\">FORMAT<\/th>\n<\/tr>\n<\/thead>\n<tbody>\n<tr>\n<td align=\"left\">58600<\/td>\n<td align=\"left\">Solution orale<\/td>\n<td align=\"left\">500 mL<\/td>\n<\/tr>\n<\/tbody>\n<\/table>\n<\/div>\n<p>[\/fusion_table]<\/p>\n","protected":false},"featured_media":3051,"template":"","meta":{"_exactmetrics_skip_tracking":false,"_exactmetrics_sitenote_active":false,"_exactmetrics_sitenote_note":"","_exactmetrics_sitenote_category":0,"jetpack_post_was_ever_published":false},"product_brand":[],"product_cat":[67],"product_tag":[],"class_list":{"0":"post-3047","1":"product","2":"type-product","3":"status-publish","4":"has-post-thumbnail","6":"product_cat-generique","7":"product-grid-view","9":"first","10":"instock","11":"taxable","12":"shipping-taxable","13":"product-type-variable"},"yoast_head":"<!-- This site is optimized with the Yoast SEO plugin v27.0 - https:\/\/yoast.com\/product\/yoast-seo-wordpress\/ -->\n<title>ODAN POTASSIUM CHLORIDE - Odan Laboratories Ltd.<\/title>\n<meta name=\"robots\" content=\"index, follow, max-snippet:-1, max-image-preview:large, max-video-preview:-1\" \/>\n<link rel=\"canonical\" href=\"https:\/\/odanlab.com\/fr\/produit\/odan-potassium-chloride\/\" \/>\n<meta property=\"og:locale\" content=\"fr_FR\" \/>\n<meta property=\"og:type\" content=\"article\" \/>\n<meta property=\"og:title\" content=\"ODAN POTASSIUM CHLORIDE - Odan Laboratories Ltd.\" \/>\n<meta property=\"og:description\" content=\"Traitement de l&#039;alcalose m\u00e9tabolique Indiqu\u00e9 pour le traitement ou la pr\u00e9vention de l&#039;hypokali\u00e9mie (\u00e9puisement du potassium) qui ne r\u00e9sulte pas d&#039;une carence alimentaire. Utilis\u00e9 pour le traitement de la toxicit\u00e9 digitalis et comme th\u00e9rapie de remplacement de potassium ou comme r\u00e9approvisionneur d&#039;\u00e9lectrolyte. PSN 80046782 \u200b\" \/>\n<meta property=\"og:url\" content=\"https:\/\/odanlab.com\/fr\/produit\/odan-potassium-chloride\/\" \/>\n<meta property=\"og:site_name\" content=\"Odan Laboratories Ltd.\" \/>\n<meta property=\"article:publisher\" content=\"https:\/\/www.facebook.com\/odanlab\/\" \/>\n<meta property=\"article:modified_time\" content=\"2019-11-04T22:21:32+00:00\" \/>\n<meta property=\"og:image\" content=\"https:\/\/odanlab.com\/wp-content\/uploads\/2019\/11\/POTASSIUM-CHLORIDE_800x800.png\" \/>\n\t<meta property=\"og:image:width\" content=\"800\" \/>\n\t<meta property=\"og:image:height\" content=\"800\" \/>\n\t<meta property=\"og:image:type\" content=\"image\/png\" \/>\n<meta name=\"twitter:card\" content=\"summary_large_image\" \/>\n<script type=\"application\/ld+json\" class=\"yoast-schema-graph\">{\"@context\":\"https:\/\/schema.org\",\"@graph\":[{\"@type\":\"WebPage\",\"@id\":\"https:\/\/odanlab.com\/fr\/produit\/odan-potassium-chloride\/\",\"url\":\"https:\/\/odanlab.com\/fr\/produit\/odan-potassium-chloride\/\",\"name\":\"ODAN POTASSIUM CHLORIDE - Odan Laboratories Ltd.\",\"isPartOf\":{\"@id\":\"https:\/\/odanlab.com\/#website\"},\"primaryImageOfPage\":{\"@id\":\"https:\/\/odanlab.com\/fr\/produit\/odan-potassium-chloride\/#primaryimage\"},\"image\":{\"@id\":\"https:\/\/odanlab.com\/fr\/produit\/odan-potassium-chloride\/#primaryimage\"},\"thumbnailUrl\":\"https:\/\/odanlab.com\/wp-content\/uploads\/2019\/11\/POTASSIUM-CHLORIDE_800x800.png\",\"datePublished\":\"2019-11-04T21:32:02+00:00\",\"dateModified\":\"2019-11-04T22:21:32+00:00\",\"breadcrumb\":{\"@id\":\"https:\/\/odanlab.com\/fr\/produit\/odan-potassium-chloride\/#breadcrumb\"},\"inLanguage\":\"fr-FR\",\"potentialAction\":[{\"@type\":\"ReadAction\",\"target\":[\"https:\/\/odanlab.com\/fr\/produit\/odan-potassium-chloride\/\"]}]},{\"@type\":\"ImageObject\",\"inLanguage\":\"fr-FR\",\"@id\":\"https:\/\/odanlab.com\/fr\/produit\/odan-potassium-chloride\/#primaryimage\",\"url\":\"https:\/\/odanlab.com\/wp-content\/uploads\/2019\/11\/POTASSIUM-CHLORIDE_800x800.png\",\"contentUrl\":\"https:\/\/odanlab.com\/wp-content\/uploads\/2019\/11\/POTASSIUM-CHLORIDE_800x800.png\",\"width\":800,\"height\":800},{\"@type\":\"BreadcrumbList\",\"@id\":\"https:\/\/odanlab.com\/fr\/produit\/odan-potassium-chloride\/#breadcrumb\",\"itemListElement\":[{\"@type\":\"ListItem\",\"position\":1,\"name\":\"Home\",\"item\":\"https:\/\/odanlab.com\/fr\/\"},{\"@type\":\"ListItem\",\"position\":2,\"name\":\"Products\",\"item\":\"https:\/\/odanlab.com\/shop\/\"},{\"@type\":\"ListItem\",\"position\":3,\"name\":\"ODAN POTASSIUM CHLORIDE\"}]},{\"@type\":\"WebSite\",\"@id\":\"https:\/\/odanlab.com\/#website\",\"url\":\"https:\/\/odanlab.com\/\",\"name\":\"Odan Laboratories Ltd.\",\"description\":\"The Leader in Specialty Generic Pharmaceutical Products\",\"potentialAction\":[{\"@type\":\"SearchAction\",\"target\":{\"@type\":\"EntryPoint\",\"urlTemplate\":\"https:\/\/odanlab.com\/?s={search_term_string}\"},\"query-input\":{\"@type\":\"PropertyValueSpecification\",\"valueRequired\":true,\"valueName\":\"search_term_string\"}}],\"inLanguage\":\"fr-FR\"}]}<\/script>\n<!-- \/ Yoast SEO plugin. -->","yoast_head_json":{"title":"ODAN POTASSIUM CHLORIDE - Odan Laboratories Ltd.","robots":{"index":"index","follow":"follow","max-snippet":"max-snippet:-1","max-image-preview":"max-image-preview:large","max-video-preview":"max-video-preview:-1"},"canonical":"https:\/\/odanlab.com\/fr\/produit\/odan-potassium-chloride\/","og_locale":"fr_FR","og_type":"article","og_title":"ODAN POTASSIUM CHLORIDE - Odan Laboratories Ltd.","og_description":"Traitement de l'alcalose m\u00e9tabolique Indiqu\u00e9 pour le traitement ou la pr\u00e9vention de l'hypokali\u00e9mie (\u00e9puisement du potassium) qui ne r\u00e9sulte pas d'une carence alimentaire. Utilis\u00e9 pour le traitement de la toxicit\u00e9 digitalis et comme th\u00e9rapie de remplacement de potassium ou comme r\u00e9approvisionneur d'\u00e9lectrolyte. PSN 80046782 \u200b","og_url":"https:\/\/odanlab.com\/fr\/produit\/odan-potassium-chloride\/","og_site_name":"Odan Laboratories Ltd.","article_publisher":"https:\/\/www.facebook.com\/odanlab\/","article_modified_time":"2019-11-04T22:21:32+00:00","og_image":[{"width":800,"height":800,"url":"https:\/\/odanlab.com\/wp-content\/uploads\/2019\/11\/POTASSIUM-CHLORIDE_800x800.png","type":"image\/png"}],"twitter_card":"summary_large_image","schema":{"@context":"https:\/\/schema.org","@graph":[{"@type":"WebPage","@id":"https:\/\/odanlab.com\/fr\/produit\/odan-potassium-chloride\/","url":"https:\/\/odanlab.com\/fr\/produit\/odan-potassium-chloride\/","name":"ODAN POTASSIUM CHLORIDE - Odan Laboratories Ltd.","isPartOf":{"@id":"https:\/\/odanlab.com\/#website"},"primaryImageOfPage":{"@id":"https:\/\/odanlab.com\/fr\/produit\/odan-potassium-chloride\/#primaryimage"},"image":{"@id":"https:\/\/odanlab.com\/fr\/produit\/odan-potassium-chloride\/#primaryimage"},"thumbnailUrl":"https:\/\/odanlab.com\/wp-content\/uploads\/2019\/11\/POTASSIUM-CHLORIDE_800x800.png","datePublished":"2019-11-04T21:32:02+00:00","dateModified":"2019-11-04T22:21:32+00:00","breadcrumb":{"@id":"https:\/\/odanlab.com\/fr\/produit\/odan-potassium-chloride\/#breadcrumb"},"inLanguage":"fr-FR","potentialAction":[{"@type":"ReadAction","target":["https:\/\/odanlab.com\/fr\/produit\/odan-potassium-chloride\/"]}]},{"@type":"ImageObject","inLanguage":"fr-FR","@id":"https:\/\/odanlab.com\/fr\/produit\/odan-potassium-chloride\/#primaryimage","url":"https:\/\/odanlab.com\/wp-content\/uploads\/2019\/11\/POTASSIUM-CHLORIDE_800x800.png","contentUrl":"https:\/\/odanlab.com\/wp-content\/uploads\/2019\/11\/POTASSIUM-CHLORIDE_800x800.png","width":800,"height":800},{"@type":"BreadcrumbList","@id":"https:\/\/odanlab.com\/fr\/produit\/odan-potassium-chloride\/#breadcrumb","itemListElement":[{"@type":"ListItem","position":1,"name":"Home","item":"https:\/\/odanlab.com\/fr\/"},{"@type":"ListItem","position":2,"name":"Products","item":"https:\/\/odanlab.com\/shop\/"},{"@type":"ListItem","position":3,"name":"ODAN POTASSIUM CHLORIDE"}]},{"@type":"WebSite","@id":"https:\/\/odanlab.com\/#website","url":"https:\/\/odanlab.com\/","name":"Odan Laboratories Ltd.","description":"The Leader in Specialty Generic Pharmaceutical Products","potentialAction":[{"@type":"SearchAction","target":{"@type":"EntryPoint","urlTemplate":"https:\/\/odanlab.com\/?s={search_term_string}"},"query-input":{"@type":"PropertyValueSpecification","valueRequired":true,"valueName":"search_term_string"}}],"inLanguage":"fr-FR"}]}},"jetpack_sharing_enabled":true,"_links":{"self":[{"href":"https:\/\/odanlab.com\/fr\/wp-json\/wp\/v2\/product\/3047","targetHints":{"allow":["GET"]}}],"collection":[{"href":"https:\/\/odanlab.com\/fr\/wp-json\/wp\/v2\/product"}],"about":[{"href":"https:\/\/odanlab.com\/fr\/wp-json\/wp\/v2\/types\/product"}],"wp:featuredmedia":[{"embeddable":true,"href":"https:\/\/odanlab.com\/fr\/wp-json\/wp\/v2\/media\/3051"}],"wp:attachment":[{"href":"https:\/\/odanlab.com\/fr\/wp-json\/wp\/v2\/media?parent=3047"}],"wp:term":[{"taxonomy":"product_brand","embeddable":true,"href":"https:\/\/odanlab.com\/fr\/wp-json\/wp\/v2\/product_brand?post=3047"},{"taxonomy":"product_cat","embeddable":true,"href":"https:\/\/odanlab.com\/fr\/wp-json\/wp\/v2\/product_cat?post=3047"},{"taxonomy":"product_tag","embeddable":true,"href":"https:\/\/odanlab.com\/fr\/wp-json\/wp\/v2\/product_tag?post=3047"}],"curies":[{"name":"wp","href":"https:\/\/api.w.org\/{rel}","templated":true}]}}