{"id":1456,"date":"2018-07-11T14:57:28","date_gmt":"2018-07-11T14:57:28","guid":{"rendered":"https:\/\/odan.odanlabdev.ca\/product\/urisec-eczema\/"},"modified":"2018-09-17T13:30:21","modified_gmt":"2018-09-17T13:30:21","slug":"urisec-eczema","status":"publish","type":"product","link":"https:\/\/odanlab.com\/fr\/produit\/urisec-eczema\/","title":{"rendered":"URISEC<sup>MD<\/sup> Cr\u00e8me ecz\u00e9ma 0,5%"},"content":{"rendered":"","protected":false},"excerpt":{"rendered":"<p><span style=\"font-size: 20px;\">Antiprurigineux, Anti-d\u00e9mangeaisons<\/span><\/p>\n<p>Une formule unique contenant de l&#8217;hydrocortisone, de l&#8217;ur\u00e9e 10%, du bisabolol et des agents hydratants pour soulager les irritations cutan\u00e9es associ\u00e9es \u00e0 l&#8217;ecz\u00e9ma, la dermatite de contact, le psoriasis, les piq\u00fbres d&#8217;insectes, les d\u00e9mangeaisons g\u00e9nitales, les d\u00e9mangeaisons dues aux h\u00e9morro\u00efdes et bien plus.<br \/>\n\u200b<br \/>\n<strong>NPN 80056706<\/strong><\/p>\n[fusion_table]<\/p>\n<div class=\"table-1\">\n<table width=\"100%\">\n<thead style=\"background-color: blue;\">\n<tr>\n<th style=\"color: white;\" align=\"left\">CODE<\/th>\n<th style=\"color: white;\" align=\"left\">FORMAT<\/th>\n<\/tr>\n<\/thead>\n<tbody>\n<tr>\n<td align=\"left\">22810<\/td>\n<td align=\"left\">30 g<\/td>\n<\/tr>\n<\/tbody>\n<\/table>\n<\/div>\n<p>[\/fusion_table]\n","protected":false},"featured_media":1058,"template":"","meta":{"_exactmetrics_skip_tracking":false,"_exactmetrics_sitenote_active":false,"_exactmetrics_sitenote_note":"","_exactmetrics_sitenote_category":0,"jetpack_post_was_ever_published":false},"product_brand":[],"product_cat":[25],"product_tag":[],"class_list":{"0":"post-1456","1":"product","2":"type-product","3":"status-publish","4":"has-post-thumbnail","6":"product_cat-dermatologie","7":"product-grid-view","9":"first","10":"instock","11":"taxable","12":"shipping-taxable","13":"product-type-simple"},"yoast_head":"<!-- This site is optimized with the Yoast SEO plugin v27.0 - https:\/\/yoast.com\/product\/yoast-seo-wordpress\/ -->\n<title>URISECMD Cr\u00e8me ecz\u00e9ma 0,5% - Odan Laboratories Ltd.<\/title>\n<meta name=\"robots\" content=\"index, follow, max-snippet:-1, max-image-preview:large, max-video-preview:-1\" \/>\n<link rel=\"canonical\" href=\"https:\/\/odanlab.com\/fr\/produit\/urisec-eczema\/\" \/>\n<meta property=\"og:locale\" content=\"fr_FR\" \/>\n<meta property=\"og:type\" content=\"article\" \/>\n<meta property=\"og:title\" content=\"URISECMD Cr\u00e8me ecz\u00e9ma 0,5% - Odan Laboratories Ltd.\" \/>\n<meta property=\"og:description\" content=\"Antiprurigineux, Anti-d\u00e9mangeaisons  Une formule unique contenant de l&#039;hydrocortisone, de l&#039;ur\u00e9e 10%, du bisabolol et des agents hydratants pour soulager les irritations cutan\u00e9es associ\u00e9es \u00e0 l&#039;ecz\u00e9ma, la dermatite de contact, le psoriasis, les piq\u00fbres d&#039;insectes, les d\u00e9mangeaisons g\u00e9nitales, les d\u00e9mangeaisons dues aux h\u00e9morro\u00efdes et bien plus. \u200b NPN 80056706\" \/>\n<meta property=\"og:url\" content=\"https:\/\/odanlab.com\/fr\/produit\/urisec-eczema\/\" \/>\n<meta property=\"og:site_name\" content=\"Odan Laboratories Ltd.\" \/>\n<meta property=\"article:publisher\" content=\"https:\/\/www.facebook.com\/odanlab\/\" \/>\n<meta property=\"article:modified_time\" content=\"2018-09-17T13:30:21+00:00\" \/>\n<meta property=\"og:image\" content=\"https:\/\/odanlab.com\/wp-content\/uploads\/2018\/07\/Urisec-Eczema-800x800.png\" \/>\n\t<meta property=\"og:image:width\" content=\"800\" \/>\n\t<meta property=\"og:image:height\" content=\"800\" \/>\n\t<meta property=\"og:image:type\" content=\"image\/png\" \/>\n<meta name=\"twitter:card\" content=\"summary_large_image\" \/>\n<script type=\"application\/ld+json\" class=\"yoast-schema-graph\">{\"@context\":\"https:\/\/schema.org\",\"@graph\":[{\"@type\":\"WebPage\",\"@id\":\"https:\/\/odanlab.com\/fr\/produit\/urisec-eczema\/\",\"url\":\"https:\/\/odanlab.com\/fr\/produit\/urisec-eczema\/\",\"name\":\"URISECMD Cr\u00e8me ecz\u00e9ma 0,5% - Odan Laboratories Ltd.\",\"isPartOf\":{\"@id\":\"https:\/\/odanlab.com\/#website\"},\"primaryImageOfPage\":{\"@id\":\"https:\/\/odanlab.com\/fr\/produit\/urisec-eczema\/#primaryimage\"},\"image\":{\"@id\":\"https:\/\/odanlab.com\/fr\/produit\/urisec-eczema\/#primaryimage\"},\"thumbnailUrl\":\"https:\/\/odanlab.com\/wp-content\/uploads\/2018\/07\/Urisec-Eczema-800x800.png\",\"datePublished\":\"2018-07-11T14:57:28+00:00\",\"dateModified\":\"2018-09-17T13:30:21+00:00\",\"breadcrumb\":{\"@id\":\"https:\/\/odanlab.com\/fr\/produit\/urisec-eczema\/#breadcrumb\"},\"inLanguage\":\"fr-FR\",\"potentialAction\":[{\"@type\":\"ReadAction\",\"target\":[\"https:\/\/odanlab.com\/fr\/produit\/urisec-eczema\/\"]}]},{\"@type\":\"ImageObject\",\"inLanguage\":\"fr-FR\",\"@id\":\"https:\/\/odanlab.com\/fr\/produit\/urisec-eczema\/#primaryimage\",\"url\":\"https:\/\/odanlab.com\/wp-content\/uploads\/2018\/07\/Urisec-Eczema-800x800.png\",\"contentUrl\":\"https:\/\/odanlab.com\/wp-content\/uploads\/2018\/07\/Urisec-Eczema-800x800.png\",\"width\":800,\"height\":800},{\"@type\":\"BreadcrumbList\",\"@id\":\"https:\/\/odanlab.com\/fr\/produit\/urisec-eczema\/#breadcrumb\",\"itemListElement\":[{\"@type\":\"ListItem\",\"position\":1,\"name\":\"Home\",\"item\":\"https:\/\/odanlab.com\/fr\/\"},{\"@type\":\"ListItem\",\"position\":2,\"name\":\"Products\",\"item\":\"https:\/\/odanlab.com\/shop\/\"},{\"@type\":\"ListItem\",\"position\":3,\"name\":\"URISECMD Cr\u00e8me ecz\u00e9ma 0,5%\"}]},{\"@type\":\"WebSite\",\"@id\":\"https:\/\/odanlab.com\/#website\",\"url\":\"https:\/\/odanlab.com\/\",\"name\":\"Odan Laboratories Ltd.\",\"description\":\"The Leader in Specialty Generic Pharmaceutical Products\",\"potentialAction\":[{\"@type\":\"SearchAction\",\"target\":{\"@type\":\"EntryPoint\",\"urlTemplate\":\"https:\/\/odanlab.com\/?s={search_term_string}\"},\"query-input\":{\"@type\":\"PropertyValueSpecification\",\"valueRequired\":true,\"valueName\":\"search_term_string\"}}],\"inLanguage\":\"fr-FR\"}]}<\/script>\n<!-- \/ Yoast SEO plugin. -->","yoast_head_json":{"title":"URISECMD Cr\u00e8me ecz\u00e9ma 0,5% - Odan Laboratories Ltd.","robots":{"index":"index","follow":"follow","max-snippet":"max-snippet:-1","max-image-preview":"max-image-preview:large","max-video-preview":"max-video-preview:-1"},"canonical":"https:\/\/odanlab.com\/fr\/produit\/urisec-eczema\/","og_locale":"fr_FR","og_type":"article","og_title":"URISECMD Cr\u00e8me ecz\u00e9ma 0,5% - Odan Laboratories Ltd.","og_description":"Antiprurigineux, Anti-d\u00e9mangeaisons  Une formule unique contenant de l'hydrocortisone, de l'ur\u00e9e 10%, du bisabolol et des agents hydratants pour soulager les irritations cutan\u00e9es associ\u00e9es \u00e0 l'ecz\u00e9ma, la dermatite de contact, le psoriasis, les piq\u00fbres d'insectes, les d\u00e9mangeaisons g\u00e9nitales, les d\u00e9mangeaisons dues aux h\u00e9morro\u00efdes et bien plus. \u200b NPN 80056706","og_url":"https:\/\/odanlab.com\/fr\/produit\/urisec-eczema\/","og_site_name":"Odan Laboratories Ltd.","article_publisher":"https:\/\/www.facebook.com\/odanlab\/","article_modified_time":"2018-09-17T13:30:21+00:00","og_image":[{"width":800,"height":800,"url":"https:\/\/odanlab.com\/wp-content\/uploads\/2018\/07\/Urisec-Eczema-800x800.png","type":"image\/png"}],"twitter_card":"summary_large_image","schema":{"@context":"https:\/\/schema.org","@graph":[{"@type":"WebPage","@id":"https:\/\/odanlab.com\/fr\/produit\/urisec-eczema\/","url":"https:\/\/odanlab.com\/fr\/produit\/urisec-eczema\/","name":"URISECMD Cr\u00e8me ecz\u00e9ma 0,5% - Odan Laboratories Ltd.","isPartOf":{"@id":"https:\/\/odanlab.com\/#website"},"primaryImageOfPage":{"@id":"https:\/\/odanlab.com\/fr\/produit\/urisec-eczema\/#primaryimage"},"image":{"@id":"https:\/\/odanlab.com\/fr\/produit\/urisec-eczema\/#primaryimage"},"thumbnailUrl":"https:\/\/odanlab.com\/wp-content\/uploads\/2018\/07\/Urisec-Eczema-800x800.png","datePublished":"2018-07-11T14:57:28+00:00","dateModified":"2018-09-17T13:30:21+00:00","breadcrumb":{"@id":"https:\/\/odanlab.com\/fr\/produit\/urisec-eczema\/#breadcrumb"},"inLanguage":"fr-FR","potentialAction":[{"@type":"ReadAction","target":["https:\/\/odanlab.com\/fr\/produit\/urisec-eczema\/"]}]},{"@type":"ImageObject","inLanguage":"fr-FR","@id":"https:\/\/odanlab.com\/fr\/produit\/urisec-eczema\/#primaryimage","url":"https:\/\/odanlab.com\/wp-content\/uploads\/2018\/07\/Urisec-Eczema-800x800.png","contentUrl":"https:\/\/odanlab.com\/wp-content\/uploads\/2018\/07\/Urisec-Eczema-800x800.png","width":800,"height":800},{"@type":"BreadcrumbList","@id":"https:\/\/odanlab.com\/fr\/produit\/urisec-eczema\/#breadcrumb","itemListElement":[{"@type":"ListItem","position":1,"name":"Home","item":"https:\/\/odanlab.com\/fr\/"},{"@type":"ListItem","position":2,"name":"Products","item":"https:\/\/odanlab.com\/shop\/"},{"@type":"ListItem","position":3,"name":"URISECMD Cr\u00e8me ecz\u00e9ma 0,5%"}]},{"@type":"WebSite","@id":"https:\/\/odanlab.com\/#website","url":"https:\/\/odanlab.com\/","name":"Odan Laboratories Ltd.","description":"The Leader in Specialty Generic Pharmaceutical Products","potentialAction":[{"@type":"SearchAction","target":{"@type":"EntryPoint","urlTemplate":"https:\/\/odanlab.com\/?s={search_term_string}"},"query-input":{"@type":"PropertyValueSpecification","valueRequired":true,"valueName":"search_term_string"}}],"inLanguage":"fr-FR"}]}},"jetpack_sharing_enabled":true,"_links":{"self":[{"href":"https:\/\/odanlab.com\/fr\/wp-json\/wp\/v2\/product\/1456","targetHints":{"allow":["GET"]}}],"collection":[{"href":"https:\/\/odanlab.com\/fr\/wp-json\/wp\/v2\/product"}],"about":[{"href":"https:\/\/odanlab.com\/fr\/wp-json\/wp\/v2\/types\/product"}],"wp:featuredmedia":[{"embeddable":true,"href":"https:\/\/odanlab.com\/fr\/wp-json\/wp\/v2\/media\/1058"}],"wp:attachment":[{"href":"https:\/\/odanlab.com\/fr\/wp-json\/wp\/v2\/media?parent=1456"}],"wp:term":[{"taxonomy":"product_brand","embeddable":true,"href":"https:\/\/odanlab.com\/fr\/wp-json\/wp\/v2\/product_brand?post=1456"},{"taxonomy":"product_cat","embeddable":true,"href":"https:\/\/odanlab.com\/fr\/wp-json\/wp\/v2\/product_cat?post=1456"},{"taxonomy":"product_tag","embeddable":true,"href":"https:\/\/odanlab.com\/fr\/wp-json\/wp\/v2\/product_tag?post=1456"}],"curies":[{"name":"wp","href":"https:\/\/api.w.org\/{rel}","templated":true}]}}