{"id":1447,"date":"2018-07-11T17:41:56","date_gmt":"2018-07-11T17:41:56","guid":{"rendered":"https:\/\/odan.odanlabdev.ca\/product\/suprax\/"},"modified":"2023-12-05T00:24:00","modified_gmt":"2023-12-05T05:24:00","slug":"suprax","status":"publish","type":"product","link":"https:\/\/odanlab.com\/fr\/produit\/suprax\/","title":{"rendered":"SUPRAX<sup>MD<\/sup> Comprim\u00e9s &#038; suspension orale"},"content":{"rendered":"","protected":false},"excerpt":{"rendered":"<p><span style=\"font-size: 20px;\">C\u00e9fixime<\/span><\/p>\n<p><strong>COMPRIM\u00c9S: DIN 00868981<\/strong><br \/>\n<strong>SUSPENSION ORALE: DIN 00868965<\/strong><br \/>\n\u200b<br \/>\n[fusion_table]<\/p>\n<div class=\"table-1\">\n<table width=\"100%\">\n<thead style=\"background-color: blue;\">\n<tr>\n<th style=\"color: white;\" align=\"left\">CODE<\/th>\n<th style=\"color: white;\" align=\"left\">TYPE<\/th>\n<th style=\"color: white;\" align=\"left\">FORMAT<\/th>\n<\/tr>\n<\/thead>\n<tbody>\n<tr>\n<td align=\"left\">50052<\/td>\n<td align=\"left\">Comprim\u00e9s<\/td>\n<td align=\"left\">7 x 400 mg<\/td>\n<\/tr>\n<tr>\n<td align=\"left\">50053<\/td>\n<td align=\"left\">Comprim\u00e9s<\/td>\n<td align=\"left\">10 x 400 mg<\/td>\n<\/tr>\n<tr>\n<td align=\"left\">50054<\/td>\n<td align=\"left\">Suspension orale 100 mg\/5mL<\/td>\n<td align=\"left\">50 mL<\/td>\n<\/tr>\n<\/tbody>\n<\/table>\n<\/div>\n<p>[\/fusion_table]<\/p>\n","protected":false},"featured_media":358192,"template":"","meta":{"_exactmetrics_skip_tracking":false,"_exactmetrics_sitenote_active":false,"_exactmetrics_sitenote_note":"","_exactmetrics_sitenote_category":0,"jetpack_post_was_ever_published":false},"product_brand":[],"product_cat":[67,69],"product_tag":[],"class_list":{"0":"post-1447","1":"product","2":"type-product","3":"status-publish","4":"has-post-thumbnail","6":"product_cat-generique","7":"product_cat-pharmaceutiques-specialises","8":"product-grid-view","10":"first","11":"instock","12":"taxable","13":"shipping-taxable","14":"product-type-variable"},"yoast_head":"<!-- This site is optimized with the Yoast SEO plugin v27.0 - https:\/\/yoast.com\/product\/yoast-seo-wordpress\/ -->\n<title>SUPRAXMD Comprim\u00e9s &amp; suspension orale - Odan Laboratories Ltd.<\/title>\n<meta name=\"robots\" content=\"index, follow, max-snippet:-1, max-image-preview:large, max-video-preview:-1\" \/>\n<link rel=\"canonical\" href=\"https:\/\/odanlab.com\/fr\/produit\/suprax\/\" \/>\n<meta property=\"og:locale\" content=\"fr_FR\" \/>\n<meta property=\"og:type\" content=\"article\" \/>\n<meta property=\"og:title\" content=\"SUPRAXMD Comprim\u00e9s &amp; suspension orale - Odan Laboratories Ltd.\" \/>\n<meta property=\"og:description\" content=\"C\u00e9fixime  COMPRIM\u00c9S: DIN 00868981 SUSPENSION ORALE: DIN 00868965 \u200b\" \/>\n<meta property=\"og:url\" content=\"https:\/\/odanlab.com\/fr\/produit\/suprax\/\" \/>\n<meta property=\"og:site_name\" content=\"Odan Laboratories Ltd.\" \/>\n<meta property=\"article:publisher\" content=\"https:\/\/www.facebook.com\/odanlab\/\" \/>\n<meta property=\"article:modified_time\" content=\"2023-12-05T05:24:00+00:00\" \/>\n<meta property=\"og:image\" content=\"https:\/\/odanlab.com\/wp-content\/uploads\/2018\/07\/SupraxGroup_web.jpg\" \/>\n\t<meta property=\"og:image:width\" content=\"1081\" \/>\n\t<meta property=\"og:image:height\" content=\"900\" \/>\n\t<meta property=\"og:image:type\" content=\"image\/jpeg\" \/>\n<meta name=\"twitter:card\" content=\"summary_large_image\" \/>\n<script type=\"application\/ld+json\" class=\"yoast-schema-graph\">{\"@context\":\"https:\/\/schema.org\",\"@graph\":[{\"@type\":\"WebPage\",\"@id\":\"https:\/\/odanlab.com\/fr\/produit\/suprax\/\",\"url\":\"https:\/\/odanlab.com\/fr\/produit\/suprax\/\",\"name\":\"SUPRAXMD Comprim\u00e9s & suspension orale - Odan Laboratories Ltd.\",\"isPartOf\":{\"@id\":\"https:\/\/odanlab.com\/#website\"},\"primaryImageOfPage\":{\"@id\":\"https:\/\/odanlab.com\/fr\/produit\/suprax\/#primaryimage\"},\"image\":{\"@id\":\"https:\/\/odanlab.com\/fr\/produit\/suprax\/#primaryimage\"},\"thumbnailUrl\":\"https:\/\/odanlab.com\/wp-content\/uploads\/2018\/07\/SupraxGroup_web.jpg\",\"datePublished\":\"2018-07-11T17:41:56+00:00\",\"dateModified\":\"2023-12-05T05:24:00+00:00\",\"breadcrumb\":{\"@id\":\"https:\/\/odanlab.com\/fr\/produit\/suprax\/#breadcrumb\"},\"inLanguage\":\"fr-FR\",\"potentialAction\":[{\"@type\":\"ReadAction\",\"target\":[\"https:\/\/odanlab.com\/fr\/produit\/suprax\/\"]}]},{\"@type\":\"ImageObject\",\"inLanguage\":\"fr-FR\",\"@id\":\"https:\/\/odanlab.com\/fr\/produit\/suprax\/#primaryimage\",\"url\":\"https:\/\/odanlab.com\/wp-content\/uploads\/2018\/07\/SupraxGroup_web.jpg\",\"contentUrl\":\"https:\/\/odanlab.com\/wp-content\/uploads\/2018\/07\/SupraxGroup_web.jpg\",\"width\":1081,\"height\":900,\"caption\":\"Suprax\"},{\"@type\":\"BreadcrumbList\",\"@id\":\"https:\/\/odanlab.com\/fr\/produit\/suprax\/#breadcrumb\",\"itemListElement\":[{\"@type\":\"ListItem\",\"position\":1,\"name\":\"Home\",\"item\":\"https:\/\/odanlab.com\/fr\/\"},{\"@type\":\"ListItem\",\"position\":2,\"name\":\"Products\",\"item\":\"https:\/\/odanlab.com\/shop\/\"},{\"@type\":\"ListItem\",\"position\":3,\"name\":\"SUPRAXMD Comprim\u00e9s &#038; suspension orale\"}]},{\"@type\":\"WebSite\",\"@id\":\"https:\/\/odanlab.com\/#website\",\"url\":\"https:\/\/odanlab.com\/\",\"name\":\"Odan Laboratories Ltd.\",\"description\":\"The Leader in Specialty Generic Pharmaceutical Products\",\"potentialAction\":[{\"@type\":\"SearchAction\",\"target\":{\"@type\":\"EntryPoint\",\"urlTemplate\":\"https:\/\/odanlab.com\/?s={search_term_string}\"},\"query-input\":{\"@type\":\"PropertyValueSpecification\",\"valueRequired\":true,\"valueName\":\"search_term_string\"}}],\"inLanguage\":\"fr-FR\"}]}<\/script>\n<!-- \/ Yoast SEO plugin. -->","yoast_head_json":{"title":"SUPRAXMD Comprim\u00e9s & suspension orale - Odan Laboratories Ltd.","robots":{"index":"index","follow":"follow","max-snippet":"max-snippet:-1","max-image-preview":"max-image-preview:large","max-video-preview":"max-video-preview:-1"},"canonical":"https:\/\/odanlab.com\/fr\/produit\/suprax\/","og_locale":"fr_FR","og_type":"article","og_title":"SUPRAXMD Comprim\u00e9s & suspension orale - Odan Laboratories Ltd.","og_description":"C\u00e9fixime  COMPRIM\u00c9S: DIN 00868981 SUSPENSION ORALE: DIN 00868965 \u200b","og_url":"https:\/\/odanlab.com\/fr\/produit\/suprax\/","og_site_name":"Odan Laboratories Ltd.","article_publisher":"https:\/\/www.facebook.com\/odanlab\/","article_modified_time":"2023-12-05T05:24:00+00:00","og_image":[{"width":1081,"height":900,"url":"https:\/\/odanlab.com\/wp-content\/uploads\/2018\/07\/SupraxGroup_web.jpg","type":"image\/jpeg"}],"twitter_card":"summary_large_image","schema":{"@context":"https:\/\/schema.org","@graph":[{"@type":"WebPage","@id":"https:\/\/odanlab.com\/fr\/produit\/suprax\/","url":"https:\/\/odanlab.com\/fr\/produit\/suprax\/","name":"SUPRAXMD Comprim\u00e9s & suspension orale - Odan Laboratories Ltd.","isPartOf":{"@id":"https:\/\/odanlab.com\/#website"},"primaryImageOfPage":{"@id":"https:\/\/odanlab.com\/fr\/produit\/suprax\/#primaryimage"},"image":{"@id":"https:\/\/odanlab.com\/fr\/produit\/suprax\/#primaryimage"},"thumbnailUrl":"https:\/\/odanlab.com\/wp-content\/uploads\/2018\/07\/SupraxGroup_web.jpg","datePublished":"2018-07-11T17:41:56+00:00","dateModified":"2023-12-05T05:24:00+00:00","breadcrumb":{"@id":"https:\/\/odanlab.com\/fr\/produit\/suprax\/#breadcrumb"},"inLanguage":"fr-FR","potentialAction":[{"@type":"ReadAction","target":["https:\/\/odanlab.com\/fr\/produit\/suprax\/"]}]},{"@type":"ImageObject","inLanguage":"fr-FR","@id":"https:\/\/odanlab.com\/fr\/produit\/suprax\/#primaryimage","url":"https:\/\/odanlab.com\/wp-content\/uploads\/2018\/07\/SupraxGroup_web.jpg","contentUrl":"https:\/\/odanlab.com\/wp-content\/uploads\/2018\/07\/SupraxGroup_web.jpg","width":1081,"height":900,"caption":"Suprax"},{"@type":"BreadcrumbList","@id":"https:\/\/odanlab.com\/fr\/produit\/suprax\/#breadcrumb","itemListElement":[{"@type":"ListItem","position":1,"name":"Home","item":"https:\/\/odanlab.com\/fr\/"},{"@type":"ListItem","position":2,"name":"Products","item":"https:\/\/odanlab.com\/shop\/"},{"@type":"ListItem","position":3,"name":"SUPRAXMD Comprim\u00e9s &#038; suspension orale"}]},{"@type":"WebSite","@id":"https:\/\/odanlab.com\/#website","url":"https:\/\/odanlab.com\/","name":"Odan Laboratories Ltd.","description":"The Leader in Specialty Generic Pharmaceutical Products","potentialAction":[{"@type":"SearchAction","target":{"@type":"EntryPoint","urlTemplate":"https:\/\/odanlab.com\/?s={search_term_string}"},"query-input":{"@type":"PropertyValueSpecification","valueRequired":true,"valueName":"search_term_string"}}],"inLanguage":"fr-FR"}]}},"jetpack_sharing_enabled":true,"_links":{"self":[{"href":"https:\/\/odanlab.com\/fr\/wp-json\/wp\/v2\/product\/1447","targetHints":{"allow":["GET"]}}],"collection":[{"href":"https:\/\/odanlab.com\/fr\/wp-json\/wp\/v2\/product"}],"about":[{"href":"https:\/\/odanlab.com\/fr\/wp-json\/wp\/v2\/types\/product"}],"wp:featuredmedia":[{"embeddable":true,"href":"https:\/\/odanlab.com\/fr\/wp-json\/wp\/v2\/media\/358192"}],"wp:attachment":[{"href":"https:\/\/odanlab.com\/fr\/wp-json\/wp\/v2\/media?parent=1447"}],"wp:term":[{"taxonomy":"product_brand","embeddable":true,"href":"https:\/\/odanlab.com\/fr\/wp-json\/wp\/v2\/product_brand?post=1447"},{"taxonomy":"product_cat","embeddable":true,"href":"https:\/\/odanlab.com\/fr\/wp-json\/wp\/v2\/product_cat?post=1447"},{"taxonomy":"product_tag","embeddable":true,"href":"https:\/\/odanlab.com\/fr\/wp-json\/wp\/v2\/product_tag?post=1447"}],"curies":[{"name":"wp","href":"https:\/\/api.w.org\/{rel}","templated":true}]}}