{"id":1418,"date":"2018-07-11T20:12:11","date_gmt":"2018-07-11T20:12:11","guid":{"rendered":"https:\/\/odan.odanlabdev.ca\/product\/proctol\/"},"modified":"2023-12-05T00:18:26","modified_gmt":"2023-12-05T05:18:26","slug":"proctol","status":"publish","type":"product","link":"https:\/\/odanlab.com\/fr\/produit\/proctol\/","title":{"rendered":"PROCTOL<sup>MD<\/sup>"},"content":{"rendered":"","protected":false},"excerpt":{"rendered":"<p><strong>PROCTOL<sup>MD<\/sup> ONGUENT<\/strong><br \/>\nChaque gramme d\u2019onguent translucide contient : 5 mg d\u2019hydrocortisone, 5 mg de cinchocaine d\u2019hydrochloride, 10 mg de sulfate de framycetin et 10 mg d\u2019esculin dans une base de gel\u00e9e de p\u00e9trole.<br \/>\n<strong>DIN 02247322<\/strong><\/p>\n<p><strong>PROCTOL<sup>MD<\/sup> SUPPOSITOIRES<\/strong><br \/>\nChaque suppositoire blanc gris\u00e2tre, en forme de torpille, contient : 5 mg d\u2019hydrocortisone, 5 mg de cinchocaine d\u2019hydrochloride, 10 mg de sulfate de framycetin et 10 mg d\u2019esculin dans une base de triglyc\u00e9rides.<br \/>\n<strong>DIN 02247882<\/strong><br \/>\n\u200b<br \/>\n[fusion_table]<\/p>\n<div class=\"table-1\">\n<table width=\"100%\">\n<thead style=\"background-color: blue;\">\n<tr>\n<th style=\"color: white;\" align=\"left\">CODE<\/th>\n<th style=\"color: white;\" align=\"left\">TYPE<\/th>\n<th style=\"color: white;\" align=\"left\">FORMAT<\/th>\n<\/tr>\n<\/thead>\n<tbody>\n<tr>\n<td align=\"left\">149N<\/td>\n<td align=\"left\">Onguent<\/td>\n<td align=\"left\">15 g<\/td>\n<\/tr>\n<tr>\n<td align=\"left\">149O<\/td>\n<td align=\"left\">Onguent<\/td>\n<td align=\"left\">30 g<\/td>\n<\/tr>\n<tr>\n<td align=\"left\">151Y<\/td>\n<td align=\"left\">Suppositoires<\/td>\n<td align=\"left\">12<\/td>\n<\/tr>\n<tr>\n<td align=\"left\">151Z<\/td>\n<td align=\"left\">Suppositoires<\/td>\n<td align=\"left\">24<\/td>\n<\/tr>\n<\/tbody>\n<\/table>\n<\/div>\n<p>[\/fusion_table]<\/p>\n","protected":false},"featured_media":358183,"template":"","meta":{"_exactmetrics_skip_tracking":false,"_exactmetrics_sitenote_active":false,"_exactmetrics_sitenote_note":"","_exactmetrics_sitenote_category":0,"jetpack_post_was_ever_published":false},"product_brand":[],"product_cat":[66],"product_tag":[],"class_list":{"0":"post-1418","1":"product","2":"type-product","3":"status-publish","4":"has-post-thumbnail","6":"product_cat-gastroenterologie","7":"product-grid-view","9":"first","10":"instock","11":"taxable","12":"shipping-taxable","13":"product-type-variable"},"yoast_head":"<!-- This site is optimized with the Yoast SEO plugin v27.0 - https:\/\/yoast.com\/product\/yoast-seo-wordpress\/ -->\n<title>PROCTOLMD - Odan Laboratories Ltd.<\/title>\n<meta name=\"robots\" content=\"index, follow, max-snippet:-1, max-image-preview:large, max-video-preview:-1\" \/>\n<link rel=\"canonical\" href=\"https:\/\/odanlab.com\/fr\/produit\/proctol\/\" \/>\n<meta property=\"og:locale\" content=\"fr_FR\" \/>\n<meta property=\"og:type\" content=\"article\" \/>\n<meta property=\"og:title\" content=\"PROCTOLMD - Odan Laboratories Ltd.\" \/>\n<meta property=\"og:description\" content=\"PROCTOLMD ONGUENT Chaque gramme d\u2019onguent translucide contient : 5 mg d\u2019hydrocortisone, 5 mg de cinchocaine d\u2019hydrochloride, 10 mg de sulfate de framycetin et 10 mg d\u2019esculin dans une base de gel\u00e9e de p\u00e9trole. DIN 02247322  PROCTOLMD SUPPOSITOIRES Chaque suppositoire blanc gris\u00e2tre, en forme de torpille, contient : 5 mg d\u2019hydrocortisone, 5 mg de cinchocaine d\u2019hydrochloride, 10 mg de sulfate de framycetin et 10 mg d\u2019esculin dans une base de triglyc\u00e9rides. DIN 02247882 \u200b\" \/>\n<meta property=\"og:url\" content=\"https:\/\/odanlab.com\/fr\/produit\/proctol\/\" \/>\n<meta property=\"og:site_name\" content=\"Odan Laboratories Ltd.\" \/>\n<meta property=\"article:publisher\" content=\"https:\/\/www.facebook.com\/odanlab\/\" \/>\n<meta property=\"article:modified_time\" content=\"2023-12-05T05:18:26+00:00\" \/>\n<meta property=\"og:image\" content=\"https:\/\/odanlab.com\/wp-content\/uploads\/2018\/07\/ProctolFamily_2023__EN_web.jpg\" \/>\n\t<meta property=\"og:image:width\" content=\"1203\" \/>\n\t<meta property=\"og:image:height\" content=\"900\" \/>\n\t<meta property=\"og:image:type\" content=\"image\/jpeg\" \/>\n<meta name=\"twitter:card\" content=\"summary_large_image\" \/>\n<script type=\"application\/ld+json\" class=\"yoast-schema-graph\">{\"@context\":\"https:\/\/schema.org\",\"@graph\":[{\"@type\":\"WebPage\",\"@id\":\"https:\/\/odanlab.com\/fr\/produit\/proctol\/\",\"url\":\"https:\/\/odanlab.com\/fr\/produit\/proctol\/\",\"name\":\"PROCTOLMD - Odan Laboratories Ltd.\",\"isPartOf\":{\"@id\":\"https:\/\/odanlab.com\/#website\"},\"primaryImageOfPage\":{\"@id\":\"https:\/\/odanlab.com\/fr\/produit\/proctol\/#primaryimage\"},\"image\":{\"@id\":\"https:\/\/odanlab.com\/fr\/produit\/proctol\/#primaryimage\"},\"thumbnailUrl\":\"https:\/\/odanlab.com\/wp-content\/uploads\/2018\/07\/ProctolFamily_2023__EN_web.jpg\",\"datePublished\":\"2018-07-11T20:12:11+00:00\",\"dateModified\":\"2023-12-05T05:18:26+00:00\",\"breadcrumb\":{\"@id\":\"https:\/\/odanlab.com\/fr\/produit\/proctol\/#breadcrumb\"},\"inLanguage\":\"fr-FR\",\"potentialAction\":[{\"@type\":\"ReadAction\",\"target\":[\"https:\/\/odanlab.com\/fr\/produit\/proctol\/\"]}]},{\"@type\":\"ImageObject\",\"inLanguage\":\"fr-FR\",\"@id\":\"https:\/\/odanlab.com\/fr\/produit\/proctol\/#primaryimage\",\"url\":\"https:\/\/odanlab.com\/wp-content\/uploads\/2018\/07\/ProctolFamily_2023__EN_web.jpg\",\"contentUrl\":\"https:\/\/odanlab.com\/wp-content\/uploads\/2018\/07\/ProctolFamily_2023__EN_web.jpg\",\"width\":1203,\"height\":900,\"caption\":\"Proctol\"},{\"@type\":\"BreadcrumbList\",\"@id\":\"https:\/\/odanlab.com\/fr\/produit\/proctol\/#breadcrumb\",\"itemListElement\":[{\"@type\":\"ListItem\",\"position\":1,\"name\":\"Home\",\"item\":\"https:\/\/odanlab.com\/fr\/\"},{\"@type\":\"ListItem\",\"position\":2,\"name\":\"Products\",\"item\":\"https:\/\/odanlab.com\/shop\/\"},{\"@type\":\"ListItem\",\"position\":3,\"name\":\"PROCTOLMD\"}]},{\"@type\":\"WebSite\",\"@id\":\"https:\/\/odanlab.com\/#website\",\"url\":\"https:\/\/odanlab.com\/\",\"name\":\"Odan Laboratories Ltd.\",\"description\":\"The Leader in Specialty Generic Pharmaceutical Products\",\"potentialAction\":[{\"@type\":\"SearchAction\",\"target\":{\"@type\":\"EntryPoint\",\"urlTemplate\":\"https:\/\/odanlab.com\/?s={search_term_string}\"},\"query-input\":{\"@type\":\"PropertyValueSpecification\",\"valueRequired\":true,\"valueName\":\"search_term_string\"}}],\"inLanguage\":\"fr-FR\"}]}<\/script>\n<!-- \/ Yoast SEO plugin. -->","yoast_head_json":{"title":"PROCTOLMD - Odan Laboratories Ltd.","robots":{"index":"index","follow":"follow","max-snippet":"max-snippet:-1","max-image-preview":"max-image-preview:large","max-video-preview":"max-video-preview:-1"},"canonical":"https:\/\/odanlab.com\/fr\/produit\/proctol\/","og_locale":"fr_FR","og_type":"article","og_title":"PROCTOLMD - Odan Laboratories Ltd.","og_description":"PROCTOLMD ONGUENT Chaque gramme d\u2019onguent translucide contient : 5 mg d\u2019hydrocortisone, 5 mg de cinchocaine d\u2019hydrochloride, 10 mg de sulfate de framycetin et 10 mg d\u2019esculin dans une base de gel\u00e9e de p\u00e9trole. DIN 02247322  PROCTOLMD SUPPOSITOIRES Chaque suppositoire blanc gris\u00e2tre, en forme de torpille, contient : 5 mg d\u2019hydrocortisone, 5 mg de cinchocaine d\u2019hydrochloride, 10 mg de sulfate de framycetin et 10 mg d\u2019esculin dans une base de triglyc\u00e9rides. DIN 02247882 \u200b","og_url":"https:\/\/odanlab.com\/fr\/produit\/proctol\/","og_site_name":"Odan Laboratories Ltd.","article_publisher":"https:\/\/www.facebook.com\/odanlab\/","article_modified_time":"2023-12-05T05:18:26+00:00","og_image":[{"width":1203,"height":900,"url":"https:\/\/odanlab.com\/wp-content\/uploads\/2018\/07\/ProctolFamily_2023__EN_web.jpg","type":"image\/jpeg"}],"twitter_card":"summary_large_image","schema":{"@context":"https:\/\/schema.org","@graph":[{"@type":"WebPage","@id":"https:\/\/odanlab.com\/fr\/produit\/proctol\/","url":"https:\/\/odanlab.com\/fr\/produit\/proctol\/","name":"PROCTOLMD - Odan Laboratories Ltd.","isPartOf":{"@id":"https:\/\/odanlab.com\/#website"},"primaryImageOfPage":{"@id":"https:\/\/odanlab.com\/fr\/produit\/proctol\/#primaryimage"},"image":{"@id":"https:\/\/odanlab.com\/fr\/produit\/proctol\/#primaryimage"},"thumbnailUrl":"https:\/\/odanlab.com\/wp-content\/uploads\/2018\/07\/ProctolFamily_2023__EN_web.jpg","datePublished":"2018-07-11T20:12:11+00:00","dateModified":"2023-12-05T05:18:26+00:00","breadcrumb":{"@id":"https:\/\/odanlab.com\/fr\/produit\/proctol\/#breadcrumb"},"inLanguage":"fr-FR","potentialAction":[{"@type":"ReadAction","target":["https:\/\/odanlab.com\/fr\/produit\/proctol\/"]}]},{"@type":"ImageObject","inLanguage":"fr-FR","@id":"https:\/\/odanlab.com\/fr\/produit\/proctol\/#primaryimage","url":"https:\/\/odanlab.com\/wp-content\/uploads\/2018\/07\/ProctolFamily_2023__EN_web.jpg","contentUrl":"https:\/\/odanlab.com\/wp-content\/uploads\/2018\/07\/ProctolFamily_2023__EN_web.jpg","width":1203,"height":900,"caption":"Proctol"},{"@type":"BreadcrumbList","@id":"https:\/\/odanlab.com\/fr\/produit\/proctol\/#breadcrumb","itemListElement":[{"@type":"ListItem","position":1,"name":"Home","item":"https:\/\/odanlab.com\/fr\/"},{"@type":"ListItem","position":2,"name":"Products","item":"https:\/\/odanlab.com\/shop\/"},{"@type":"ListItem","position":3,"name":"PROCTOLMD"}]},{"@type":"WebSite","@id":"https:\/\/odanlab.com\/#website","url":"https:\/\/odanlab.com\/","name":"Odan Laboratories Ltd.","description":"The Leader in Specialty Generic Pharmaceutical Products","potentialAction":[{"@type":"SearchAction","target":{"@type":"EntryPoint","urlTemplate":"https:\/\/odanlab.com\/?s={search_term_string}"},"query-input":{"@type":"PropertyValueSpecification","valueRequired":true,"valueName":"search_term_string"}}],"inLanguage":"fr-FR"}]}},"jetpack_sharing_enabled":true,"_links":{"self":[{"href":"https:\/\/odanlab.com\/fr\/wp-json\/wp\/v2\/product\/1418","targetHints":{"allow":["GET"]}}],"collection":[{"href":"https:\/\/odanlab.com\/fr\/wp-json\/wp\/v2\/product"}],"about":[{"href":"https:\/\/odanlab.com\/fr\/wp-json\/wp\/v2\/types\/product"}],"wp:featuredmedia":[{"embeddable":true,"href":"https:\/\/odanlab.com\/fr\/wp-json\/wp\/v2\/media\/358183"}],"wp:attachment":[{"href":"https:\/\/odanlab.com\/fr\/wp-json\/wp\/v2\/media?parent=1418"}],"wp:term":[{"taxonomy":"product_brand","embeddable":true,"href":"https:\/\/odanlab.com\/fr\/wp-json\/wp\/v2\/product_brand?post=1418"},{"taxonomy":"product_cat","embeddable":true,"href":"https:\/\/odanlab.com\/fr\/wp-json\/wp\/v2\/product_cat?post=1418"},{"taxonomy":"product_tag","embeddable":true,"href":"https:\/\/odanlab.com\/fr\/wp-json\/wp\/v2\/product_tag?post=1418"}],"curies":[{"name":"wp","href":"https:\/\/api.w.org\/{rel}","templated":true}]}}