{"id":1415,"date":"2018-07-11T20:24:11","date_gmt":"2018-07-11T20:24:11","guid":{"rendered":"https:\/\/odan.odanlabdev.ca\/product\/selax\/"},"modified":"2018-09-19T16:46:39","modified_gmt":"2018-09-19T20:46:39","slug":"selax","status":"publish","type":"product","link":"https:\/\/odanlab.com\/fr\/produit\/selax\/","title":{"rendered":"SELAX<sup>MD<\/sup> 100 mg"},"content":{"rendered":"","protected":false},"excerpt":{"rendered":"<p><span style=\"font-size: 20px;\">\u00c9mollient f\u00e9cal<\/span><\/p>\n<p>Chaque capsule de g\u00e9latine molle contient 100 mg de docusate de sodium USP.<\/p>\n<p><strong>DIN 00514888<\/strong><br \/>\n\u200b<br \/>\n[fusion_table]<\/p>\n<div class=\"table-1\">\n<table width=\"100%\">\n<thead style=\"background-color: blue;\">\n<tr>\n<th style=\"color: white;\" align=\"left\">CODE<\/th>\n<th style=\"color: white;\" align=\"left\">FORMAT<\/th>\n<\/tr>\n<\/thead>\n<tbody>\n<tr>\n<td align=\"left\">150B<\/td>\n<td align=\"left\">100 Capsules<\/td>\n<\/tr>\n<tr>\n<td align=\"left\">150E<\/td>\n<td align=\"left\">1000 Capsules<\/td>\n<\/tr>\n<\/tbody>\n<\/table>\n<\/div>\n<p>[\/fusion_table]<\/p>\n","protected":false},"featured_media":1120,"template":"","meta":{"_exactmetrics_skip_tracking":false,"_exactmetrics_sitenote_active":false,"_exactmetrics_sitenote_note":"","_exactmetrics_sitenote_category":0,"jetpack_post_was_ever_published":false},"product_brand":[],"product_cat":[66,67],"product_tag":[],"class_list":{"0":"post-1415","1":"product","2":"type-product","3":"status-publish","4":"has-post-thumbnail","6":"product_cat-gastroenterologie","7":"product_cat-generique","8":"product-grid-view","10":"first","11":"instock","12":"taxable","13":"shipping-taxable","14":"product-type-variable"},"yoast_head":"<!-- This site is optimized with the Yoast SEO plugin v27.0 - https:\/\/yoast.com\/product\/yoast-seo-wordpress\/ -->\n<title>SELAXMD 100 mg - Odan Laboratories Ltd.<\/title>\n<meta name=\"robots\" content=\"index, follow, max-snippet:-1, max-image-preview:large, max-video-preview:-1\" \/>\n<link rel=\"canonical\" href=\"https:\/\/odanlab.com\/fr\/produit\/selax\/\" \/>\n<meta property=\"og:locale\" content=\"fr_FR\" \/>\n<meta property=\"og:type\" content=\"article\" \/>\n<meta property=\"og:title\" content=\"SELAXMD 100 mg - Odan Laboratories Ltd.\" \/>\n<meta property=\"og:description\" content=\"\u00c9mollient f\u00e9cal Chaque capsule de g\u00e9latine molle contient 100 mg de docusate de sodium USP. DIN 00514888 \u200b\" \/>\n<meta property=\"og:url\" content=\"https:\/\/odanlab.com\/fr\/produit\/selax\/\" \/>\n<meta property=\"og:site_name\" content=\"Odan Laboratories Ltd.\" \/>\n<meta property=\"article:publisher\" content=\"https:\/\/www.facebook.com\/odanlab\/\" \/>\n<meta property=\"article:modified_time\" content=\"2018-09-19T20:46:39+00:00\" \/>\n<meta property=\"og:image\" content=\"https:\/\/odanlab.com\/wp-content\/uploads\/2018\/07\/Selax-800x800.png\" \/>\n\t<meta property=\"og:image:width\" content=\"800\" \/>\n\t<meta property=\"og:image:height\" content=\"800\" \/>\n\t<meta property=\"og:image:type\" content=\"image\/png\" \/>\n<meta name=\"twitter:card\" content=\"summary_large_image\" \/>\n<script type=\"application\/ld+json\" class=\"yoast-schema-graph\">{\"@context\":\"https:\/\/schema.org\",\"@graph\":[{\"@type\":\"WebPage\",\"@id\":\"https:\/\/odanlab.com\/fr\/produit\/selax\/\",\"url\":\"https:\/\/odanlab.com\/fr\/produit\/selax\/\",\"name\":\"SELAXMD 100 mg - Odan Laboratories Ltd.\",\"isPartOf\":{\"@id\":\"https:\/\/odanlab.com\/#website\"},\"primaryImageOfPage\":{\"@id\":\"https:\/\/odanlab.com\/fr\/produit\/selax\/#primaryimage\"},\"image\":{\"@id\":\"https:\/\/odanlab.com\/fr\/produit\/selax\/#primaryimage\"},\"thumbnailUrl\":\"https:\/\/odanlab.com\/wp-content\/uploads\/2018\/07\/Selax-800x800.png\",\"datePublished\":\"2018-07-11T20:24:11+00:00\",\"dateModified\":\"2018-09-19T20:46:39+00:00\",\"breadcrumb\":{\"@id\":\"https:\/\/odanlab.com\/fr\/produit\/selax\/#breadcrumb\"},\"inLanguage\":\"fr-FR\",\"potentialAction\":[{\"@type\":\"ReadAction\",\"target\":[\"https:\/\/odanlab.com\/fr\/produit\/selax\/\"]}]},{\"@type\":\"ImageObject\",\"inLanguage\":\"fr-FR\",\"@id\":\"https:\/\/odanlab.com\/fr\/produit\/selax\/#primaryimage\",\"url\":\"https:\/\/odanlab.com\/wp-content\/uploads\/2018\/07\/Selax-800x800.png\",\"contentUrl\":\"https:\/\/odanlab.com\/wp-content\/uploads\/2018\/07\/Selax-800x800.png\",\"width\":800,\"height\":800},{\"@type\":\"BreadcrumbList\",\"@id\":\"https:\/\/odanlab.com\/fr\/produit\/selax\/#breadcrumb\",\"itemListElement\":[{\"@type\":\"ListItem\",\"position\":1,\"name\":\"Home\",\"item\":\"https:\/\/odanlab.com\/fr\/\"},{\"@type\":\"ListItem\",\"position\":2,\"name\":\"Products\",\"item\":\"https:\/\/odanlab.com\/shop\/\"},{\"@type\":\"ListItem\",\"position\":3,\"name\":\"SELAXMD 100 mg\"}]},{\"@type\":\"WebSite\",\"@id\":\"https:\/\/odanlab.com\/#website\",\"url\":\"https:\/\/odanlab.com\/\",\"name\":\"Odan Laboratories Ltd.\",\"description\":\"The Leader in Specialty Generic Pharmaceutical Products\",\"potentialAction\":[{\"@type\":\"SearchAction\",\"target\":{\"@type\":\"EntryPoint\",\"urlTemplate\":\"https:\/\/odanlab.com\/?s={search_term_string}\"},\"query-input\":{\"@type\":\"PropertyValueSpecification\",\"valueRequired\":true,\"valueName\":\"search_term_string\"}}],\"inLanguage\":\"fr-FR\"}]}<\/script>\n<!-- \/ Yoast SEO plugin. -->","yoast_head_json":{"title":"SELAXMD 100 mg - Odan Laboratories Ltd.","robots":{"index":"index","follow":"follow","max-snippet":"max-snippet:-1","max-image-preview":"max-image-preview:large","max-video-preview":"max-video-preview:-1"},"canonical":"https:\/\/odanlab.com\/fr\/produit\/selax\/","og_locale":"fr_FR","og_type":"article","og_title":"SELAXMD 100 mg - Odan Laboratories Ltd.","og_description":"\u00c9mollient f\u00e9cal Chaque capsule de g\u00e9latine molle contient 100 mg de docusate de sodium USP. DIN 00514888 \u200b","og_url":"https:\/\/odanlab.com\/fr\/produit\/selax\/","og_site_name":"Odan Laboratories Ltd.","article_publisher":"https:\/\/www.facebook.com\/odanlab\/","article_modified_time":"2018-09-19T20:46:39+00:00","og_image":[{"width":800,"height":800,"url":"https:\/\/odanlab.com\/wp-content\/uploads\/2018\/07\/Selax-800x800.png","type":"image\/png"}],"twitter_card":"summary_large_image","schema":{"@context":"https:\/\/schema.org","@graph":[{"@type":"WebPage","@id":"https:\/\/odanlab.com\/fr\/produit\/selax\/","url":"https:\/\/odanlab.com\/fr\/produit\/selax\/","name":"SELAXMD 100 mg - Odan Laboratories Ltd.","isPartOf":{"@id":"https:\/\/odanlab.com\/#website"},"primaryImageOfPage":{"@id":"https:\/\/odanlab.com\/fr\/produit\/selax\/#primaryimage"},"image":{"@id":"https:\/\/odanlab.com\/fr\/produit\/selax\/#primaryimage"},"thumbnailUrl":"https:\/\/odanlab.com\/wp-content\/uploads\/2018\/07\/Selax-800x800.png","datePublished":"2018-07-11T20:24:11+00:00","dateModified":"2018-09-19T20:46:39+00:00","breadcrumb":{"@id":"https:\/\/odanlab.com\/fr\/produit\/selax\/#breadcrumb"},"inLanguage":"fr-FR","potentialAction":[{"@type":"ReadAction","target":["https:\/\/odanlab.com\/fr\/produit\/selax\/"]}]},{"@type":"ImageObject","inLanguage":"fr-FR","@id":"https:\/\/odanlab.com\/fr\/produit\/selax\/#primaryimage","url":"https:\/\/odanlab.com\/wp-content\/uploads\/2018\/07\/Selax-800x800.png","contentUrl":"https:\/\/odanlab.com\/wp-content\/uploads\/2018\/07\/Selax-800x800.png","width":800,"height":800},{"@type":"BreadcrumbList","@id":"https:\/\/odanlab.com\/fr\/produit\/selax\/#breadcrumb","itemListElement":[{"@type":"ListItem","position":1,"name":"Home","item":"https:\/\/odanlab.com\/fr\/"},{"@type":"ListItem","position":2,"name":"Products","item":"https:\/\/odanlab.com\/shop\/"},{"@type":"ListItem","position":3,"name":"SELAXMD 100 mg"}]},{"@type":"WebSite","@id":"https:\/\/odanlab.com\/#website","url":"https:\/\/odanlab.com\/","name":"Odan Laboratories Ltd.","description":"The Leader in Specialty Generic Pharmaceutical Products","potentialAction":[{"@type":"SearchAction","target":{"@type":"EntryPoint","urlTemplate":"https:\/\/odanlab.com\/?s={search_term_string}"},"query-input":{"@type":"PropertyValueSpecification","valueRequired":true,"valueName":"search_term_string"}}],"inLanguage":"fr-FR"}]}},"jetpack_sharing_enabled":true,"_links":{"self":[{"href":"https:\/\/odanlab.com\/fr\/wp-json\/wp\/v2\/product\/1415","targetHints":{"allow":["GET"]}}],"collection":[{"href":"https:\/\/odanlab.com\/fr\/wp-json\/wp\/v2\/product"}],"about":[{"href":"https:\/\/odanlab.com\/fr\/wp-json\/wp\/v2\/types\/product"}],"wp:featuredmedia":[{"embeddable":true,"href":"https:\/\/odanlab.com\/fr\/wp-json\/wp\/v2\/media\/1120"}],"wp:attachment":[{"href":"https:\/\/odanlab.com\/fr\/wp-json\/wp\/v2\/media?parent=1415"}],"wp:term":[{"taxonomy":"product_brand","embeddable":true,"href":"https:\/\/odanlab.com\/fr\/wp-json\/wp\/v2\/product_brand?post=1415"},{"taxonomy":"product_cat","embeddable":true,"href":"https:\/\/odanlab.com\/fr\/wp-json\/wp\/v2\/product_cat?post=1415"},{"taxonomy":"product_tag","embeddable":true,"href":"https:\/\/odanlab.com\/fr\/wp-json\/wp\/v2\/product_tag?post=1415"}],"curies":[{"name":"wp","href":"https:\/\/api.w.org\/{rel}","templated":true}]}}