{"id":1398,"date":"2018-07-12T14:00:57","date_gmt":"2018-07-12T14:00:57","guid":{"rendered":"https:\/\/odan.odanlabdev.ca\/product\/ferodan\/"},"modified":"2018-07-27T15:38:53","modified_gmt":"2018-07-27T15:38:53","slug":"ferodan","status":"publish","type":"product","link":"https:\/\/odanlab.com\/fr\/produit\/ferodan\/","title":{"rendered":"FERODAN<sup>MD<\/sup> Sirop et gouttes pour nourrissons"},"content":{"rendered":"","protected":false},"excerpt":{"rendered":"<p><span style=\"font-size: 20px;\">H\u00e9matiniques<\/span><\/p>\n<p><strong>FERODAN<sup>MD<\/sup> SIROP<\/strong><br \/>\nChaque cuill\u00e8re \u00e0 th\u00e9 (5 mL) contient 150 mg de sulfate ferreux \u00e9quivalent \u00e0 30 mg de fer \u00e9l\u00e9mentaire.<br \/>\n<strong>NPN 00758469<\/strong><\/p>\n<p><strong>FERODAN<sup>MD<\/sup> GOUTTES POUR NOURRISSONS<\/strong><br \/>\nChaque millilitre contient 75 mg de sulfate ferreux \u00e9quivalent \u00e0 15 mg de fer \u00e9l\u00e9mentaire.<br \/>\n<strong>NPN 02237385<\/strong><br \/>\n\u200b<br \/>\n[fusion_table]<\/p>\n<div class=\"table-1\">\n<table width=\"100%\">\n<thead style=\"background-color: blue;\">\n<tr>\n<th style=\"color: white;\" align=\"left\">CODE<\/th>\n<th style=\"color: white;\" align=\"left\">TYPE<\/th>\n<th style=\"color: white;\" align=\"left\">FORMAT<\/th>\n<\/tr>\n<\/thead>\n<tbody>\n<tr>\n<td align=\"left\">100J<\/td>\n<td align=\"left\">Sirop<\/td>\n<td align=\"left\">250 mL<\/td>\n<\/tr>\n<tr>\n<td align=\"left\">100L<\/td>\n<td align=\"left\">Sirop<\/td>\n<td align=\"left\">500 mL<\/td>\n<\/tr>\n<tr>\n<td align=\"left\">103G<\/td>\n<td align=\"left\">Gouttes pour nourrissons<\/td>\n<td align=\"left\">50 mL<\/td>\n<\/tr>\n<tr>\n<td align=\"left\">100UD<\/td>\n<td align=\"left\">Sirop<\/td>\n<td align=\"left\">20 x 10 mL<\/td>\n<\/tr>\n<\/tbody>\n<\/table>\n<\/div>\n<p>[\/fusion_table]<\/p>\n","protected":false},"featured_media":1104,"template":"","meta":{"_exactmetrics_skip_tracking":false,"_exactmetrics_sitenote_active":false,"_exactmetrics_sitenote_note":"","_exactmetrics_sitenote_category":0,"jetpack_post_was_ever_published":false},"product_brand":[],"product_cat":[67],"product_tag":[],"class_list":{"0":"post-1398","1":"product","2":"type-product","3":"status-publish","4":"has-post-thumbnail","6":"product_cat-generique","7":"product-grid-view","9":"first","10":"instock","11":"taxable","12":"shipping-taxable","13":"product-type-variable"},"yoast_head":"<!-- This site is optimized with the Yoast SEO plugin v27.0 - https:\/\/yoast.com\/product\/yoast-seo-wordpress\/ -->\n<title>FERODANMD Sirop et gouttes pour nourrissons - Odan Laboratories Ltd.<\/title>\n<meta name=\"robots\" content=\"index, follow, max-snippet:-1, max-image-preview:large, max-video-preview:-1\" \/>\n<link rel=\"canonical\" href=\"https:\/\/odanlab.com\/fr\/produit\/ferodan\/\" \/>\n<meta property=\"og:locale\" content=\"fr_FR\" \/>\n<meta property=\"og:type\" content=\"article\" \/>\n<meta property=\"og:title\" content=\"FERODANMD Sirop et gouttes pour nourrissons - Odan Laboratories Ltd.\" \/>\n<meta property=\"og:description\" content=\"H\u00e9matiniques FERODANMD SIROP Chaque cuill\u00e8re \u00e0 th\u00e9 (5 mL) contient 150 mg de sulfate ferreux \u00e9quivalent \u00e0 30 mg de fer \u00e9l\u00e9mentaire. NPN 00758469 FERODANMD GOUTTES POUR NOURRISSONS Chaque millilitre contient 75 mg de sulfate ferreux \u00e9quivalent \u00e0 15 mg de fer \u00e9l\u00e9mentaire. NPN 02237385 \u200b\" \/>\n<meta property=\"og:url\" content=\"https:\/\/odanlab.com\/fr\/produit\/ferodan\/\" \/>\n<meta property=\"og:site_name\" content=\"Odan Laboratories Ltd.\" \/>\n<meta property=\"article:publisher\" content=\"https:\/\/www.facebook.com\/odanlab\/\" \/>\n<meta property=\"article:modified_time\" content=\"2018-07-27T15:38:53+00:00\" \/>\n<meta property=\"og:image\" content=\"https:\/\/odanlab.com\/wp-content\/uploads\/2018\/07\/Ferodan-800x800.png\" \/>\n\t<meta property=\"og:image:width\" content=\"800\" \/>\n\t<meta property=\"og:image:height\" content=\"800\" \/>\n\t<meta property=\"og:image:type\" content=\"image\/png\" \/>\n<meta name=\"twitter:card\" content=\"summary_large_image\" \/>\n<script type=\"application\/ld+json\" class=\"yoast-schema-graph\">{\"@context\":\"https:\/\/schema.org\",\"@graph\":[{\"@type\":\"WebPage\",\"@id\":\"https:\/\/odanlab.com\/fr\/produit\/ferodan\/\",\"url\":\"https:\/\/odanlab.com\/fr\/produit\/ferodan\/\",\"name\":\"FERODANMD Sirop et gouttes pour nourrissons - Odan Laboratories Ltd.\",\"isPartOf\":{\"@id\":\"https:\/\/odanlab.com\/#website\"},\"primaryImageOfPage\":{\"@id\":\"https:\/\/odanlab.com\/fr\/produit\/ferodan\/#primaryimage\"},\"image\":{\"@id\":\"https:\/\/odanlab.com\/fr\/produit\/ferodan\/#primaryimage\"},\"thumbnailUrl\":\"https:\/\/odanlab.com\/wp-content\/uploads\/2018\/07\/Ferodan-800x800.png\",\"datePublished\":\"2018-07-12T14:00:57+00:00\",\"dateModified\":\"2018-07-27T15:38:53+00:00\",\"breadcrumb\":{\"@id\":\"https:\/\/odanlab.com\/fr\/produit\/ferodan\/#breadcrumb\"},\"inLanguage\":\"fr-FR\",\"potentialAction\":[{\"@type\":\"ReadAction\",\"target\":[\"https:\/\/odanlab.com\/fr\/produit\/ferodan\/\"]}]},{\"@type\":\"ImageObject\",\"inLanguage\":\"fr-FR\",\"@id\":\"https:\/\/odanlab.com\/fr\/produit\/ferodan\/#primaryimage\",\"url\":\"https:\/\/odanlab.com\/wp-content\/uploads\/2018\/07\/Ferodan-800x800.png\",\"contentUrl\":\"https:\/\/odanlab.com\/wp-content\/uploads\/2018\/07\/Ferodan-800x800.png\",\"width\":800,\"height\":800},{\"@type\":\"BreadcrumbList\",\"@id\":\"https:\/\/odanlab.com\/fr\/produit\/ferodan\/#breadcrumb\",\"itemListElement\":[{\"@type\":\"ListItem\",\"position\":1,\"name\":\"Home\",\"item\":\"https:\/\/odanlab.com\/fr\/\"},{\"@type\":\"ListItem\",\"position\":2,\"name\":\"Products\",\"item\":\"https:\/\/odanlab.com\/shop\/\"},{\"@type\":\"ListItem\",\"position\":3,\"name\":\"FERODANMD Sirop et gouttes pour nourrissons\"}]},{\"@type\":\"WebSite\",\"@id\":\"https:\/\/odanlab.com\/#website\",\"url\":\"https:\/\/odanlab.com\/\",\"name\":\"Odan Laboratories Ltd.\",\"description\":\"The Leader in Specialty Generic Pharmaceutical Products\",\"potentialAction\":[{\"@type\":\"SearchAction\",\"target\":{\"@type\":\"EntryPoint\",\"urlTemplate\":\"https:\/\/odanlab.com\/?s={search_term_string}\"},\"query-input\":{\"@type\":\"PropertyValueSpecification\",\"valueRequired\":true,\"valueName\":\"search_term_string\"}}],\"inLanguage\":\"fr-FR\"}]}<\/script>\n<!-- \/ Yoast SEO plugin. -->","yoast_head_json":{"title":"FERODANMD Sirop et gouttes pour nourrissons - Odan Laboratories Ltd.","robots":{"index":"index","follow":"follow","max-snippet":"max-snippet:-1","max-image-preview":"max-image-preview:large","max-video-preview":"max-video-preview:-1"},"canonical":"https:\/\/odanlab.com\/fr\/produit\/ferodan\/","og_locale":"fr_FR","og_type":"article","og_title":"FERODANMD Sirop et gouttes pour nourrissons - Odan Laboratories Ltd.","og_description":"H\u00e9matiniques FERODANMD SIROP Chaque cuill\u00e8re \u00e0 th\u00e9 (5 mL) contient 150 mg de sulfate ferreux \u00e9quivalent \u00e0 30 mg de fer \u00e9l\u00e9mentaire. NPN 00758469 FERODANMD GOUTTES POUR NOURRISSONS Chaque millilitre contient 75 mg de sulfate ferreux \u00e9quivalent \u00e0 15 mg de fer \u00e9l\u00e9mentaire. NPN 02237385 \u200b","og_url":"https:\/\/odanlab.com\/fr\/produit\/ferodan\/","og_site_name":"Odan Laboratories Ltd.","article_publisher":"https:\/\/www.facebook.com\/odanlab\/","article_modified_time":"2018-07-27T15:38:53+00:00","og_image":[{"width":800,"height":800,"url":"https:\/\/odanlab.com\/wp-content\/uploads\/2018\/07\/Ferodan-800x800.png","type":"image\/png"}],"twitter_card":"summary_large_image","schema":{"@context":"https:\/\/schema.org","@graph":[{"@type":"WebPage","@id":"https:\/\/odanlab.com\/fr\/produit\/ferodan\/","url":"https:\/\/odanlab.com\/fr\/produit\/ferodan\/","name":"FERODANMD Sirop et gouttes pour nourrissons - Odan Laboratories Ltd.","isPartOf":{"@id":"https:\/\/odanlab.com\/#website"},"primaryImageOfPage":{"@id":"https:\/\/odanlab.com\/fr\/produit\/ferodan\/#primaryimage"},"image":{"@id":"https:\/\/odanlab.com\/fr\/produit\/ferodan\/#primaryimage"},"thumbnailUrl":"https:\/\/odanlab.com\/wp-content\/uploads\/2018\/07\/Ferodan-800x800.png","datePublished":"2018-07-12T14:00:57+00:00","dateModified":"2018-07-27T15:38:53+00:00","breadcrumb":{"@id":"https:\/\/odanlab.com\/fr\/produit\/ferodan\/#breadcrumb"},"inLanguage":"fr-FR","potentialAction":[{"@type":"ReadAction","target":["https:\/\/odanlab.com\/fr\/produit\/ferodan\/"]}]},{"@type":"ImageObject","inLanguage":"fr-FR","@id":"https:\/\/odanlab.com\/fr\/produit\/ferodan\/#primaryimage","url":"https:\/\/odanlab.com\/wp-content\/uploads\/2018\/07\/Ferodan-800x800.png","contentUrl":"https:\/\/odanlab.com\/wp-content\/uploads\/2018\/07\/Ferodan-800x800.png","width":800,"height":800},{"@type":"BreadcrumbList","@id":"https:\/\/odanlab.com\/fr\/produit\/ferodan\/#breadcrumb","itemListElement":[{"@type":"ListItem","position":1,"name":"Home","item":"https:\/\/odanlab.com\/fr\/"},{"@type":"ListItem","position":2,"name":"Products","item":"https:\/\/odanlab.com\/shop\/"},{"@type":"ListItem","position":3,"name":"FERODANMD Sirop et gouttes pour nourrissons"}]},{"@type":"WebSite","@id":"https:\/\/odanlab.com\/#website","url":"https:\/\/odanlab.com\/","name":"Odan Laboratories Ltd.","description":"The Leader in Specialty Generic Pharmaceutical Products","potentialAction":[{"@type":"SearchAction","target":{"@type":"EntryPoint","urlTemplate":"https:\/\/odanlab.com\/?s={search_term_string}"},"query-input":{"@type":"PropertyValueSpecification","valueRequired":true,"valueName":"search_term_string"}}],"inLanguage":"fr-FR"}]}},"jetpack_sharing_enabled":true,"_links":{"self":[{"href":"https:\/\/odanlab.com\/fr\/wp-json\/wp\/v2\/product\/1398","targetHints":{"allow":["GET"]}}],"collection":[{"href":"https:\/\/odanlab.com\/fr\/wp-json\/wp\/v2\/product"}],"about":[{"href":"https:\/\/odanlab.com\/fr\/wp-json\/wp\/v2\/types\/product"}],"wp:featuredmedia":[{"embeddable":true,"href":"https:\/\/odanlab.com\/fr\/wp-json\/wp\/v2\/media\/1104"}],"wp:attachment":[{"href":"https:\/\/odanlab.com\/fr\/wp-json\/wp\/v2\/media?parent=1398"}],"wp:term":[{"taxonomy":"product_brand","embeddable":true,"href":"https:\/\/odanlab.com\/fr\/wp-json\/wp\/v2\/product_brand?post=1398"},{"taxonomy":"product_cat","embeddable":true,"href":"https:\/\/odanlab.com\/fr\/wp-json\/wp\/v2\/product_cat?post=1398"},{"taxonomy":"product_tag","embeddable":true,"href":"https:\/\/odanlab.com\/fr\/wp-json\/wp\/v2\/product_tag?post=1398"}],"curies":[{"name":"wp","href":"https:\/\/api.w.org\/{rel}","templated":true}]}}