{"id":1394,"date":"2018-07-12T14:23:18","date_gmt":"2018-07-12T14:23:18","guid":{"rendered":"https:\/\/odan.odanlabdev.ca\/product\/lidodan-2-gelee\/"},"modified":"2018-07-27T13:49:28","modified_gmt":"2018-07-27T13:49:28","slug":"lidodan-2-gelee","status":"publish","type":"product","link":"https:\/\/odanlab.com\/fr\/produit\/lidodan-2-gelee\/","title":{"rendered":"LIDODAN<sup>MD<\/sup> 2% Gel\u00e9e"},"content":{"rendered":"","protected":false},"excerpt":{"rendered":"<p><span style=\"font-size: 20px;\">Gel\u00e9e anesth\u00e9sique topique, USP<\/span><\/p>\n<p>Gel\u00e9e de chlorhydrate de lidoca\u00efne st\u00e9rile \u00e0 2% indiqu\u00e9e pour le soulagement temporaire de la douleur et des d\u00e9mangeaisons caus\u00e9es par des br\u00fblures mineures, des coups de soleil, des piq\u00fbres d&#8217;insectes, des coupures mineures, des \u00e9raflures et des irritations cutan\u00e9es mineures.<\/p>\n<p><strong>DIN 02143879<\/strong><br \/>\n\u200b<br \/>\n[fusion_table]<\/p>\n<div class=\"table-1\">\n<table width=\"100%\">\n<thead style=\"background-color: blue;\">\n<tr>\n<th style=\"color: white;\" align=\"left\">CODE<\/th>\n<th style=\"color: white;\" align=\"left\">FORMAT<\/th>\n<\/tr>\n<\/thead>\n<tbody>\n<tr>\n<td align=\"left\">11628<\/td>\n<td align=\"left\">30 mL<\/td>\n<\/tr>\n<\/tbody>\n<\/table>\n<\/div>\n<p>[\/fusion_table]<\/p>\n","protected":false},"featured_media":1100,"template":"","meta":{"_exactmetrics_skip_tracking":false,"_exactmetrics_sitenote_active":false,"_exactmetrics_sitenote_note":"","_exactmetrics_sitenote_category":0,"jetpack_post_was_ever_published":false},"product_brand":[],"product_cat":[67],"product_tag":[],"class_list":{"0":"post-1394","1":"product","2":"type-product","3":"status-publish","4":"has-post-thumbnail","6":"product_cat-generique","7":"product-grid-view","9":"first","10":"instock","11":"taxable","12":"shipping-taxable","13":"product-type-simple"},"yoast_head":"<!-- This site is optimized with the Yoast SEO plugin v27.0 - https:\/\/yoast.com\/product\/yoast-seo-wordpress\/ -->\n<title>LIDODANMD 2% Gel\u00e9e - Odan Laboratories Ltd.<\/title>\n<meta name=\"robots\" content=\"index, follow, max-snippet:-1, max-image-preview:large, max-video-preview:-1\" \/>\n<link rel=\"canonical\" href=\"https:\/\/odanlab.com\/fr\/produit\/lidodan-2-gelee\/\" \/>\n<meta property=\"og:locale\" content=\"fr_FR\" \/>\n<meta property=\"og:type\" content=\"article\" \/>\n<meta property=\"og:title\" content=\"LIDODANMD 2% Gel\u00e9e - Odan Laboratories Ltd.\" \/>\n<meta property=\"og:description\" content=\"Gel\u00e9e anesth\u00e9sique topique, USP Gel\u00e9e de chlorhydrate de lidoca\u00efne st\u00e9rile \u00e0 2% indiqu\u00e9e pour le soulagement temporaire de la douleur et des d\u00e9mangeaisons caus\u00e9es par des br\u00fblures mineures, des coups de soleil, des piq\u00fbres d&#039;insectes, des coupures mineures, des \u00e9raflures et des irritations cutan\u00e9es mineures. DIN 02143879 \u200b\" \/>\n<meta property=\"og:url\" content=\"https:\/\/odanlab.com\/fr\/produit\/lidodan-2-gelee\/\" \/>\n<meta property=\"og:site_name\" content=\"Odan Laboratories Ltd.\" \/>\n<meta property=\"article:publisher\" content=\"https:\/\/www.facebook.com\/odanlab\/\" \/>\n<meta property=\"article:modified_time\" content=\"2018-07-27T13:49:28+00:00\" \/>\n<meta property=\"og:image\" content=\"https:\/\/odanlab.com\/wp-content\/uploads\/2018\/07\/Lidodan-2-Jelly-800x800.png\" \/>\n\t<meta property=\"og:image:width\" content=\"800\" \/>\n\t<meta property=\"og:image:height\" content=\"800\" \/>\n\t<meta property=\"og:image:type\" content=\"image\/png\" \/>\n<meta name=\"twitter:card\" content=\"summary_large_image\" \/>\n<script type=\"application\/ld+json\" class=\"yoast-schema-graph\">{\"@context\":\"https:\/\/schema.org\",\"@graph\":[{\"@type\":\"WebPage\",\"@id\":\"https:\/\/odanlab.com\/fr\/produit\/lidodan-2-gelee\/\",\"url\":\"https:\/\/odanlab.com\/fr\/produit\/lidodan-2-gelee\/\",\"name\":\"LIDODANMD 2% Gel\u00e9e - Odan Laboratories Ltd.\",\"isPartOf\":{\"@id\":\"https:\/\/odanlab.com\/#website\"},\"primaryImageOfPage\":{\"@id\":\"https:\/\/odanlab.com\/fr\/produit\/lidodan-2-gelee\/#primaryimage\"},\"image\":{\"@id\":\"https:\/\/odanlab.com\/fr\/produit\/lidodan-2-gelee\/#primaryimage\"},\"thumbnailUrl\":\"https:\/\/odanlab.com\/wp-content\/uploads\/2018\/07\/Lidodan-2-Jelly-800x800.png\",\"datePublished\":\"2018-07-12T14:23:18+00:00\",\"dateModified\":\"2018-07-27T13:49:28+00:00\",\"breadcrumb\":{\"@id\":\"https:\/\/odanlab.com\/fr\/produit\/lidodan-2-gelee\/#breadcrumb\"},\"inLanguage\":\"fr-FR\",\"potentialAction\":[{\"@type\":\"ReadAction\",\"target\":[\"https:\/\/odanlab.com\/fr\/produit\/lidodan-2-gelee\/\"]}]},{\"@type\":\"ImageObject\",\"inLanguage\":\"fr-FR\",\"@id\":\"https:\/\/odanlab.com\/fr\/produit\/lidodan-2-gelee\/#primaryimage\",\"url\":\"https:\/\/odanlab.com\/wp-content\/uploads\/2018\/07\/Lidodan-2-Jelly-800x800.png\",\"contentUrl\":\"https:\/\/odanlab.com\/wp-content\/uploads\/2018\/07\/Lidodan-2-Jelly-800x800.png\",\"width\":800,\"height\":800},{\"@type\":\"BreadcrumbList\",\"@id\":\"https:\/\/odanlab.com\/fr\/produit\/lidodan-2-gelee\/#breadcrumb\",\"itemListElement\":[{\"@type\":\"ListItem\",\"position\":1,\"name\":\"Home\",\"item\":\"https:\/\/odanlab.com\/fr\/\"},{\"@type\":\"ListItem\",\"position\":2,\"name\":\"Products\",\"item\":\"https:\/\/odanlab.com\/shop\/\"},{\"@type\":\"ListItem\",\"position\":3,\"name\":\"LIDODANMD 2% Gel\u00e9e\"}]},{\"@type\":\"WebSite\",\"@id\":\"https:\/\/odanlab.com\/#website\",\"url\":\"https:\/\/odanlab.com\/\",\"name\":\"Odan Laboratories Ltd.\",\"description\":\"The Leader in Specialty Generic Pharmaceutical Products\",\"potentialAction\":[{\"@type\":\"SearchAction\",\"target\":{\"@type\":\"EntryPoint\",\"urlTemplate\":\"https:\/\/odanlab.com\/?s={search_term_string}\"},\"query-input\":{\"@type\":\"PropertyValueSpecification\",\"valueRequired\":true,\"valueName\":\"search_term_string\"}}],\"inLanguage\":\"fr-FR\"}]}<\/script>\n<!-- \/ Yoast SEO plugin. -->","yoast_head_json":{"title":"LIDODANMD 2% Gel\u00e9e - Odan Laboratories Ltd.","robots":{"index":"index","follow":"follow","max-snippet":"max-snippet:-1","max-image-preview":"max-image-preview:large","max-video-preview":"max-video-preview:-1"},"canonical":"https:\/\/odanlab.com\/fr\/produit\/lidodan-2-gelee\/","og_locale":"fr_FR","og_type":"article","og_title":"LIDODANMD 2% Gel\u00e9e - Odan Laboratories Ltd.","og_description":"Gel\u00e9e anesth\u00e9sique topique, USP Gel\u00e9e de chlorhydrate de lidoca\u00efne st\u00e9rile \u00e0 2% indiqu\u00e9e pour le soulagement temporaire de la douleur et des d\u00e9mangeaisons caus\u00e9es par des br\u00fblures mineures, des coups de soleil, des piq\u00fbres d'insectes, des coupures mineures, des \u00e9raflures et des irritations cutan\u00e9es mineures. DIN 02143879 \u200b","og_url":"https:\/\/odanlab.com\/fr\/produit\/lidodan-2-gelee\/","og_site_name":"Odan Laboratories Ltd.","article_publisher":"https:\/\/www.facebook.com\/odanlab\/","article_modified_time":"2018-07-27T13:49:28+00:00","og_image":[{"width":800,"height":800,"url":"https:\/\/odanlab.com\/wp-content\/uploads\/2018\/07\/Lidodan-2-Jelly-800x800.png","type":"image\/png"}],"twitter_card":"summary_large_image","schema":{"@context":"https:\/\/schema.org","@graph":[{"@type":"WebPage","@id":"https:\/\/odanlab.com\/fr\/produit\/lidodan-2-gelee\/","url":"https:\/\/odanlab.com\/fr\/produit\/lidodan-2-gelee\/","name":"LIDODANMD 2% Gel\u00e9e - Odan Laboratories Ltd.","isPartOf":{"@id":"https:\/\/odanlab.com\/#website"},"primaryImageOfPage":{"@id":"https:\/\/odanlab.com\/fr\/produit\/lidodan-2-gelee\/#primaryimage"},"image":{"@id":"https:\/\/odanlab.com\/fr\/produit\/lidodan-2-gelee\/#primaryimage"},"thumbnailUrl":"https:\/\/odanlab.com\/wp-content\/uploads\/2018\/07\/Lidodan-2-Jelly-800x800.png","datePublished":"2018-07-12T14:23:18+00:00","dateModified":"2018-07-27T13:49:28+00:00","breadcrumb":{"@id":"https:\/\/odanlab.com\/fr\/produit\/lidodan-2-gelee\/#breadcrumb"},"inLanguage":"fr-FR","potentialAction":[{"@type":"ReadAction","target":["https:\/\/odanlab.com\/fr\/produit\/lidodan-2-gelee\/"]}]},{"@type":"ImageObject","inLanguage":"fr-FR","@id":"https:\/\/odanlab.com\/fr\/produit\/lidodan-2-gelee\/#primaryimage","url":"https:\/\/odanlab.com\/wp-content\/uploads\/2018\/07\/Lidodan-2-Jelly-800x800.png","contentUrl":"https:\/\/odanlab.com\/wp-content\/uploads\/2018\/07\/Lidodan-2-Jelly-800x800.png","width":800,"height":800},{"@type":"BreadcrumbList","@id":"https:\/\/odanlab.com\/fr\/produit\/lidodan-2-gelee\/#breadcrumb","itemListElement":[{"@type":"ListItem","position":1,"name":"Home","item":"https:\/\/odanlab.com\/fr\/"},{"@type":"ListItem","position":2,"name":"Products","item":"https:\/\/odanlab.com\/shop\/"},{"@type":"ListItem","position":3,"name":"LIDODANMD 2% Gel\u00e9e"}]},{"@type":"WebSite","@id":"https:\/\/odanlab.com\/#website","url":"https:\/\/odanlab.com\/","name":"Odan Laboratories Ltd.","description":"The Leader in Specialty Generic Pharmaceutical Products","potentialAction":[{"@type":"SearchAction","target":{"@type":"EntryPoint","urlTemplate":"https:\/\/odanlab.com\/?s={search_term_string}"},"query-input":{"@type":"PropertyValueSpecification","valueRequired":true,"valueName":"search_term_string"}}],"inLanguage":"fr-FR"}]}},"jetpack_sharing_enabled":true,"_links":{"self":[{"href":"https:\/\/odanlab.com\/fr\/wp-json\/wp\/v2\/product\/1394","targetHints":{"allow":["GET"]}}],"collection":[{"href":"https:\/\/odanlab.com\/fr\/wp-json\/wp\/v2\/product"}],"about":[{"href":"https:\/\/odanlab.com\/fr\/wp-json\/wp\/v2\/types\/product"}],"wp:featuredmedia":[{"embeddable":true,"href":"https:\/\/odanlab.com\/fr\/wp-json\/wp\/v2\/media\/1100"}],"wp:attachment":[{"href":"https:\/\/odanlab.com\/fr\/wp-json\/wp\/v2\/media?parent=1394"}],"wp:term":[{"taxonomy":"product_brand","embeddable":true,"href":"https:\/\/odanlab.com\/fr\/wp-json\/wp\/v2\/product_brand?post=1394"},{"taxonomy":"product_cat","embeddable":true,"href":"https:\/\/odanlab.com\/fr\/wp-json\/wp\/v2\/product_cat?post=1394"},{"taxonomy":"product_tag","embeddable":true,"href":"https:\/\/odanlab.com\/fr\/wp-json\/wp\/v2\/product_tag?post=1394"}],"curies":[{"name":"wp","href":"https:\/\/api.w.org\/{rel}","templated":true}]}}