{"id":2950,"date":"2019-08-15T17:16:19","date_gmt":"2019-08-15T21:16:19","guid":{"rendered":"https:\/\/odanlab.com\/?page_id=2950"},"modified":"2024-02-09T19:54:25","modified_gmt":"2024-02-10T00:54:25","slug":"verlyx","status":"publish","type":"page","link":"https:\/\/odanlab.com\/fr\/verlyx\/","title":{"rendered":"Verlyx"},"content":{"rendered":"<div class=\"fusion-fullwidth fullwidth-box fusion-builder-row-1 nonhundred-percent-fullwidth non-hundred-percent-height-scrolling\"  style='background-color: rgba(255,255,255,0);background-position: center center;background-repeat: no-repeat;padding-top:0px;padding-right:0px;padding-bottom:0px;padding-left:0px;'><div class=\"fusion-builder-row fusion-row \"><div  class=\"fusion-layout-column fusion_builder_column fusion_builder_column_1_1 fusion-builder-column-0 fusion-one-full fusion-column-first fusion-column-last 1_1\"  style='margin-top:0px;margin-bottom:20px;'><div class=\"fusion-column-wrapper\" style=\"padding: 0px 0px 0px 0px;background-position:left top;background-repeat:no-repeat;-webkit-background-size:cover;-moz-background-size:cover;-o-background-size:cover;background-size:cover;\"   data-bg-url=\"\"><div class=\"fusion-text\"><p style=\"font-weight: 400;\">Les Laboratories Odan Lt\u00e9e a fait l\u2019\u00a0acquisition de Verlyx Pharma Inc. (\u00abVerlyx\u00bb), une soci\u00e9t\u00e9 biopharmaceutique en phase clinique \u00e9tablie \u00e0 Montr\u00e9al, pour le d\u00e9veloppement et la commercialisation de son compos\u00e9 principal, le VLX103 et ses analogues dans le traitement de maladie gastro-intestinale. L\u2019innocuit\u00e9 et l\u2019efficacit\u00e9 du produit font toujours l\u2019objet d\u2019une enqu\u00eate et Sant\u00e9 Canada n\u2019a pas accord\u00e9 d\u2019autorisation de mise en march\u00e9.<\/p>\n<p style=\"font-weight: 400;\">\u00abAvec l\u2019acquisition de Verlyx, Odan continue de d\u00e9velopper et de diversifier ses activit\u00e9s de R &amp; D\u00bb, a d\u00e9clar\u00e9 Howard Kaminsky, pr\u00e9sident d\u2019Odan. \u201cNous sommes confiants dans le potentiel du VLX103 de Verlyx et de ses analogues \u00e0 \u00eatre profitable \u00e0 l\u2019avenir pour Odan.\u00a0\u00bb<\/p>\n<\/div><div class=\"fusion-clearfix\"><\/div><\/div><\/div><\/div><\/div>\n","protected":false},"excerpt":{"rendered":"","protected":false},"author":1,"featured_media":0,"parent":0,"menu_order":0,"comment_status":"closed","ping_status":"closed","template":"","meta":{"_exactmetrics_skip_tracking":false,"_exactmetrics_sitenote_active":false,"_exactmetrics_sitenote_note":"","_exactmetrics_sitenote_category":0,"jetpack_post_was_ever_published":false,"footnotes":""},"class_list":["post-2950","page","type-page","status-publish","hentry"],"yoast_head":"<!-- This site is optimized with the Yoast SEO plugin v27.0 - https:\/\/yoast.com\/product\/yoast-seo-wordpress\/ -->\n<title>Verlyx - Odan Laboratories Ltd.<\/title>\n<meta name=\"robots\" content=\"index, follow, max-snippet:-1, max-image-preview:large, max-video-preview:-1\" \/>\n<link rel=\"canonical\" href=\"https:\/\/odanlab.com\/fr\/verlyx\/\" \/>\n<meta property=\"og:locale\" content=\"fr_FR\" \/>\n<meta property=\"og:type\" content=\"article\" \/>\n<meta property=\"og:title\" content=\"Verlyx - Odan Laboratories Ltd.\" \/>\n<meta property=\"og:url\" content=\"https:\/\/odanlab.com\/fr\/verlyx\/\" \/>\n<meta property=\"og:site_name\" content=\"Odan Laboratories Ltd.\" \/>\n<meta property=\"article:publisher\" content=\"https:\/\/www.facebook.com\/odanlab\/\" \/>\n<meta property=\"article:modified_time\" content=\"2024-02-10T00:54:25+00:00\" \/>\n<meta name=\"twitter:card\" content=\"summary_large_image\" \/>\n<meta name=\"twitter:label1\" content=\"Dur\u00e9e de lecture estim\u00e9e\" \/>\n\t<meta name=\"twitter:data1\" content=\"4 minutes\" \/>\n<script type=\"application\/ld+json\" class=\"yoast-schema-graph\">{\"@context\":\"https:\/\/schema.org\",\"@graph\":[{\"@type\":\"WebPage\",\"@id\":\"https:\/\/odanlab.com\/fr\/verlyx\/\",\"url\":\"https:\/\/odanlab.com\/fr\/verlyx\/\",\"name\":\"Verlyx - Odan Laboratories Ltd.\",\"isPartOf\":{\"@id\":\"https:\/\/odanlab.com\/#website\"},\"datePublished\":\"2019-08-15T21:16:19+00:00\",\"dateModified\":\"2024-02-10T00:54:25+00:00\",\"breadcrumb\":{\"@id\":\"https:\/\/odanlab.com\/fr\/verlyx\/#breadcrumb\"},\"inLanguage\":\"fr-FR\",\"potentialAction\":[{\"@type\":\"ReadAction\",\"target\":[\"https:\/\/odanlab.com\/fr\/verlyx\/\"]}]},{\"@type\":\"BreadcrumbList\",\"@id\":\"https:\/\/odanlab.com\/fr\/verlyx\/#breadcrumb\",\"itemListElement\":[{\"@type\":\"ListItem\",\"position\":1,\"name\":\"Home\",\"item\":\"https:\/\/odanlab.com\/fr\/\"},{\"@type\":\"ListItem\",\"position\":2,\"name\":\"Verlyx\"}]},{\"@type\":\"WebSite\",\"@id\":\"https:\/\/odanlab.com\/#website\",\"url\":\"https:\/\/odanlab.com\/\",\"name\":\"Odan Laboratories Ltd.\",\"description\":\"The Leader in Specialty Generic Pharmaceutical Products\",\"potentialAction\":[{\"@type\":\"SearchAction\",\"target\":{\"@type\":\"EntryPoint\",\"urlTemplate\":\"https:\/\/odanlab.com\/?s={search_term_string}\"},\"query-input\":{\"@type\":\"PropertyValueSpecification\",\"valueRequired\":true,\"valueName\":\"search_term_string\"}}],\"inLanguage\":\"fr-FR\"}]}<\/script>\n<!-- \/ Yoast SEO plugin. -->","yoast_head_json":{"title":"Verlyx - Odan Laboratories Ltd.","robots":{"index":"index","follow":"follow","max-snippet":"max-snippet:-1","max-image-preview":"max-image-preview:large","max-video-preview":"max-video-preview:-1"},"canonical":"https:\/\/odanlab.com\/fr\/verlyx\/","og_locale":"fr_FR","og_type":"article","og_title":"Verlyx - Odan Laboratories Ltd.","og_url":"https:\/\/odanlab.com\/fr\/verlyx\/","og_site_name":"Odan Laboratories Ltd.","article_publisher":"https:\/\/www.facebook.com\/odanlab\/","article_modified_time":"2024-02-10T00:54:25+00:00","twitter_card":"summary_large_image","twitter_misc":{"Dur\u00e9e de lecture estim\u00e9e":"4 minutes"},"schema":{"@context":"https:\/\/schema.org","@graph":[{"@type":"WebPage","@id":"https:\/\/odanlab.com\/fr\/verlyx\/","url":"https:\/\/odanlab.com\/fr\/verlyx\/","name":"Verlyx - Odan Laboratories Ltd.","isPartOf":{"@id":"https:\/\/odanlab.com\/#website"},"datePublished":"2019-08-15T21:16:19+00:00","dateModified":"2024-02-10T00:54:25+00:00","breadcrumb":{"@id":"https:\/\/odanlab.com\/fr\/verlyx\/#breadcrumb"},"inLanguage":"fr-FR","potentialAction":[{"@type":"ReadAction","target":["https:\/\/odanlab.com\/fr\/verlyx\/"]}]},{"@type":"BreadcrumbList","@id":"https:\/\/odanlab.com\/fr\/verlyx\/#breadcrumb","itemListElement":[{"@type":"ListItem","position":1,"name":"Home","item":"https:\/\/odanlab.com\/fr\/"},{"@type":"ListItem","position":2,"name":"Verlyx"}]},{"@type":"WebSite","@id":"https:\/\/odanlab.com\/#website","url":"https:\/\/odanlab.com\/","name":"Odan Laboratories Ltd.","description":"The Leader in Specialty Generic Pharmaceutical Products","potentialAction":[{"@type":"SearchAction","target":{"@type":"EntryPoint","urlTemplate":"https:\/\/odanlab.com\/?s={search_term_string}"},"query-input":{"@type":"PropertyValueSpecification","valueRequired":true,"valueName":"search_term_string"}}],"inLanguage":"fr-FR"}]}},"jetpack_sharing_enabled":true,"jetpack_shortlink":"https:\/\/wp.me\/Pahxdx-LA","_links":{"self":[{"href":"https:\/\/odanlab.com\/fr\/wp-json\/wp\/v2\/pages\/2950","targetHints":{"allow":["GET"]}}],"collection":[{"href":"https:\/\/odanlab.com\/fr\/wp-json\/wp\/v2\/pages"}],"about":[{"href":"https:\/\/odanlab.com\/fr\/wp-json\/wp\/v2\/types\/page"}],"author":[{"embeddable":true,"href":"https:\/\/odanlab.com\/fr\/wp-json\/wp\/v2\/users\/1"}],"replies":[{"embeddable":true,"href":"https:\/\/odanlab.com\/fr\/wp-json\/wp\/v2\/comments?post=2950"}],"version-history":[{"count":7,"href":"https:\/\/odanlab.com\/fr\/wp-json\/wp\/v2\/pages\/2950\/revisions"}],"predecessor-version":[{"id":358312,"href":"https:\/\/odanlab.com\/fr\/wp-json\/wp\/v2\/pages\/2950\/revisions\/358312"}],"wp:attachment":[{"href":"https:\/\/odanlab.com\/fr\/wp-json\/wp\/v2\/media?parent=2950"}],"curies":[{"name":"wp","href":"https:\/\/api.w.org\/{rel}","templated":true}]}}