{"id":2195,"date":"2018-08-31T15:22:41","date_gmt":"2018-08-31T15:22:41","guid":{"rendered":"https:\/\/odan.odanlabdev.ca\/purg-odan\/purg-odan-professionnels\/"},"modified":"2018-08-31T16:06:37","modified_gmt":"2018-08-31T16:06:37","slug":"purg-odan-professionnels","status":"publish","type":"page","link":"https:\/\/odanlab.com\/fr\/purg-odan\/purg-odan-professionnels\/","title":{"rendered":"Purg-Odan-Professionnels"},"content":{"rendered":"<div class=\"fusion-fullwidth fullwidth-box fusion-builder-row-1 nonhundred-percent-fullwidth non-hundred-percent-height-scrolling\"  style='background-color: rgba(255,255,255,0);background-position: center center;background-repeat: no-repeat;padding-top:0px;padding-right:0px;padding-bottom:0px;padding-left:0px;'><div class=\"fusion-builder-row fusion-row \"><div  class=\"fusion-layout-column fusion_builder_column fusion_builder_column_1_1 fusion-builder-column-0 fusion-one-full fusion-column-first fusion-column-last 1_1\"  style='margin-top:0px;margin-bottom:20px;'><div class=\"fusion-column-wrapper\" style=\"padding: 0px 0px 0px 0px;background-position:left top;background-repeat:no-repeat;-webkit-background-size:cover;-moz-background-size:cover;-o-background-size:cover;background-size:cover;\"   data-bg-url=\"\"><div class=\"fusion-text\"><h2><strong>Nous sommes heureux d&#8217;offrir une vari\u00e9t\u00e9 d&#8217;outils aux patients, pharmaciens et aux professionnels de la sant\u00e9 afin de mieux comprendre l&#8217;utilisation et les avantages de Purg-Odan<sup>MD<\/sup>.<\/strong><\/h2>\n<h2><span style=\"color: #f6b16c;\"><a style=\"color: #f6b16c;\" href=\"https:\/\/odanlab.com\/wp-content\/uploads\/2018\/08\/Prescribing-Info-FR.pdf\" target=\"_blank\" rel=\"noopener\"><strong>T\u00e9l\u00e9charger les Informations th\u00e9rapeutiques<\/strong><\/a><\/span><\/h2>\n<h2><span style=\"color: #f6b16c;\"><a style=\"color: #f6b16c;\" href=\"https:\/\/odanlab.com\/wp-content\/uploads\/2018\/08\/Protocol-Customizable-FR.pdf\" target=\"_blank\" rel=\"noopener\"><strong>T\u00e9l\u00e9charger les Instructions de pr\u00e9paration<\/strong><\/a><\/span><\/h2>\n<h2><span style=\"color: #f6b16c;\"><a style=\"color: #f6b16c;\" href=\"https:\/\/odanlab.com\/wp-content\/uploads\/2018\/08\/Request-Sheet-FR.pdf\" target=\"_blank\" rel=\"noopener\"><strong>T\u00e9l\u00e9charger la Demande d&#8217;information et\/ou de mat\u00e9riel suppl\u00e9mentaires<\/strong><\/a><\/span><\/h2>\n<\/div><div class=\"fusion-clearfix\"><\/div><\/div><\/div><\/div><\/div>\n","protected":false},"excerpt":{"rendered":"","protected":false},"author":1,"featured_media":0,"parent":2146,"menu_order":0,"comment_status":"closed","ping_status":"closed","template":"","meta":{"_exactmetrics_skip_tracking":false,"_exactmetrics_sitenote_active":false,"_exactmetrics_sitenote_note":"","_exactmetrics_sitenote_category":0,"jetpack_post_was_ever_published":false,"footnotes":""},"class_list":["post-2195","page","type-page","status-publish","hentry"],"yoast_head":"<!-- This site is optimized with the Yoast SEO plugin v27.0 - https:\/\/yoast.com\/product\/yoast-seo-wordpress\/ -->\n<title>Purg-Odan-Professionnels - Odan Laboratories Ltd.<\/title>\n<meta name=\"robots\" content=\"index, follow, max-snippet:-1, max-image-preview:large, max-video-preview:-1\" \/>\n<link rel=\"canonical\" href=\"https:\/\/odanlab.com\/fr\/purg-odan\/purg-odan-professionnels\/\" \/>\n<meta property=\"og:locale\" content=\"fr_FR\" \/>\n<meta property=\"og:type\" content=\"article\" \/>\n<meta property=\"og:title\" content=\"Purg-Odan-Professionnels - Odan Laboratories Ltd.\" \/>\n<meta property=\"og:url\" content=\"https:\/\/odanlab.com\/fr\/purg-odan\/purg-odan-professionnels\/\" \/>\n<meta property=\"og:site_name\" content=\"Odan Laboratories Ltd.\" \/>\n<meta property=\"article:publisher\" content=\"https:\/\/www.facebook.com\/odanlab\/\" \/>\n<meta property=\"article:modified_time\" content=\"2018-08-31T16:06:37+00:00\" \/>\n<meta name=\"twitter:card\" content=\"summary_large_image\" \/>\n<meta name=\"twitter:label1\" content=\"Dur\u00e9e de lecture estim\u00e9e\" \/>\n\t<meta name=\"twitter:data1\" content=\"1 minute\" \/>\n<script type=\"application\/ld+json\" class=\"yoast-schema-graph\">{\"@context\":\"https:\/\/schema.org\",\"@graph\":[{\"@type\":\"WebPage\",\"@id\":\"https:\/\/odanlab.com\/fr\/purg-odan\/purg-odan-professionnels\/\",\"url\":\"https:\/\/odanlab.com\/fr\/purg-odan\/purg-odan-professionnels\/\",\"name\":\"Purg-Odan-Professionnels - Odan Laboratories Ltd.\",\"isPartOf\":{\"@id\":\"https:\/\/odanlab.com\/#website\"},\"datePublished\":\"2018-08-31T15:22:41+00:00\",\"dateModified\":\"2018-08-31T16:06:37+00:00\",\"breadcrumb\":{\"@id\":\"https:\/\/odanlab.com\/fr\/purg-odan\/purg-odan-professionnels\/#breadcrumb\"},\"inLanguage\":\"fr-FR\",\"potentialAction\":[{\"@type\":\"ReadAction\",\"target\":[\"https:\/\/odanlab.com\/fr\/purg-odan\/purg-odan-professionnels\/\"]}]},{\"@type\":\"BreadcrumbList\",\"@id\":\"https:\/\/odanlab.com\/fr\/purg-odan\/purg-odan-professionnels\/#breadcrumb\",\"itemListElement\":[{\"@type\":\"ListItem\",\"position\":1,\"name\":\"Home\",\"item\":\"https:\/\/odanlab.com\/fr\/\"},{\"@type\":\"ListItem\",\"position\":2,\"name\":\"Purg-Odan\",\"item\":\"https:\/\/odanlab.com\/fr\/purg-odan\/\"},{\"@type\":\"ListItem\",\"position\":3,\"name\":\"Purg-Odan-Professionnels\"}]},{\"@type\":\"WebSite\",\"@id\":\"https:\/\/odanlab.com\/#website\",\"url\":\"https:\/\/odanlab.com\/\",\"name\":\"Odan Laboratories Ltd.\",\"description\":\"The Leader in Specialty Generic Pharmaceutical Products\",\"potentialAction\":[{\"@type\":\"SearchAction\",\"target\":{\"@type\":\"EntryPoint\",\"urlTemplate\":\"https:\/\/odanlab.com\/?s={search_term_string}\"},\"query-input\":{\"@type\":\"PropertyValueSpecification\",\"valueRequired\":true,\"valueName\":\"search_term_string\"}}],\"inLanguage\":\"fr-FR\"}]}<\/script>\n<!-- \/ Yoast SEO plugin. -->","yoast_head_json":{"title":"Purg-Odan-Professionnels - Odan Laboratories Ltd.","robots":{"index":"index","follow":"follow","max-snippet":"max-snippet:-1","max-image-preview":"max-image-preview:large","max-video-preview":"max-video-preview:-1"},"canonical":"https:\/\/odanlab.com\/fr\/purg-odan\/purg-odan-professionnels\/","og_locale":"fr_FR","og_type":"article","og_title":"Purg-Odan-Professionnels - Odan Laboratories Ltd.","og_url":"https:\/\/odanlab.com\/fr\/purg-odan\/purg-odan-professionnels\/","og_site_name":"Odan Laboratories Ltd.","article_publisher":"https:\/\/www.facebook.com\/odanlab\/","article_modified_time":"2018-08-31T16:06:37+00:00","twitter_card":"summary_large_image","twitter_misc":{"Dur\u00e9e de lecture estim\u00e9e":"1 minute"},"schema":{"@context":"https:\/\/schema.org","@graph":[{"@type":"WebPage","@id":"https:\/\/odanlab.com\/fr\/purg-odan\/purg-odan-professionnels\/","url":"https:\/\/odanlab.com\/fr\/purg-odan\/purg-odan-professionnels\/","name":"Purg-Odan-Professionnels - Odan Laboratories Ltd.","isPartOf":{"@id":"https:\/\/odanlab.com\/#website"},"datePublished":"2018-08-31T15:22:41+00:00","dateModified":"2018-08-31T16:06:37+00:00","breadcrumb":{"@id":"https:\/\/odanlab.com\/fr\/purg-odan\/purg-odan-professionnels\/#breadcrumb"},"inLanguage":"fr-FR","potentialAction":[{"@type":"ReadAction","target":["https:\/\/odanlab.com\/fr\/purg-odan\/purg-odan-professionnels\/"]}]},{"@type":"BreadcrumbList","@id":"https:\/\/odanlab.com\/fr\/purg-odan\/purg-odan-professionnels\/#breadcrumb","itemListElement":[{"@type":"ListItem","position":1,"name":"Home","item":"https:\/\/odanlab.com\/fr\/"},{"@type":"ListItem","position":2,"name":"Purg-Odan","item":"https:\/\/odanlab.com\/fr\/purg-odan\/"},{"@type":"ListItem","position":3,"name":"Purg-Odan-Professionnels"}]},{"@type":"WebSite","@id":"https:\/\/odanlab.com\/#website","url":"https:\/\/odanlab.com\/","name":"Odan Laboratories Ltd.","description":"The Leader in Specialty Generic Pharmaceutical Products","potentialAction":[{"@type":"SearchAction","target":{"@type":"EntryPoint","urlTemplate":"https:\/\/odanlab.com\/?s={search_term_string}"},"query-input":{"@type":"PropertyValueSpecification","valueRequired":true,"valueName":"search_term_string"}}],"inLanguage":"fr-FR"}]}},"jetpack_sharing_enabled":true,"jetpack_shortlink":"https:\/\/wp.me\/Pahxdx-zp","_links":{"self":[{"href":"https:\/\/odanlab.com\/fr\/wp-json\/wp\/v2\/pages\/2195","targetHints":{"allow":["GET"]}}],"collection":[{"href":"https:\/\/odanlab.com\/fr\/wp-json\/wp\/v2\/pages"}],"about":[{"href":"https:\/\/odanlab.com\/fr\/wp-json\/wp\/v2\/types\/page"}],"author":[{"embeddable":true,"href":"https:\/\/odanlab.com\/fr\/wp-json\/wp\/v2\/users\/1"}],"replies":[{"embeddable":true,"href":"https:\/\/odanlab.com\/fr\/wp-json\/wp\/v2\/comments?post=2195"}],"version-history":[{"count":1,"href":"https:\/\/odanlab.com\/fr\/wp-json\/wp\/v2\/pages\/2195\/revisions"}],"predecessor-version":[{"id":2196,"href":"https:\/\/odanlab.com\/fr\/wp-json\/wp\/v2\/pages\/2195\/revisions\/2196"}],"up":[{"embeddable":true,"href":"https:\/\/odanlab.com\/fr\/wp-json\/wp\/v2\/pages\/2146"}],"wp:attachment":[{"href":"https:\/\/odanlab.com\/fr\/wp-json\/wp\/v2\/media?parent=2195"}],"curies":[{"name":"wp","href":"https:\/\/api.w.org\/{rel}","templated":true}]}}