{"id":2193,"date":"2018-08-31T15:21:22","date_gmt":"2018-08-31T15:21:22","guid":{"rendered":"https:\/\/odan.odanlabdev.ca\/purg-odan\/purg-odan-faq\/"},"modified":"2018-08-31T16:05:08","modified_gmt":"2018-08-31T16:05:08","slug":"purg-odan-faq","status":"publish","type":"page","link":"https:\/\/odanlab.com\/fr\/purg-odan\/purg-odan-faq\/","title":{"rendered":"Purg-Odan-FAQ"},"content":{"rendered":"<div class=\"fusion-fullwidth fullwidth-box fusion-builder-row-1 nonhundred-percent-fullwidth non-hundred-percent-height-scrolling\"  style='background-color: rgba(255,255,255,0);background-position: center center;background-repeat: no-repeat;padding-top:0px;padding-right:0px;padding-bottom:0px;padding-left:0px;'><div class=\"fusion-builder-row fusion-row \"><div  class=\"fusion-layout-column fusion_builder_column fusion_builder_column_1_1 fusion-builder-column-0 fusion-one-full fusion-column-first fusion-column-last 1_1\"  style='margin-top:0px;margin-bottom:20px;'><div class=\"fusion-column-wrapper\" style=\"padding: 0px 0px 0px 0px;background-position:left top;background-repeat:no-repeat;-webkit-background-size:cover;-moz-background-size:cover;-o-background-size:cover;background-size:cover;\"   data-bg-url=\"\"><div class=\"fusion-text\"><h2><strong>Questions g\u00e9n\u00e9rales<\/strong><\/h2>\n<p><strong>O\u00f9 puis-je acheter le Purg-Odan<sup>MD<\/sup>?<\/strong><br \/>\nPurg-Odan<sup>MD<\/sup> est offert sans prescription \u00e0 presque toutes les pharmacies au Canada. De plus, c\u2019est le purgatif oral le moins cher. Contactez un pharmacien pr\u00e8s de chez vous pour confirmer la disponibilit\u00e9.<\/p>\n<p><strong>Is Purg-Odan<sup>MD<\/sup> est-il fabriqu\u00e9 au Canada?<\/strong><br \/>\nOui, le Purg-Odan<sup>MD<\/sup> est fabriqu\u00e9 par les laboratoires Odan lt\u00e9, une compagnie pharmaceutique priv\u00e9e \u00e9tablie \u00e0 Montr\u00e9al, Qu\u00e9bec.<\/p>\n<p><strong>Est-ce que j&#8217;ai besoin d\u2019une ordonnance pour acheter du Purg-Odan<sup>MD<\/sup>?<\/strong><br \/>\nNon, vous n\u2019avez pas besoin d\u2019une ordonnance pour acheter du Purg-Odan<sup>MD<\/sup>.<\/p>\n<p><strong>Et si mon docteur m\u2019a prescrit un autre purgative pour pr\u00e9parer ma coloscopie?<\/strong><br \/>\nPurg-Odan<sup>MD<\/sup> peut servir d\u2019alternative \u00e0 d\u2019autres purgatifs oraux. Veuillez consulter votre m\u00e9decin avant d\u2019utiliser un produit autre que celui qui vous a \u00e9t\u00e9 prescrit.<\/p>\n<h2><strong>Utiliser le Purg-Odan<sup>MD<\/sup><\/strong><\/h2>\n<p><strong>Comment dois-je entreposer le Purg-Odan<sup>MD<\/sup> avant de l\u2019utiliser?<\/strong><br \/>\nLe produit doit demeurer \u00e0 une temp\u00e9rature entre 15 \u2013 30 \u00b0C. Assurez-vous de garder le Purg-Odan\u00ae hors de la port\u00e9e des enfants.<\/p>\n<p><strong>Puis-je pr\u00e9parer, puis r\u00e9frig\u00e9rer le m\u00e9lange le jour pr\u00e9c\u00e9dant la coloscopie?<\/strong><br \/>\nIl n\u2019est pas recommand\u00e9 de pr\u00e9parer les sachets de Purg-Odan<sup>MD<\/sup> \u00e0 l\u2019avance pour \u00eatre utilis\u00e9s plus tard dans la journ\u00e9e ou le jour suivant. Une fois pr\u00e9par\u00e9s, les sachets de Purg-Odan<sup>MD<\/sup> doivent \u00eatre pris imm\u00e9diatement et ne doivent pas \u00eatre d\u00e9laiss\u00e9s pour \u00e9viter la contamination.<\/p>\n<p><strong>Comment et quand dois-je prendre le Purg-Odan<sup>MD<\/sup>?<\/strong><br \/>\nCliquer sur l&#8217;onglet \u00ab Instructions \u00bb pour les directives.<\/p>\n<p><strong>Combien de temps le Purg-Odan<sup>MD<\/sup> prend-il pour faire effet?<\/strong><br \/>\nPurg-Odan<sup>MD<\/sup> peut commencer \u00e0 faire effet apr\u00e8s 1 \u00e0 4 heures. La chronologie des r\u00e9sultats peut varier d\u2019un individu \u00e0 l\u2019autre. Nous vous recommandons donc de demeurer pr\u00e8s d\u2019une salle de bain.<\/p>\n<p><strong>Et si mon docteur m\u2019a prescrit 3 sachets au lieu de 2?<\/strong><br \/>\nBien qu\u2019il faille normalement prendre deux doses (sachets) de Purg-Odan<sup>MD<\/sup> entre 6 \u00e0 8 heures d\u2019intervalle, il se peut que votre docteur vous prescrive trois doses \u00e0 prendre. Suivez toujours les directives de votre m\u00e9decin et assurez-vous de boire beaucoup de liquides clairs tel que du bouillon, du Gatorade, des sodas, des jus clairs et\/ ou de l\u2019eau.<\/p>\n<p><strong>De quelle couleur devrait \u00eatre la pr\u00e9paration apr\u00e8s avoir m\u00e9lang\u00e9 le Purg-Odan<sup>MD<\/sup> \u00e0 de l\u2019eau?<\/strong><br \/>\nLes sachets de Purg-Odan<sup>MD<\/sup> devraient seulement \u00eatre m\u00e9lang\u00e9s \u00e0 de l\u2019eau. Leur efficacit\u00e9 pourrait \u00eatre affect\u00e9e lorsque m\u00e9lang\u00e9s \u00e0 un autre liquide.<\/p>\n<p><strong>Est-il possible de m\u00e9langer le sachet de Purg-Odan<sup>MD<\/sup> \u00e0 un liquide autre que de l\u2019eau?<\/strong><br \/>\nLes sachets de Purg-Odan<sup>MD<\/sup> devraient seulement \u00eatre m\u00e9lang\u00e9s \u00e0 de l\u2019eau. Leur efficacit\u00e9 pourrait \u00eatre affect\u00e9e lorsque m\u00e9lang\u00e9s \u00e0 un autre liquide.<\/p>\n<p><strong>Que dois-je faire si la poudre Purg-Odan<sup>MD<\/sup> ne se dissout pas compl\u00e8tement dans l\u2019eau?<\/strong><br \/>\nLa poudre Purg-Odan<sup>MD<\/sup> doit \u00eatre m\u00e9lang\u00e9e \u00e0 la quantit\u00e9 exacte d\u2019eau indiqu\u00e9e dans les instructions afin d\u2019\u00eatre bien dissout. Il faut remuer le m\u00e9lange durant 2 \u00e0 3 minutes pour assurer que le tout se dissolve.<\/p>\n<p><strong>Est-ce normal que le m\u00e9lange ne se r\u00e9chauffe pas apr\u00e8s avoir \u00e9t\u00e9 dissout?<\/strong><br \/>\nOui, c\u2019est normal. Le m\u00e9lange Purg-Odan<sup>MD<\/sup> peut ne pas devenir chaud une fois l\u2019avoir remu\u00e9. Qu\u2019il se r\u00e9chauffe ou pas, le m\u00e9lange doit \u00eatre bu lorsque froid.<\/p>\n<p><strong>Puis-je boire de la soupe au poulet et nouille durant ma pr\u00e9paration avec le Purg-Odan<sup>MD<\/sup>?<\/strong><br \/>\nNon, il est n\u00e9cessaire de boire que des liquides clairs durant le traitement de pr\u00e9paration. La meilleure alternative \u00e0 une soupe poulet et nouilles serait du bouillon de b\u0153uf ou de poulet sans aucun solide (tel que du persil). Une fois votre proc\u00e9dure termin\u00e9e, vous pouvez manger ce qui vous plait!<\/p>\n<p><strong>Puis-je boire du th\u00e9 ou du caf\u00e9 avant ma coloscopie?<\/strong><br \/>\nDurant votre pr\u00e9paration avec le Purg-Odan<sup>MD<\/sup>, il est pr\u00e9f\u00e9rable de boire des liquides transparents \u00e0 travers desquels vous pouvez voir. Veuillez limiter votre consommation de caf\u00e9 et de th\u00e9 le plus possible, et de ne pas ajouter de sucre ou de lait.<\/p>\n<p><strong>Puis-je prendre le Purg-Odan<sup>MD<\/sup> apr\u00e8s avoir pris de l\u2019aspirine?<\/strong><br \/>\nNon, il n\u2019est pas recommand\u00e9 d\u2019utiliser le Purg-Odan<sup>MD<\/sup> en m\u00eame temps qu\u2019un anticoagulant comme l\u2019aspirine ou le coumadin. Si vous avez pris de l\u2019aspirine durant votre pr\u00e9paration intestinale, avisez imm\u00e9diatement votre m\u00e9decin, car il se pourrait que vous deviez reporter votre coloscopie.<\/p>\n<p><strong>Que dois-je faire si j\u2019ai annul\u00e9 ma coloscopie apr\u00e8s avoir pris le Purg-Odan<sup>MD<\/sup>?<\/strong><br \/>\nUne coloscopie est une proc\u00e9dure s\u00e9curitaire et avantageuse que votre m\u00e9decin peut vous avoir prescrite pour d\u00e9tecter, pr\u00e9venir, ou traiter une maladie colorectale. Si vous d\u00e9cidez malgr\u00e9 tout d\u2019annuler votre coloscopie, prenez soin d\u2019avertir l\u2019h\u00f4pital\/clinique d\u00e8s que possible, car ils pourraient vous charger une p\u00e9nalit\u00e9 pour annulation de derni\u00e8re minute. Si vous avez d\u00e9j\u00e0 entam\u00e9 votre pr\u00e9paration intestinale, arr\u00eatez simplement de prendre le Purg-Odan<sup>MD<\/sup> et retournez \u00e0 vos activit\u00e9s habituelles. Vous pouvez recommencer \u00e0 manger normalement, cependant vous devez vous attendre \u00e0 retourner aux toilettes si le Purg-Odan<sup>MD<\/sup> fait encore effet.<\/p>\n<p><strong>Combien de temps cela prend-il pour recommencer \u00e0 aller \u00e0 la selle apr\u00e8s la proc\u00e9dure?<\/strong><br \/>\nApr\u00e8s votre coloscopie, cela pourrait vous prendre jusqu\u2019\u00e0 24 heures pour recommencer \u00e0 faire des selles. Souvenez-vous que si vous avez suivi de pr\u00e8s les instructions de pr\u00e9paration intestinale, votre estomac sera vide, car vous n\u2019aurez rien mang\u00e9 depuis la journ\u00e9e pr\u00e9c\u00e9dente. Par cons\u00e9quent, il faudra attendre quelques heures apr\u00e8s avoir mang\u00e9 pour retrouver le besoin de d\u00e9f\u00e9quer.<\/p>\n<h2><strong>Sant\u00e9 \/ Ingr\u00e9dients<\/strong><\/h2>\n<p><strong>Quels sont les ingr\u00e9dients actifs pr\u00e9sents dans le Purg-Odan<sup>MD<\/sup>?<\/strong><br \/>\nUn sachet de Purg-Odan<sup>MD<\/sup> contient 12 g d\u2019acide citrique USP, 3.5 g d\u2019oxyde de magn\u00e9sium et 10 mg de picosulfate de sodium.<\/p>\n<p><strong>Quels sont les effets secondaires potentiels?<\/strong><br \/>\nPour une liste des effets secondaires, veuillez cliquer sur l&#8217;onglet \u00ab \u00c0 propos \u00bb.<\/p>\n<p><strong>Quelles sont les contre-indications pour le Purg-Odan<sup>MD<\/sup><\/strong><br \/>\nPour une liste des contre-indications, veuillez cliquer sur l&#8217;onglet \u00ab \u00c0 propos \u00bb.<\/p>\n<p><strong>Puis-je prendre le Purg-Odan<sup>MD<\/sup> m\u00eame si je suis enceinte ou si j\u2019allaite?<\/strong><br \/>\nMalgr\u00e9 que nos \u00e9tudes indiquent que ni le picosulfate de sodium ou le citrate de magn\u00e9sium ne sont secr\u00e9t\u00e9s dans le lait maternel, il est pr\u00e9f\u00e9rable de consulter votre m\u00e9decin pour voir si la prise de Purg-Odan<sup>MD<\/sup> serait s\u00e9curitaire pendant votre grossesse\/allaitement.<\/p>\n<p><strong>Il y a-t-il des instructions particuli\u00e8res pour les gens souffrant du diab\u00e8te?<\/strong><br \/>\nIl n\u2019y a pas d\u2019instructions sp\u00e9ciales pour la prise de Purg-Odan<sup>MD<\/sup> chez les patients diab\u00e9tiques. Ainsi, une condition diab\u00e9tique devrait \u00eatre g\u00e9r\u00e9e avec le support d\u2019un m\u00e9decin et pourrait exiger la prise d\u2019un suppl\u00e9ment nutritionnel.<\/p>\n<p><strong>Les enfants peuvent-ils prendre le Purg-Odan<sup>MD<\/sup>?<\/strong><br \/>\nOui, le Purg-Odan<sup>MD<\/sup> est s\u00e9curitaire pour les enfants d\u2019un an et plus. Les enfants prennent normalement un seul sachet de Purg-Odan<sup>MD<\/sup> au lieu de deux. Veuillez demander les recommandations de votre m\u00e9decin pour savoir comment votre enfant devrait prendre le Purg-Odan<sup>MD<\/sup>.<\/p>\n<p><strong>Le Purg-Odan<sup>MD<\/sup> contient-il du soja?<\/strong><br \/>\nNon, le Purg-Odan<sup>MD<\/sup> ne contient pas de soja.<\/p>\n<p><strong>Le Purg-Odan<sup>MD<\/sup> contient-il du gluten?<\/strong><br \/>\nNon, le Purg-Odan<sup>MD<\/sup> est exempt de gluten.<\/p>\n<p><strong>Le Purg-Odan<sup>MD<\/sup> contient-il du lactose ou autres d\u00e9riv\u00e9s de produits laitiers?<\/strong><br \/>\nNon, le Purg-Odan<sup>MD<\/sup> ne contient aucun lactose ou d\u00e9riv\u00e9 de produits laitiers.<\/p>\n<p><strong>Le Purg-Odan<sup>MD<\/sup> contient-il du ma\u00efs?<\/strong><br \/>\nIl n\u2019y a aucun ma\u00efs dans le Purg-Odan<sup>MD<\/sup>. Le Purg-Odan<sup>MD<\/sup> contient une autre source d\u2019acide citrique pure.<\/p>\n<p><strong>Puis-je prendre du Purg-Odan<sup>MD<\/sup> malgr\u00e9 que je sois allergique aux oranges?<\/strong><br \/>\nLa saveur d\u2019orange dans le Purg-Odan<sup>MD<\/sup> provient de source artificielle et naturelle. La quantit\u00e9 d\u2019ar\u00f4me \u00e0 l\u2019orange est minimal donc il ne devrait pas causer de r\u00e9action ind\u00e9sirable. Veuillez confirmer avec votre m\u00e9decin avant de prendre le Purg-Odan<sup>MD<\/sup>.<\/p>\n<p><strong>Est-ce que le Purg-Odan<sup>MD<\/sup> contient du colorant?<\/strong><br \/>\nNon, les sachets contiennent une poudre sans couleur.<\/p>\n<p><strong>Le Purg-Odan<sup>MD<\/sup> est-il s\u00e9curitaire pour les personnes ayant des allergies aux sulfamides, aux sulfates, ou au soufre?<\/strong><br \/>\nLe Purg-Odan<sup>MD<\/sup> contient 10 mg de picosulfate de sodium, donc c\u2019est un m\u00e9dicament \u00e0 basse teneur en soufre. Malgr\u00e9 tout, il est conseill\u00e9 de demander l\u2019avis d\u2019un m\u00e9decin avant d\u2019utiliser le Purg-Odan<sup>MD<\/sup>.<\/p>\n<\/div><div class=\"fusion-clearfix\"><\/div><\/div><\/div><\/div><\/div>\n","protected":false},"excerpt":{"rendered":"","protected":false},"author":1,"featured_media":0,"parent":2146,"menu_order":0,"comment_status":"closed","ping_status":"closed","template":"","meta":{"_exactmetrics_skip_tracking":false,"_exactmetrics_sitenote_active":false,"_exactmetrics_sitenote_note":"","_exactmetrics_sitenote_category":0,"jetpack_post_was_ever_published":false,"footnotes":""},"class_list":["post-2193","page","type-page","status-publish","hentry"],"yoast_head":"<!-- This site is optimized with the Yoast SEO plugin v27.0 - https:\/\/yoast.com\/product\/yoast-seo-wordpress\/ -->\n<title>Purg-Odan-FAQ - Odan Laboratories Ltd.<\/title>\n<meta name=\"robots\" content=\"index, follow, max-snippet:-1, max-image-preview:large, max-video-preview:-1\" \/>\n<link rel=\"canonical\" href=\"https:\/\/odanlab.com\/fr\/purg-odan\/purg-odan-faq\/\" \/>\n<meta property=\"og:locale\" content=\"fr_FR\" \/>\n<meta property=\"og:type\" content=\"article\" \/>\n<meta property=\"og:title\" content=\"Purg-Odan-FAQ - Odan Laboratories Ltd.\" \/>\n<meta property=\"og:url\" content=\"https:\/\/odanlab.com\/fr\/purg-odan\/purg-odan-faq\/\" \/>\n<meta property=\"og:site_name\" content=\"Odan Laboratories Ltd.\" \/>\n<meta property=\"article:publisher\" content=\"https:\/\/www.facebook.com\/odanlab\/\" \/>\n<meta property=\"article:modified_time\" content=\"2018-08-31T16:05:08+00:00\" \/>\n<meta name=\"twitter:card\" content=\"summary_large_image\" \/>\n<meta name=\"twitter:label1\" content=\"Dur\u00e9e de lecture estim\u00e9e\" \/>\n\t<meta name=\"twitter:data1\" content=\"8 minutes\" \/>\n<script type=\"application\/ld+json\" class=\"yoast-schema-graph\">{\"@context\":\"https:\/\/schema.org\",\"@graph\":[{\"@type\":\"WebPage\",\"@id\":\"https:\/\/odanlab.com\/fr\/purg-odan\/purg-odan-faq\/\",\"url\":\"https:\/\/odanlab.com\/fr\/purg-odan\/purg-odan-faq\/\",\"name\":\"Purg-Odan-FAQ - Odan Laboratories Ltd.\",\"isPartOf\":{\"@id\":\"https:\/\/odanlab.com\/#website\"},\"datePublished\":\"2018-08-31T15:21:22+00:00\",\"dateModified\":\"2018-08-31T16:05:08+00:00\",\"breadcrumb\":{\"@id\":\"https:\/\/odanlab.com\/fr\/purg-odan\/purg-odan-faq\/#breadcrumb\"},\"inLanguage\":\"fr-FR\",\"potentialAction\":[{\"@type\":\"ReadAction\",\"target\":[\"https:\/\/odanlab.com\/fr\/purg-odan\/purg-odan-faq\/\"]}]},{\"@type\":\"BreadcrumbList\",\"@id\":\"https:\/\/odanlab.com\/fr\/purg-odan\/purg-odan-faq\/#breadcrumb\",\"itemListElement\":[{\"@type\":\"ListItem\",\"position\":1,\"name\":\"Home\",\"item\":\"https:\/\/odanlab.com\/fr\/\"},{\"@type\":\"ListItem\",\"position\":2,\"name\":\"Purg-Odan\",\"item\":\"https:\/\/odanlab.com\/fr\/purg-odan\/\"},{\"@type\":\"ListItem\",\"position\":3,\"name\":\"Purg-Odan-FAQ\"}]},{\"@type\":\"WebSite\",\"@id\":\"https:\/\/odanlab.com\/#website\",\"url\":\"https:\/\/odanlab.com\/\",\"name\":\"Odan Laboratories Ltd.\",\"description\":\"The Leader in Specialty Generic Pharmaceutical Products\",\"potentialAction\":[{\"@type\":\"SearchAction\",\"target\":{\"@type\":\"EntryPoint\",\"urlTemplate\":\"https:\/\/odanlab.com\/?s={search_term_string}\"},\"query-input\":{\"@type\":\"PropertyValueSpecification\",\"valueRequired\":true,\"valueName\":\"search_term_string\"}}],\"inLanguage\":\"fr-FR\"}]}<\/script>\n<!-- \/ Yoast SEO plugin. -->","yoast_head_json":{"title":"Purg-Odan-FAQ - Odan Laboratories Ltd.","robots":{"index":"index","follow":"follow","max-snippet":"max-snippet:-1","max-image-preview":"max-image-preview:large","max-video-preview":"max-video-preview:-1"},"canonical":"https:\/\/odanlab.com\/fr\/purg-odan\/purg-odan-faq\/","og_locale":"fr_FR","og_type":"article","og_title":"Purg-Odan-FAQ - Odan Laboratories Ltd.","og_url":"https:\/\/odanlab.com\/fr\/purg-odan\/purg-odan-faq\/","og_site_name":"Odan Laboratories Ltd.","article_publisher":"https:\/\/www.facebook.com\/odanlab\/","article_modified_time":"2018-08-31T16:05:08+00:00","twitter_card":"summary_large_image","twitter_misc":{"Dur\u00e9e de lecture estim\u00e9e":"8 minutes"},"schema":{"@context":"https:\/\/schema.org","@graph":[{"@type":"WebPage","@id":"https:\/\/odanlab.com\/fr\/purg-odan\/purg-odan-faq\/","url":"https:\/\/odanlab.com\/fr\/purg-odan\/purg-odan-faq\/","name":"Purg-Odan-FAQ - Odan Laboratories Ltd.","isPartOf":{"@id":"https:\/\/odanlab.com\/#website"},"datePublished":"2018-08-31T15:21:22+00:00","dateModified":"2018-08-31T16:05:08+00:00","breadcrumb":{"@id":"https:\/\/odanlab.com\/fr\/purg-odan\/purg-odan-faq\/#breadcrumb"},"inLanguage":"fr-FR","potentialAction":[{"@type":"ReadAction","target":["https:\/\/odanlab.com\/fr\/purg-odan\/purg-odan-faq\/"]}]},{"@type":"BreadcrumbList","@id":"https:\/\/odanlab.com\/fr\/purg-odan\/purg-odan-faq\/#breadcrumb","itemListElement":[{"@type":"ListItem","position":1,"name":"Home","item":"https:\/\/odanlab.com\/fr\/"},{"@type":"ListItem","position":2,"name":"Purg-Odan","item":"https:\/\/odanlab.com\/fr\/purg-odan\/"},{"@type":"ListItem","position":3,"name":"Purg-Odan-FAQ"}]},{"@type":"WebSite","@id":"https:\/\/odanlab.com\/#website","url":"https:\/\/odanlab.com\/","name":"Odan Laboratories Ltd.","description":"The Leader in Specialty Generic Pharmaceutical Products","potentialAction":[{"@type":"SearchAction","target":{"@type":"EntryPoint","urlTemplate":"https:\/\/odanlab.com\/?s={search_term_string}"},"query-input":{"@type":"PropertyValueSpecification","valueRequired":true,"valueName":"search_term_string"}}],"inLanguage":"fr-FR"}]}},"jetpack_sharing_enabled":true,"jetpack_shortlink":"https:\/\/wp.me\/Pahxdx-zn","_links":{"self":[{"href":"https:\/\/odanlab.com\/fr\/wp-json\/wp\/v2\/pages\/2193","targetHints":{"allow":["GET"]}}],"collection":[{"href":"https:\/\/odanlab.com\/fr\/wp-json\/wp\/v2\/pages"}],"about":[{"href":"https:\/\/odanlab.com\/fr\/wp-json\/wp\/v2\/types\/page"}],"author":[{"embeddable":true,"href":"https:\/\/odanlab.com\/fr\/wp-json\/wp\/v2\/users\/1"}],"replies":[{"embeddable":true,"href":"https:\/\/odanlab.com\/fr\/wp-json\/wp\/v2\/comments?post=2193"}],"version-history":[{"count":1,"href":"https:\/\/odanlab.com\/fr\/wp-json\/wp\/v2\/pages\/2193\/revisions"}],"predecessor-version":[{"id":2194,"href":"https:\/\/odanlab.com\/fr\/wp-json\/wp\/v2\/pages\/2193\/revisions\/2194"}],"up":[{"embeddable":true,"href":"https:\/\/odanlab.com\/fr\/wp-json\/wp\/v2\/pages\/2146"}],"wp:attachment":[{"href":"https:\/\/odanlab.com\/fr\/wp-json\/wp\/v2\/media?parent=2193"}],"curies":[{"name":"wp","href":"https:\/\/api.w.org\/{rel}","templated":true}]}}