{"id":2191,"date":"2018-08-31T15:20:49","date_gmt":"2018-08-31T15:20:49","guid":{"rendered":"https:\/\/odan.odanlabdev.ca\/purg-odan\/purg-odan-colonoscopie\/"},"modified":"2018-08-31T16:04:25","modified_gmt":"2018-08-31T16:04:25","slug":"purg-odan-colonoscopie","status":"publish","type":"page","link":"https:\/\/odanlab.com\/fr\/purg-odan\/purg-odan-colonoscopie\/","title":{"rendered":"Purg-Odan-Colonoscopie"},"content":{"rendered":"<div class=\"fusion-fullwidth fullwidth-box fusion-builder-row-1 nonhundred-percent-fullwidth non-hundred-percent-height-scrolling\"  style='background-color: rgba(255,255,255,0);background-position: center center;background-repeat: no-repeat;padding-top:0px;padding-right:0px;padding-bottom:0px;padding-left:0px;'><div class=\"fusion-builder-row fusion-row \"><div  class=\"fusion-layout-column fusion_builder_column fusion_builder_column_1_1 fusion-builder-column-0 fusion-one-full fusion-column-first fusion-column-last 1_1\"  style='margin-top:0px;margin-bottom:20px;'><div class=\"fusion-column-wrapper\" style=\"padding: 0px 0px 0px 0px;background-position:left top;background-repeat:no-repeat;-webkit-background-size:cover;-moz-background-size:cover;-o-background-size:cover;background-size:cover;\"   data-bg-url=\"\"><div class=\"fusion-text\"><p><strong>Qu\u2019est-ce qu\u2019une coloscopie?<\/strong><\/p>\n<p>Une coloscopie est une proc\u00e9dure permettant \u00e0 un gastro-ent\u00e9rologue ou un chirurgien d&#8217;examiner visuellement la paroi de votre c\u00f4lon et du rectum.<\/p>\n<p>Pour ce faire, le m\u00e9decin utilise un coloscope: un tube flexible de l&#8217;\u00e9paisseur d\u2019un doigt avec des lentilles, une lumi\u00e8re et une minuscule cam\u00e9ra vid\u00e9o \u00e0 son extr\u00e9mit\u00e9. Ce tube creux est doucement ins\u00e9r\u00e9 dans l&#8217;anus et man\u0153uvr\u00e9 \u00e0 travers le c\u00f4lon pendant que vous \u00eates sous m\u00e9dication pour assurer confort et d\u00e9tente. La cam\u00e9ra vid\u00e9o transmet des images directement \u00e0 un \u00e9cran que votre m\u00e9decin utilise pour rechercher des anomalies telles que des saignements, des ulc\u00e8res, des polypes ou des cancers.<\/p>\n<p>Un polype est un tissu corporel protub\u00e9rant qui peut repr\u00e9senter un signe pr\u00e9coce du cancer colorectal. Si un polype est b\u00e9nin, ce qui est souvent le cas, le m\u00e9decin peut le retirer directement au cours de la proc\u00e9dure et emp\u00eacher l&#8217;aggravation. Quand un grand polype ou d&#8217;autres tissus corporels anormaux sont trouv\u00e9s, le m\u00e9decin peut en retirer une petite partie, l&#8217;examiner dans un laboratoire (biopsie) et ensuite \u00e9laborer une strat\u00e9gie de traitement. La proc\u00e9dure est plut\u00f4t courte, d\u2019une dur\u00e9e de 15 \u00e0 20 minutes.<\/p>\n<p><strong>Pourquoi mon m\u00e9decin m\u2019a-t-il recommand\u00e9 une coloscopie?<\/strong><\/p>\n<p>La coloscopie est efficace pour pr\u00e9venir et traiter les probl\u00e8mes colorectaux. Il y a plusieurs raisons pour lesquelles votre m\u00e9decin peut vous avoir conseill\u00e9 cette proc\u00e9dure:<\/p>\n<p><strong>Pour trouver la cause de votre mal-\u00eatre.<\/strong> Si vous avez parl\u00e9 \u00e0 votre m\u00e9decin de sympt\u00f4mes qui s\u2019apparentent \u00e0 des probl\u00e8mes gastro-ent\u00e9rologiques, la coloscopie l\u2019aidera \u00e0 \u00e9tablir un diagnostic fiable.<\/p>\n<p><strong>Le traitement pr\u00e9ventif.<\/strong> Apr\u00e8s l&#8217;\u00e2ge de 50 ans, les m\u00e9decins conseillent \u00e0 leurs patients d\u2019obtenir un test de d\u00e9pistage tous les 10 ans, car le risque de d\u00e9velopper un cancer colorectal augmente en vieillissant. Un patient dont un membre de famille a \u00e9t\u00e9 diagnostiqu\u00e9 avec des polypes ou un cancer colorectal est particuli\u00e8rement \u00e0 risque et pourrait donc n\u00e9cessiter des examens de d\u00e9pistage plus r\u00e9guliers.<\/p>\n<p><strong>Vous avez une condition qui augmente vos chances de d\u00e9velopper un cancer colorectal.<\/strong>\u00a0Les personnes atteintes d\u2019une maladie inflammatoire de l&#8217;intestin (MII), de saignements rectaux ou ceux qui ont d\u00e9j\u00e0 eu un cancer du c\u00f4lon n\u00e9cessitent une surveillance \u00e9troite. Une coloscopie peut \u00eatre conseill\u00e9e \u00e0 un patient ayant eu un r\u00e9sultat positif lors d\u2019un test de sang dans les selles, un lavement baryt\u00e9, ou suivant une colographie virtuelle montrant un potentiel polype.<\/p>\n<p><strong>Je pense annuler ma coloscopie &#8230;<\/strong><\/p>\n<p>Souvent, les gens d\u00e9cident de ne pas subir une coloscopie, car ils ont peur de cette proc\u00e9dure. Ce qu&#8217;ils ignorent, c\u2019est que le cancer colorectal est deuxi\u00e8me parmi la liste des cancers les plus mortels chez les hommes et les femmes au Canada, tout juste derri\u00e8re le cancer du poumon.<\/p>\n<p>Comme tous les cancers, les sympt\u00f4mes peuvent prendre des ann\u00e9es \u00e0 appara\u00eetre et quand ils sont enfin visibles, le cancer a \u00e9volu\u00e9 \u00e0 un point o\u00f9 il ne peut \u00eatre trait\u00e9. Une d\u00e9tection rapide est cruciale pour la r\u00e9ussite du traitement et de la r\u00e9mission. Si un petit polype est trouv\u00e9 pendant la coloscopie, il est rapidement \u00e9limin\u00e9 et le patient \u00e9vitera d&#8217;autres complications. Si un cancer est d\u00e9tect\u00e9 \u00e0 un stade pr\u00e9coce, les chances de r\u00e9tablissement complet sont \u00e9lev\u00e9es.<\/p>\n<p>Rappelez-vous que vous devriez avoir une coloscopie non seulement pour votre tranquillit\u00e9 d&#8217;esprit; mais parce que cela pourrait vous sauver la vie.<\/p>\n<p><strong>Comment dois-je me pr\u00e9parer pour une coloscopie?<\/strong><\/p>\n<p>Pour que le m\u00e9decin puisse obtenir un bon aper\u00e7u de votre paroi intestinale pendant la proc\u00e9dure, le c\u00f4lon doit \u00eatre aussi vide que possible. Si votre c\u00f4lon n\u2019est pas assez propre, la proc\u00e9dure peut devoir \u00eatre r\u00e9p\u00e9t\u00e9e.<\/p>\n<p>Notre pr\u00e9paration intestinale Purg-Odan permet d\u2019assurer un d\u00e9pistage efficace (voir la section Instructions). Apr\u00e8s avoir pris le rendez-vous pour votre coloscopie, essayez d&#8217;\u00eatre libre durant la journ\u00e9e pr\u00e9c\u00e9dente parce Purg-Odan est un purgatif puissant qui vous fera faire plusieurs voyages \u00e0 la salle de bain! Veuillez noter que vous pourriez \u00eatre sous s\u00e9dation pendant la proc\u00e9dure afin de r\u00e9duire tout inconfort, donc vous ne serez pas autoris\u00e9 \u00e0 conduire pendant 24 heures apr\u00e8s la coloscopie. Assurez-vous de demander \u00e0 quelqu&#8217;un de vous ramener \u00e0 la maison, que ce soit un ami, un gardien ou un parent.<\/p>\n<p><strong>\u00c0 quoi dois-je m\u2019attendre durant la proc\u00e9dure?<\/strong><\/p>\n<p>La coloscopie est effectu\u00e9e dans un h\u00f4pital, dans une clinique, au bureau d\u2019un m\u00e9decin ou un centre de chirurgie ambulatoire. Elle ne dure que 15 \u00e0 20 minutes. Toutefois, attendez-vous \u00e0 \u00eatre \u00e0 l&#8217;h\u00f4pital pendant environ deux heures, car vous devrez vous inscrire, recevoir la pr\u00e9paration IV et la s\u00e9dation, puis r\u00e9cup\u00e9rer apr\u00e8s la proc\u00e9dure.<\/p>\n<p>Avant la proc\u00e9dure, informez votre m\u00e9decin de tout trouble m\u00e9dical li\u00e9 au c\u0153ur ou \u00e0 une maladie pulmonaire, des allergies, si vous avez pris des antibiotiques avant d\u2019autres proc\u00e9dures, ou toute autre condition m\u00e9dicale qui n\u00e9cessitent une attention particuli\u00e8re. La proc\u00e9dure sera faite soit par un chirurgien ou un gastro-ent\u00e9rologue (sp\u00e9cialiste de l&#8217;appareil digestif).<\/p>\n<p>Apr\u00e8s votre inscription, vous serez invit\u00e9 \u00e0 mettre une chemise d&#8217;h\u00f4pital. Une infirmi\u00e8re vous posera quelques questions avant de vous donner un formulaire de consentement \u00e0 signer et de prendre vos signes vitaux.<\/p>\n<p>Ensuite, vous serez invit\u00e9 \u00e0 vous coucher sur le c\u00f4t\u00e9 sur la table d&#8217;examen. Une ligne intraveineuse peut \u00eatre mise en place, car de nombreux patients ne sont pas \u00e0 l&#8217;aise avec ce test. Vous pouvez \u00e9galement avoir une pompe \u00e0 oxyg\u00e8ne pour vous fournir de l&#8217;oxyg\u00e8ne durant l&#8217;examen. Des m\u00e9dicaments vous seront donn\u00e9s pour limiter l&#8217;inconfort et vous aider \u00e0 vous d\u00e9tendre; ils pourraient vous endormir.<\/p>\n<p>Pour obtenir une meilleure vue, le m\u00e9decin peut pomper de l&#8217;air avec le coloscope pour ouvrir le transit intestinal. Cela causera une pression ou des crampes abdominales qui dispara\u00eetront apr\u00e8s que l&#8217;examen sera termin\u00e9. S\u2019il trouve un petit polype, il pourrait le retirer directement. Si le polype est grand, il pourrait en prendre une partie pour proc\u00e9der \u00e0 une biopsie plus tard.<\/p>\n<p>Apr\u00e8s la proc\u00e9dure, vous serez redirig\u00e9 vers la salle de r\u00e9veil. Vous serez lib\u00e9r\u00e9 environ une heure plus tard, tout en restant sous l&#8217;effet de la s\u00e9dation. Par cons\u00e9quent, quelqu&#8217;un doit \u00eatre l\u00e0 pour vous ramener \u00e0 la maison parce que vous ne serez pas autoris\u00e9 \u00e0 conduire pendant environ 24 heures. Laissez l\u2019accompagnateur prendre le volant m\u00eame si vous vous sentez mieux, car vous serez consid\u00e9r\u00e9 comme l\u00e9galement inapte \u00e0 conduire. Vous aurez besoin d&#8217;une bonne nuit de sommeil pour \u00e9liminer les effets de l\u2019intraveineuse.<\/p>\n<p>Une fois la proc\u00e9dure termin\u00e9e, vous pourrez commencer \u00e0 manger normalement.<\/p>\n<p><strong>Est-ce une proc\u00e9dure douloureuse?<\/strong><\/p>\n<p>Lorsqu&#8217;on leur demande comment s\u2019est d\u00e9roul\u00e9e leur coloscopie, la plupart des patients r\u00e9pondent qu\u2019il n\u2019y avait pas lieu d\u2019avoir peur! En fait, les gens ne ressentent normalement pas de douleur pendant une coloscopie.<\/p>\n<p>Si, \u00e0 tout moment durant la proc\u00e9dure, vous ressentez un g\u00eane, n\u2019h\u00e9sitez pas \u00e0 aviser le m\u00e9decin, car il pourrait \u00eatre en mesure de manipuler le tube (coloscopie) plus lentement ou plus doucement pour vous rendre plus \u00e0 l&#8217;aise. De plus, le personnel s\u2019attend \u00e0 ce que le patient soit un peu inquiet, alors tout est fait pour rendre le test aussi agr\u00e9able que possible!<\/p>\n<p><strong>Quels sont les risques?<\/strong><\/p>\n<p>La coloscopie est une intervention s\u00e9curitaire \u00e0 laquelle peu de risques sont associ\u00e9s lorsqu\u2019elle est pratiqu\u00e9e par des m\u00e9decins qualifi\u00e9s. Cependant, certaines complications peuvent parfois survenir :<\/p>\n<ul>\n<li>Il arrive rarement (environ 1 cas sur 1 500) que le c\u00f4lon subisse une perforation (d\u00e9chirure) durant la coloscopie, ou suite \u00e0 l\u2019ablation d\u2019un polype (environ 1 cas sur 500).<\/li>\n<li>Il y a \u00e9galement des possibilit\u00e9s de saignements associ\u00e9s \u00e0 l\u2019intervention (environ 1 cas sur 2 000) ou suite \u00e0 l\u2019ablation d\u2019un polype (environ 1 cas sur 500).<\/li>\n<li>Il y a des possibilit\u00e9s de r\u00e9action allergique \u00e0 la m\u00e9dication intraveineuse (urticaire, \u00e9ruption cutan\u00e9e, fi\u00e8vre ou difficult\u00e9 respiratoire).<\/li>\n<li>Une bosse peut subsister l\u00e0 o\u00f9 la sonde intraveineuse \u00e9tait install\u00e9e. Elle peut prendre plusieurs mois \u00e0 se r\u00e9sorber. Si elle cause de l\u2019inconfort, vous pourrez la r\u00e9duire en y appliquant des compresses chaudes ou une serviette chaude et humide.<\/li>\n<li>De tr\u00e8s rares cas de probl\u00e8mes cardiaques ou d\u2019accidents vasculaires c\u00e9r\u00e9braux pourraient survenir chez des patients d\u00e9j\u00e0 atteints de troubles m\u00e9dicaux reli\u00e9s.<\/li>\n<\/ul>\n<p><strong>Comment vais-je me sentir apr\u00e8s la coloscopie?<\/strong><\/p>\n<p>Les gens sont g\u00e9n\u00e9ralement bien apr\u00e8s la proc\u00e9dure. Les patients ne ressentent pas de douleur ou de s\u00e9quelles. La s\u00e9dation utilis\u00e9e pour augmenter le confort vous rendra \u00e9tourdi ou somnolent pendant un moment, donc il doit y avoir quelqu&#8217;un pour vous ramener \u00e0 la maison apr\u00e8s votre sortie. Une nuit de sommeil vous remettra sur vos pieds.<\/p>\n<p>Certaines personnes se sentent ballonn\u00e9es ou ont des crampes \u00e0 cause de l&#8217;air utilis\u00e9 lors du test pour faciliter le passage du tube \u00e0 travers votre c\u00f4lon. Pour vous sentir mieux, allez simplement \u00e0 la salle de bain &#8230; et chassez l&#8217;air comme vous le feriez apr\u00e8s avoir mang\u00e9 un bon plat de haricots! Notez que comme vous n\u2019avez pas consomm\u00e9 d\u2019aliments solides pendant presque une journ\u00e9e enti\u00e8re avant votre coloscopie, cela peut prendre environ 24 heures avant votre prochaine selle.<\/p>\n<p><strong>Et s\u2019ils trouvent quelque chose?<\/strong><\/p>\n<p>Le but d&#8217;une coloscopie est de d\u00e9tecter et traiter une anomalie pour pr\u00e9venir le d\u00e9veloppement d\u2019un cancer. Les polypes sont souvent les premiers signes de cancer potentiel. Si un petit polype est trouv\u00e9 par votre m\u00e9decin, il devrait \u00eatre capable de l&#8217;enlever et ainsi vous sauver de nouvelles complications. Si une tumeur, un grand polype, ou toute autre chose sont trouv\u00e9s, une biopsie sera effectu\u00e9e en retirant une partie de la zone anormale pour une analyse ult\u00e9rieure. Ensuite, le diagnostic et le traitement appropri\u00e9 seront d\u00e9velopp\u00e9s.<\/p>\n<\/div><div class=\"fusion-clearfix\"><\/div><\/div><\/div><\/div><\/div>\n","protected":false},"excerpt":{"rendered":"","protected":false},"author":1,"featured_media":0,"parent":2146,"menu_order":0,"comment_status":"closed","ping_status":"closed","template":"","meta":{"_exactmetrics_skip_tracking":false,"_exactmetrics_sitenote_active":false,"_exactmetrics_sitenote_note":"","_exactmetrics_sitenote_category":0,"jetpack_post_was_ever_published":false,"footnotes":""},"class_list":["post-2191","page","type-page","status-publish","hentry"],"yoast_head":"<!-- This site is optimized with the Yoast SEO plugin v27.0 - https:\/\/yoast.com\/product\/yoast-seo-wordpress\/ -->\n<title>Purg-Odan-Colonoscopie - Odan Laboratories Ltd.<\/title>\n<meta name=\"robots\" content=\"index, follow, max-snippet:-1, max-image-preview:large, max-video-preview:-1\" \/>\n<link rel=\"canonical\" href=\"https:\/\/odanlab.com\/fr\/purg-odan\/purg-odan-colonoscopie\/\" \/>\n<meta property=\"og:locale\" content=\"fr_FR\" \/>\n<meta property=\"og:type\" content=\"article\" \/>\n<meta property=\"og:title\" content=\"Purg-Odan-Colonoscopie - Odan Laboratories Ltd.\" \/>\n<meta property=\"og:url\" content=\"https:\/\/odanlab.com\/fr\/purg-odan\/purg-odan-colonoscopie\/\" \/>\n<meta property=\"og:site_name\" content=\"Odan Laboratories Ltd.\" \/>\n<meta property=\"article:publisher\" content=\"https:\/\/www.facebook.com\/odanlab\/\" \/>\n<meta property=\"article:modified_time\" content=\"2018-08-31T16:04:25+00:00\" \/>\n<meta name=\"twitter:card\" content=\"summary_large_image\" \/>\n<meta name=\"twitter:label1\" content=\"Dur\u00e9e de lecture estim\u00e9e\" \/>\n\t<meta name=\"twitter:data1\" content=\"10 minutes\" \/>\n<script type=\"application\/ld+json\" class=\"yoast-schema-graph\">{\"@context\":\"https:\/\/schema.org\",\"@graph\":[{\"@type\":\"WebPage\",\"@id\":\"https:\/\/odanlab.com\/fr\/purg-odan\/purg-odan-colonoscopie\/\",\"url\":\"https:\/\/odanlab.com\/fr\/purg-odan\/purg-odan-colonoscopie\/\",\"name\":\"Purg-Odan-Colonoscopie - Odan Laboratories Ltd.\",\"isPartOf\":{\"@id\":\"https:\/\/odanlab.com\/#website\"},\"datePublished\":\"2018-08-31T15:20:49+00:00\",\"dateModified\":\"2018-08-31T16:04:25+00:00\",\"breadcrumb\":{\"@id\":\"https:\/\/odanlab.com\/fr\/purg-odan\/purg-odan-colonoscopie\/#breadcrumb\"},\"inLanguage\":\"fr-FR\",\"potentialAction\":[{\"@type\":\"ReadAction\",\"target\":[\"https:\/\/odanlab.com\/fr\/purg-odan\/purg-odan-colonoscopie\/\"]}]},{\"@type\":\"BreadcrumbList\",\"@id\":\"https:\/\/odanlab.com\/fr\/purg-odan\/purg-odan-colonoscopie\/#breadcrumb\",\"itemListElement\":[{\"@type\":\"ListItem\",\"position\":1,\"name\":\"Home\",\"item\":\"https:\/\/odanlab.com\/fr\/\"},{\"@type\":\"ListItem\",\"position\":2,\"name\":\"Purg-Odan\",\"item\":\"https:\/\/odanlab.com\/fr\/purg-odan\/\"},{\"@type\":\"ListItem\",\"position\":3,\"name\":\"Purg-Odan-Colonoscopie\"}]},{\"@type\":\"WebSite\",\"@id\":\"https:\/\/odanlab.com\/#website\",\"url\":\"https:\/\/odanlab.com\/\",\"name\":\"Odan Laboratories Ltd.\",\"description\":\"The Leader in Specialty Generic Pharmaceutical Products\",\"potentialAction\":[{\"@type\":\"SearchAction\",\"target\":{\"@type\":\"EntryPoint\",\"urlTemplate\":\"https:\/\/odanlab.com\/?s={search_term_string}\"},\"query-input\":{\"@type\":\"PropertyValueSpecification\",\"valueRequired\":true,\"valueName\":\"search_term_string\"}}],\"inLanguage\":\"fr-FR\"}]}<\/script>\n<!-- \/ Yoast SEO plugin. -->","yoast_head_json":{"title":"Purg-Odan-Colonoscopie - Odan Laboratories Ltd.","robots":{"index":"index","follow":"follow","max-snippet":"max-snippet:-1","max-image-preview":"max-image-preview:large","max-video-preview":"max-video-preview:-1"},"canonical":"https:\/\/odanlab.com\/fr\/purg-odan\/purg-odan-colonoscopie\/","og_locale":"fr_FR","og_type":"article","og_title":"Purg-Odan-Colonoscopie - Odan Laboratories Ltd.","og_url":"https:\/\/odanlab.com\/fr\/purg-odan\/purg-odan-colonoscopie\/","og_site_name":"Odan Laboratories Ltd.","article_publisher":"https:\/\/www.facebook.com\/odanlab\/","article_modified_time":"2018-08-31T16:04:25+00:00","twitter_card":"summary_large_image","twitter_misc":{"Dur\u00e9e de lecture estim\u00e9e":"10 minutes"},"schema":{"@context":"https:\/\/schema.org","@graph":[{"@type":"WebPage","@id":"https:\/\/odanlab.com\/fr\/purg-odan\/purg-odan-colonoscopie\/","url":"https:\/\/odanlab.com\/fr\/purg-odan\/purg-odan-colonoscopie\/","name":"Purg-Odan-Colonoscopie - Odan Laboratories Ltd.","isPartOf":{"@id":"https:\/\/odanlab.com\/#website"},"datePublished":"2018-08-31T15:20:49+00:00","dateModified":"2018-08-31T16:04:25+00:00","breadcrumb":{"@id":"https:\/\/odanlab.com\/fr\/purg-odan\/purg-odan-colonoscopie\/#breadcrumb"},"inLanguage":"fr-FR","potentialAction":[{"@type":"ReadAction","target":["https:\/\/odanlab.com\/fr\/purg-odan\/purg-odan-colonoscopie\/"]}]},{"@type":"BreadcrumbList","@id":"https:\/\/odanlab.com\/fr\/purg-odan\/purg-odan-colonoscopie\/#breadcrumb","itemListElement":[{"@type":"ListItem","position":1,"name":"Home","item":"https:\/\/odanlab.com\/fr\/"},{"@type":"ListItem","position":2,"name":"Purg-Odan","item":"https:\/\/odanlab.com\/fr\/purg-odan\/"},{"@type":"ListItem","position":3,"name":"Purg-Odan-Colonoscopie"}]},{"@type":"WebSite","@id":"https:\/\/odanlab.com\/#website","url":"https:\/\/odanlab.com\/","name":"Odan Laboratories Ltd.","description":"The Leader in Specialty Generic Pharmaceutical Products","potentialAction":[{"@type":"SearchAction","target":{"@type":"EntryPoint","urlTemplate":"https:\/\/odanlab.com\/?s={search_term_string}"},"query-input":{"@type":"PropertyValueSpecification","valueRequired":true,"valueName":"search_term_string"}}],"inLanguage":"fr-FR"}]}},"jetpack_sharing_enabled":true,"jetpack_shortlink":"https:\/\/wp.me\/Pahxdx-zl","_links":{"self":[{"href":"https:\/\/odanlab.com\/fr\/wp-json\/wp\/v2\/pages\/2191","targetHints":{"allow":["GET"]}}],"collection":[{"href":"https:\/\/odanlab.com\/fr\/wp-json\/wp\/v2\/pages"}],"about":[{"href":"https:\/\/odanlab.com\/fr\/wp-json\/wp\/v2\/types\/page"}],"author":[{"embeddable":true,"href":"https:\/\/odanlab.com\/fr\/wp-json\/wp\/v2\/users\/1"}],"replies":[{"embeddable":true,"href":"https:\/\/odanlab.com\/fr\/wp-json\/wp\/v2\/comments?post=2191"}],"version-history":[{"count":1,"href":"https:\/\/odanlab.com\/fr\/wp-json\/wp\/v2\/pages\/2191\/revisions"}],"predecessor-version":[{"id":2192,"href":"https:\/\/odanlab.com\/fr\/wp-json\/wp\/v2\/pages\/2191\/revisions\/2192"}],"up":[{"embeddable":true,"href":"https:\/\/odanlab.com\/fr\/wp-json\/wp\/v2\/pages\/2146"}],"wp:attachment":[{"href":"https:\/\/odanlab.com\/fr\/wp-json\/wp\/v2\/media?parent=2191"}],"curies":[{"name":"wp","href":"https:\/\/api.w.org\/{rel}","templated":true}]}}