{"id":2189,"date":"2018-08-31T15:20:04","date_gmt":"2018-08-31T15:20:04","guid":{"rendered":"https:\/\/odan.odanlabdev.ca\/purg-odan\/purg-odan-a-propos\/"},"modified":"2018-08-31T16:03:34","modified_gmt":"2018-08-31T16:03:34","slug":"purg-odan-a-propos","status":"publish","type":"page","link":"https:\/\/odanlab.com\/fr\/purg-odan\/purg-odan-a-propos\/","title":{"rendered":"Purg-Odan-\u00c0 propos"},"content":{"rendered":"<div class=\"fusion-fullwidth fullwidth-box fusion-builder-row-1 nonhundred-percent-fullwidth non-hundred-percent-height-scrolling\"  style='background-color: rgba(255,255,255,0);background-position: center center;background-repeat: no-repeat;padding-top:0px;padding-right:0px;padding-bottom:0px;padding-left:0px;'><div class=\"fusion-builder-row fusion-row \"><div  class=\"fusion-layout-column fusion_builder_column fusion_builder_column_1_1 fusion-builder-column-0 fusion-one-full fusion-column-first fusion-column-last 1_1\"  style='margin-top:0px;margin-bottom:20px;'><div class=\"fusion-column-wrapper\" style=\"padding: 0px 0px 0px 0px;background-position:left top;background-repeat:no-repeat;-webkit-background-size:cover;-moz-background-size:cover;-o-background-size:cover;background-size:cover;\"   data-bg-url=\"\"><div class=\"fusion-text\"><h2><strong>QU&#8217;EST-CE QUE LE PURG-ODAN<sup>MD<\/sup>?<\/strong><\/h2>\n<p><strong>\u00c0 propos<\/strong><br \/>\nPurg-Odan<sup>MD<\/sup> est un purgatif oral utilis\u00e9 pour vider l\u2019intestin avant une coloscopie, une radiographie, ou une chirurgie.<\/p>\n<p><strong>Ingr\u00e9dients cl\u00e9s<\/strong><br \/>\nPurg-Odan<sup>MD<\/sup> contient du picosulfate de sodium, de l\u2019oxyde de magn\u00e9sium et de l\u2019acide citrique.<\/p>\n<p><strong>Effet<\/strong><br \/>\nLes laxatifs osmotique et stimulant contenus dans le Purg-Odan<sup>MD<\/sup> entrainent une r\u00e9tention d\u2019eau au niveau du colon et augmentent les mouvements de l\u2019intestin pour \u00e9vacuer le contenu.<\/p>\n<h2><strong>Pourquoi prendre le Purg-Odan<sup>MD<\/sup>?<\/strong><\/h2>\n<p><strong>Facile \u00e0 pr\u00e9parer<\/strong><br \/>\nPurg-Odan<sup>MD<\/sup> est une pr\u00e9paration sous forme de poudre blanche devant \u00eatre dissoute dans de l\u2019eau froide, puis bue.<\/p>\n<p><strong>Moins de m\u00e9dicaments \u00e0 boire<\/strong><br \/>\nGr\u00e2ce \u00e0 la formulation ing\u00e9nieuse du Purg-Odan<sup>MD<\/sup>, vous ne buvez qu\u2019une petite quantit\u00e9 de purgatif et savourez une grande vari\u00e9t\u00e9 de boissons claires de votre choix pour vous r\u00e9hydrater.<\/p>\n<p><strong>Go\u00fbt agr\u00e9able<\/strong><br \/>\nPurg-Odan<sup>MD<\/sup> est une pr\u00e9paration sans gluten et sans lactose \u00e0 saveur agr\u00e9able d\u2019orange.<\/p>\n<h2><strong>Comment dois-je prendre le Purg-Odan<sup>MD<\/sup>?<\/strong><\/h2>\n<p><strong>Posologie<\/strong><br \/>\nHabituellement, deux doses sont prises \u00e0 6-8 heures d&#8217;intervalle le jour avant la proc\u00e9dure \u00e0 l&#8217;h\u00f4pital.<br \/>\n(Le dosage peut varier selon les instructions de votre m\u00e9decin)<\/p>\n<p><strong>Instructions<\/strong><br \/>\nPour pr\u00e9parer un sachet, m\u00e9langer et dissoudre le contenu du sachet dans une tasse ou un verre avec de l\u2019eau froide (environ 150 ml ou 5oz). Remuez fr\u00e9quemment pendant 2-3 minutes, puis buvez.<\/p>\n<p><strong>\u00c0 prendre avec des liquides clairs<\/strong><br \/>\nAfin de remplacer le liquide perdu par l\u2019organisme et d&#8217;\u00e9viter la d\u00e9shydratation, il est important de boire de grandes quantit\u00e9s de liquides clairs au cours du traitement avec Purg-Odan\u00ae jusqu\u2019\u00e0 ce qu\u2019il n\u2019y ait plus de selles.<\/p>\n<h2><strong>Qui peut utiliser le Purg-Odan<sup>MD<\/sup>?<\/strong><\/h2>\n<p><strong>Les adultes<\/strong><br \/>\nPresque tous les adultes peuvent prendre le Purg-Odan<sup>MD<\/sup>. Veuillez aviser votre m\u00e9decin de toute condition m\u00e9dicale avant de prendre le Purg-Odan<sup>MD<\/sup>.<\/p>\n<p><strong>Les enfants<\/strong><br \/>\nLe Purg-Odan<sup>MD<\/sup> est s\u00e9curitaire pour les enfants d\u2019un an et plus. Veuillez vous r\u00e9f\u00e9rer aux recommandations d\u2019un m\u00e9decin pour savoir comment les enfants doivent prendre le Purg-Odan<sup>MD<\/sup>.<br \/>\n<em>Purg-Odan<sup>MD<\/sup> Solo est disponible en format de 1 sachet par bo\u00eete pour enfants.<\/em><\/p>\n<p><strong>Purg-Odan<sup>MD<\/sup> est disponible sans prescription<\/strong><\/p>\n<p>Ne prenez pas le Purg-Odan<sup>MD<\/sup> si votre m\u00e9decin vous a avis\u00e9 qu\u2019un des cas suivants s\u2019applique \u00e0 vous :<\/p>\n<ul>\n<li>vous avez r\u00e9cemment subi une chirurgie gastro-intestinale<\/li>\n<li>vous souffrez d\u2019une maladie inflammatoire des intestins telle que la colite ulc\u00e9reuse ou la maladie de Crohn<\/li>\n<li>vous avez des probl\u00e8mes cardiaques ou r\u00e9naux<\/li>\n<li>vous faites usage des laxatifs de lest tels que le son<\/li>\n<li>vous \u00eates enceinte, pensez le devenir bient\u00f4t ou vous allaitez.<\/li>\n<li>vous prenez ou aviez pris d\u2019autres m\u00e9dicaments<\/li>\n<\/ul>\n<\/div><div class=\"fusion-clearfix\"><\/div><\/div><\/div><\/div><\/div>\n","protected":false},"excerpt":{"rendered":"","protected":false},"author":1,"featured_media":0,"parent":2146,"menu_order":0,"comment_status":"closed","ping_status":"closed","template":"","meta":{"_exactmetrics_skip_tracking":false,"_exactmetrics_sitenote_active":false,"_exactmetrics_sitenote_note":"","_exactmetrics_sitenote_category":0,"jetpack_post_was_ever_published":false,"footnotes":""},"class_list":["post-2189","page","type-page","status-publish","hentry"],"yoast_head":"<!-- This site is optimized with the Yoast SEO plugin v27.0 - https:\/\/yoast.com\/product\/yoast-seo-wordpress\/ -->\n<title>Purg-Odan-\u00c0 propos - Odan Laboratories Ltd.<\/title>\n<meta name=\"robots\" content=\"index, follow, max-snippet:-1, max-image-preview:large, max-video-preview:-1\" \/>\n<link rel=\"canonical\" href=\"https:\/\/odanlab.com\/fr\/purg-odan\/purg-odan-a-propos\/\" \/>\n<meta property=\"og:locale\" content=\"fr_FR\" \/>\n<meta property=\"og:type\" content=\"article\" \/>\n<meta property=\"og:title\" content=\"Purg-Odan-\u00c0 propos - Odan Laboratories Ltd.\" \/>\n<meta property=\"og:url\" content=\"https:\/\/odanlab.com\/fr\/purg-odan\/purg-odan-a-propos\/\" \/>\n<meta property=\"og:site_name\" content=\"Odan Laboratories Ltd.\" \/>\n<meta property=\"article:publisher\" content=\"https:\/\/www.facebook.com\/odanlab\/\" \/>\n<meta property=\"article:modified_time\" content=\"2018-08-31T16:03:34+00:00\" \/>\n<meta name=\"twitter:card\" content=\"summary_large_image\" \/>\n<meta name=\"twitter:label1\" content=\"Dur\u00e9e de lecture estim\u00e9e\" \/>\n\t<meta name=\"twitter:data1\" content=\"3 minutes\" \/>\n<script type=\"application\/ld+json\" class=\"yoast-schema-graph\">{\"@context\":\"https:\/\/schema.org\",\"@graph\":[{\"@type\":\"WebPage\",\"@id\":\"https:\/\/odanlab.com\/fr\/purg-odan\/purg-odan-a-propos\/\",\"url\":\"https:\/\/odanlab.com\/fr\/purg-odan\/purg-odan-a-propos\/\",\"name\":\"Purg-Odan-\u00c0 propos - Odan Laboratories Ltd.\",\"isPartOf\":{\"@id\":\"https:\/\/odanlab.com\/#website\"},\"datePublished\":\"2018-08-31T15:20:04+00:00\",\"dateModified\":\"2018-08-31T16:03:34+00:00\",\"breadcrumb\":{\"@id\":\"https:\/\/odanlab.com\/fr\/purg-odan\/purg-odan-a-propos\/#breadcrumb\"},\"inLanguage\":\"fr-FR\",\"potentialAction\":[{\"@type\":\"ReadAction\",\"target\":[\"https:\/\/odanlab.com\/fr\/purg-odan\/purg-odan-a-propos\/\"]}]},{\"@type\":\"BreadcrumbList\",\"@id\":\"https:\/\/odanlab.com\/fr\/purg-odan\/purg-odan-a-propos\/#breadcrumb\",\"itemListElement\":[{\"@type\":\"ListItem\",\"position\":1,\"name\":\"Home\",\"item\":\"https:\/\/odanlab.com\/fr\/\"},{\"@type\":\"ListItem\",\"position\":2,\"name\":\"Purg-Odan\",\"item\":\"https:\/\/odanlab.com\/fr\/purg-odan\/\"},{\"@type\":\"ListItem\",\"position\":3,\"name\":\"Purg-Odan-\u00c0 propos\"}]},{\"@type\":\"WebSite\",\"@id\":\"https:\/\/odanlab.com\/#website\",\"url\":\"https:\/\/odanlab.com\/\",\"name\":\"Odan Laboratories Ltd.\",\"description\":\"The Leader in Specialty Generic Pharmaceutical Products\",\"potentialAction\":[{\"@type\":\"SearchAction\",\"target\":{\"@type\":\"EntryPoint\",\"urlTemplate\":\"https:\/\/odanlab.com\/?s={search_term_string}\"},\"query-input\":{\"@type\":\"PropertyValueSpecification\",\"valueRequired\":true,\"valueName\":\"search_term_string\"}}],\"inLanguage\":\"fr-FR\"}]}<\/script>\n<!-- \/ Yoast SEO plugin. -->","yoast_head_json":{"title":"Purg-Odan-\u00c0 propos - Odan Laboratories Ltd.","robots":{"index":"index","follow":"follow","max-snippet":"max-snippet:-1","max-image-preview":"max-image-preview:large","max-video-preview":"max-video-preview:-1"},"canonical":"https:\/\/odanlab.com\/fr\/purg-odan\/purg-odan-a-propos\/","og_locale":"fr_FR","og_type":"article","og_title":"Purg-Odan-\u00c0 propos - Odan Laboratories Ltd.","og_url":"https:\/\/odanlab.com\/fr\/purg-odan\/purg-odan-a-propos\/","og_site_name":"Odan Laboratories Ltd.","article_publisher":"https:\/\/www.facebook.com\/odanlab\/","article_modified_time":"2018-08-31T16:03:34+00:00","twitter_card":"summary_large_image","twitter_misc":{"Dur\u00e9e de lecture estim\u00e9e":"3 minutes"},"schema":{"@context":"https:\/\/schema.org","@graph":[{"@type":"WebPage","@id":"https:\/\/odanlab.com\/fr\/purg-odan\/purg-odan-a-propos\/","url":"https:\/\/odanlab.com\/fr\/purg-odan\/purg-odan-a-propos\/","name":"Purg-Odan-\u00c0 propos - Odan Laboratories Ltd.","isPartOf":{"@id":"https:\/\/odanlab.com\/#website"},"datePublished":"2018-08-31T15:20:04+00:00","dateModified":"2018-08-31T16:03:34+00:00","breadcrumb":{"@id":"https:\/\/odanlab.com\/fr\/purg-odan\/purg-odan-a-propos\/#breadcrumb"},"inLanguage":"fr-FR","potentialAction":[{"@type":"ReadAction","target":["https:\/\/odanlab.com\/fr\/purg-odan\/purg-odan-a-propos\/"]}]},{"@type":"BreadcrumbList","@id":"https:\/\/odanlab.com\/fr\/purg-odan\/purg-odan-a-propos\/#breadcrumb","itemListElement":[{"@type":"ListItem","position":1,"name":"Home","item":"https:\/\/odanlab.com\/fr\/"},{"@type":"ListItem","position":2,"name":"Purg-Odan","item":"https:\/\/odanlab.com\/fr\/purg-odan\/"},{"@type":"ListItem","position":3,"name":"Purg-Odan-\u00c0 propos"}]},{"@type":"WebSite","@id":"https:\/\/odanlab.com\/#website","url":"https:\/\/odanlab.com\/","name":"Odan Laboratories Ltd.","description":"The Leader in Specialty Generic Pharmaceutical Products","potentialAction":[{"@type":"SearchAction","target":{"@type":"EntryPoint","urlTemplate":"https:\/\/odanlab.com\/?s={search_term_string}"},"query-input":{"@type":"PropertyValueSpecification","valueRequired":true,"valueName":"search_term_string"}}],"inLanguage":"fr-FR"}]}},"jetpack_sharing_enabled":true,"jetpack_shortlink":"https:\/\/wp.me\/Pahxdx-zj","_links":{"self":[{"href":"https:\/\/odanlab.com\/fr\/wp-json\/wp\/v2\/pages\/2189","targetHints":{"allow":["GET"]}}],"collection":[{"href":"https:\/\/odanlab.com\/fr\/wp-json\/wp\/v2\/pages"}],"about":[{"href":"https:\/\/odanlab.com\/fr\/wp-json\/wp\/v2\/types\/page"}],"author":[{"embeddable":true,"href":"https:\/\/odanlab.com\/fr\/wp-json\/wp\/v2\/users\/1"}],"replies":[{"embeddable":true,"href":"https:\/\/odanlab.com\/fr\/wp-json\/wp\/v2\/comments?post=2189"}],"version-history":[{"count":1,"href":"https:\/\/odanlab.com\/fr\/wp-json\/wp\/v2\/pages\/2189\/revisions"}],"predecessor-version":[{"id":2190,"href":"https:\/\/odanlab.com\/fr\/wp-json\/wp\/v2\/pages\/2189\/revisions\/2190"}],"up":[{"embeddable":true,"href":"https:\/\/odanlab.com\/fr\/wp-json\/wp\/v2\/pages\/2146"}],"wp:attachment":[{"href":"https:\/\/odanlab.com\/fr\/wp-json\/wp\/v2\/media?parent=2189"}],"curies":[{"name":"wp","href":"https:\/\/api.w.org\/{rel}","templated":true}]}}