{"id":2187,"date":"2018-08-31T15:18:27","date_gmt":"2018-08-31T15:18:27","guid":{"rendered":"https:\/\/odan.odanlabdev.ca\/purg-odan\/purg-odan-instructions\/"},"modified":"2018-08-31T16:05:52","modified_gmt":"2018-08-31T16:05:52","slug":"purg-odan-instructions","status":"publish","type":"page","link":"https:\/\/odanlab.com\/fr\/purg-odan\/purg-odan-instructions\/","title":{"rendered":"Purg-Odan-Instructions"},"content":{"rendered":"<div class=\"fusion-fullwidth fullwidth-box fusion-builder-row-1 nonhundred-percent-fullwidth non-hundred-percent-height-scrolling\"  style='background-color: rgba(255,255,255,0);background-position: center center;background-repeat: no-repeat;padding-top:0px;padding-right:0px;padding-bottom:0px;padding-left:0px;'><div class=\"fusion-builder-row fusion-row \"><div  class=\"fusion-layout-column fusion_builder_column fusion_builder_column_1_1 fusion-builder-column-0 fusion-one-full fusion-column-first fusion-column-last 1_1\"  style='margin-top:0px;margin-bottom:20px;'><div class=\"fusion-column-wrapper\" style=\"padding: 0px 0px 0px 0px;background-position:left top;background-repeat:no-repeat;-webkit-background-size:cover;-moz-background-size:cover;-o-background-size:cover;background-size:cover;\"   data-bg-url=\"\"><div class=\"fusion-text\"><h2><strong>Comment prendre le Purg-Odan<sup>MD<\/sup><\/strong><\/h2>\n<p><strong>Ces instructions servent de guide pour votre pr\u00e9paration intestinale. Votre m\u00e9decin peut cependant vous fournir des instructions plus sp\u00e9cifiques. Dans ce cas, r\u00e9f\u00e9rez-vous plut\u00f4t aux siennes.<\/strong><\/p>\n<p>Veuillez aviser votre m\u00e9decin si vous prenez l\u2019un (ou plusieurs) des produits suivants:<\/p>\n<ol>\n<li>Aspirin<sup>MD<\/sup>(ASA), ou des m\u00e9dicaments qui en contiennent ASA<\/li>\n<li>Anticoagulants tels que Coumadin<sup>MD<\/sup> (warfarin)<\/li>\n<li>Inhibiteurs d\u2019agr\u00e9gation plaquettaire tels que Plavix&#x2122; ou Ticlid&#x2122;<\/li>\n<li>Des suppl\u00e9ments de fer, ou des multivitamines qui en contiennent<\/li>\n<li>Des m\u00e9dicaments pour le diab\u00e8te<\/li>\n<li>Autres m\u00e9dicaments sur une base r\u00e9guli\u00e8re<\/li>\n<\/ol>\n<p>L\u2019utilisation d\u2019un purgatif puissant est requise un jour avant votre examen ou intervention. Dans ce but, votre m\u00e9decin vous a recommand\u00e9 Purg-Odan\u00ae, disponible en pharmacie sans ordonnance. Assurez-vous de l\u2019accessibilit\u00e9 d\u2019une toilette durant le traitement, car le produit peut commencer \u00e0 agir entre 1 \u00e0 4 heures.<\/p>\n<ol>\n<li>D\u00e9butez le traitement avec Purg-Odan\u00ae la journ\u00e9e pr\u00e9c\u00e9dant (avant) votre examen. Vous devez prendre SEULEMENT des liquides clairs. Aucune nourriture solide.<\/li>\n<li>Prenez le premier sachet de Purg-Odan<sup>MD<\/sup>\n<ul>\n<li>Videz le contenu du sachet dans une tasse \u00e0 caf\u00e9.<\/li>\n<li>Ajoutez-y environ 150 mL (5 oz) d\u2019eau froide.<\/li>\n<li>Remuez fr\u00e9quemment durant les 2 \u00e0 3 minutes qui suivent jusqu\u2019\u00e0 dissolution compl\u00e8te de la poudre. Si la pr\u00e9paration devient chaude, laissez la refroidir.<\/li>\n<li>Continuez \u00e0 remuer pendant qu&#8217;il refroidit, puis buvez-le.<\/li>\n<\/ul>\n<\/li>\n<li>Il est tr\u00e8s important de se r\u00e9hydrater en buvant au minimum 6 verres de 250\u2009mL (8oz) de liquides clairs pendant les 4 heures suivant la prise de chaque sachet de Purg-Odan<sup>MD<\/sup>. En plus de boire de l\u2019eau, vous devriez \u00e9galement boire d\u2019autres liquides clairs tels que des boissons d\u00e9salt\u00e9rantes de type Gatorade&#x2122; ou Powerade&#x2122;, du bouillon de poulet ou de boeuf sans persil, des boissons gazeuses claires, des popsicles, du jus de fruit sans pulpe, etc.<br \/>\nNE BUVEZ PAS de liquides fonc\u00e9s, surtout de couleur rouge ou mauve.<\/li>\n<li>Durant la p\u00e9riode o\u00f9 vous ressentez les effets de Purg-Odan<sup>MD<\/sup>, continuez de boire un verre de liquide clair, incluant de l\u2019eau, \u00e0 chaque heure. Veuillez noter que la nourriture n\u2019est pas permise.<\/li>\n<li>Prenez le deuxi\u00e8me sachet de Purg-Odan<sup>MD<\/sup><br \/>\n<strong>R\u00e9p\u00e9tez les \u00e9tapes 2 \u00e0 4 pour le 2e sachet.<\/strong><\/li>\n<li>Vous pouvez boire de l\u2019eau, au besoin, jusqu\u2019\u00e0 3 heures avant l\u2019heure pr\u00e9vue de votre examen.<\/li>\n<\/ol>\n<\/div><div class=\"fusion-clearfix\"><\/div><\/div><\/div><\/div><\/div>\n","protected":false},"excerpt":{"rendered":"","protected":false},"author":1,"featured_media":0,"parent":2146,"menu_order":0,"comment_status":"closed","ping_status":"closed","template":"","meta":{"_exactmetrics_skip_tracking":false,"_exactmetrics_sitenote_active":false,"_exactmetrics_sitenote_note":"","_exactmetrics_sitenote_category":0,"jetpack_post_was_ever_published":false,"footnotes":""},"class_list":["post-2187","page","type-page","status-publish","hentry"],"yoast_head":"<!-- This site is optimized with the Yoast SEO plugin v27.0 - https:\/\/yoast.com\/product\/yoast-seo-wordpress\/ -->\n<title>Purg-Odan-Instructions - Odan Laboratories Ltd.<\/title>\n<meta name=\"robots\" content=\"index, follow, max-snippet:-1, max-image-preview:large, max-video-preview:-1\" \/>\n<link rel=\"canonical\" href=\"https:\/\/odanlab.com\/fr\/purg-odan\/purg-odan-instructions\/\" \/>\n<meta property=\"og:locale\" content=\"fr_FR\" \/>\n<meta property=\"og:type\" content=\"article\" \/>\n<meta property=\"og:title\" content=\"Purg-Odan-Instructions - Odan Laboratories Ltd.\" \/>\n<meta property=\"og:url\" content=\"https:\/\/odanlab.com\/fr\/purg-odan\/purg-odan-instructions\/\" \/>\n<meta property=\"og:site_name\" content=\"Odan Laboratories Ltd.\" \/>\n<meta property=\"article:publisher\" content=\"https:\/\/www.facebook.com\/odanlab\/\" \/>\n<meta property=\"article:modified_time\" content=\"2018-08-31T16:05:52+00:00\" \/>\n<meta name=\"twitter:card\" content=\"summary_large_image\" \/>\n<meta name=\"twitter:label1\" content=\"Dur\u00e9e de lecture estim\u00e9e\" \/>\n\t<meta name=\"twitter:data1\" content=\"3 minutes\" \/>\n<script type=\"application\/ld+json\" class=\"yoast-schema-graph\">{\"@context\":\"https:\/\/schema.org\",\"@graph\":[{\"@type\":\"WebPage\",\"@id\":\"https:\/\/odanlab.com\/fr\/purg-odan\/purg-odan-instructions\/\",\"url\":\"https:\/\/odanlab.com\/fr\/purg-odan\/purg-odan-instructions\/\",\"name\":\"Purg-Odan-Instructions - Odan Laboratories Ltd.\",\"isPartOf\":{\"@id\":\"https:\/\/odanlab.com\/#website\"},\"datePublished\":\"2018-08-31T15:18:27+00:00\",\"dateModified\":\"2018-08-31T16:05:52+00:00\",\"breadcrumb\":{\"@id\":\"https:\/\/odanlab.com\/fr\/purg-odan\/purg-odan-instructions\/#breadcrumb\"},\"inLanguage\":\"fr-FR\",\"potentialAction\":[{\"@type\":\"ReadAction\",\"target\":[\"https:\/\/odanlab.com\/fr\/purg-odan\/purg-odan-instructions\/\"]}]},{\"@type\":\"BreadcrumbList\",\"@id\":\"https:\/\/odanlab.com\/fr\/purg-odan\/purg-odan-instructions\/#breadcrumb\",\"itemListElement\":[{\"@type\":\"ListItem\",\"position\":1,\"name\":\"Home\",\"item\":\"https:\/\/odanlab.com\/fr\/\"},{\"@type\":\"ListItem\",\"position\":2,\"name\":\"Purg-Odan\",\"item\":\"https:\/\/odanlab.com\/fr\/purg-odan\/\"},{\"@type\":\"ListItem\",\"position\":3,\"name\":\"Purg-Odan-Instructions\"}]},{\"@type\":\"WebSite\",\"@id\":\"https:\/\/odanlab.com\/#website\",\"url\":\"https:\/\/odanlab.com\/\",\"name\":\"Odan Laboratories Ltd.\",\"description\":\"The Leader in Specialty Generic Pharmaceutical Products\",\"potentialAction\":[{\"@type\":\"SearchAction\",\"target\":{\"@type\":\"EntryPoint\",\"urlTemplate\":\"https:\/\/odanlab.com\/?s={search_term_string}\"},\"query-input\":{\"@type\":\"PropertyValueSpecification\",\"valueRequired\":true,\"valueName\":\"search_term_string\"}}],\"inLanguage\":\"fr-FR\"}]}<\/script>\n<!-- \/ Yoast SEO plugin. -->","yoast_head_json":{"title":"Purg-Odan-Instructions - Odan Laboratories Ltd.","robots":{"index":"index","follow":"follow","max-snippet":"max-snippet:-1","max-image-preview":"max-image-preview:large","max-video-preview":"max-video-preview:-1"},"canonical":"https:\/\/odanlab.com\/fr\/purg-odan\/purg-odan-instructions\/","og_locale":"fr_FR","og_type":"article","og_title":"Purg-Odan-Instructions - Odan Laboratories Ltd.","og_url":"https:\/\/odanlab.com\/fr\/purg-odan\/purg-odan-instructions\/","og_site_name":"Odan Laboratories Ltd.","article_publisher":"https:\/\/www.facebook.com\/odanlab\/","article_modified_time":"2018-08-31T16:05:52+00:00","twitter_card":"summary_large_image","twitter_misc":{"Dur\u00e9e de lecture estim\u00e9e":"3 minutes"},"schema":{"@context":"https:\/\/schema.org","@graph":[{"@type":"WebPage","@id":"https:\/\/odanlab.com\/fr\/purg-odan\/purg-odan-instructions\/","url":"https:\/\/odanlab.com\/fr\/purg-odan\/purg-odan-instructions\/","name":"Purg-Odan-Instructions - Odan Laboratories Ltd.","isPartOf":{"@id":"https:\/\/odanlab.com\/#website"},"datePublished":"2018-08-31T15:18:27+00:00","dateModified":"2018-08-31T16:05:52+00:00","breadcrumb":{"@id":"https:\/\/odanlab.com\/fr\/purg-odan\/purg-odan-instructions\/#breadcrumb"},"inLanguage":"fr-FR","potentialAction":[{"@type":"ReadAction","target":["https:\/\/odanlab.com\/fr\/purg-odan\/purg-odan-instructions\/"]}]},{"@type":"BreadcrumbList","@id":"https:\/\/odanlab.com\/fr\/purg-odan\/purg-odan-instructions\/#breadcrumb","itemListElement":[{"@type":"ListItem","position":1,"name":"Home","item":"https:\/\/odanlab.com\/fr\/"},{"@type":"ListItem","position":2,"name":"Purg-Odan","item":"https:\/\/odanlab.com\/fr\/purg-odan\/"},{"@type":"ListItem","position":3,"name":"Purg-Odan-Instructions"}]},{"@type":"WebSite","@id":"https:\/\/odanlab.com\/#website","url":"https:\/\/odanlab.com\/","name":"Odan Laboratories Ltd.","description":"The Leader in Specialty Generic Pharmaceutical Products","potentialAction":[{"@type":"SearchAction","target":{"@type":"EntryPoint","urlTemplate":"https:\/\/odanlab.com\/?s={search_term_string}"},"query-input":{"@type":"PropertyValueSpecification","valueRequired":true,"valueName":"search_term_string"}}],"inLanguage":"fr-FR"}]}},"jetpack_sharing_enabled":true,"jetpack_shortlink":"https:\/\/wp.me\/Pahxdx-zh","_links":{"self":[{"href":"https:\/\/odanlab.com\/fr\/wp-json\/wp\/v2\/pages\/2187","targetHints":{"allow":["GET"]}}],"collection":[{"href":"https:\/\/odanlab.com\/fr\/wp-json\/wp\/v2\/pages"}],"about":[{"href":"https:\/\/odanlab.com\/fr\/wp-json\/wp\/v2\/types\/page"}],"author":[{"embeddable":true,"href":"https:\/\/odanlab.com\/fr\/wp-json\/wp\/v2\/users\/1"}],"replies":[{"embeddable":true,"href":"https:\/\/odanlab.com\/fr\/wp-json\/wp\/v2\/comments?post=2187"}],"version-history":[{"count":1,"href":"https:\/\/odanlab.com\/fr\/wp-json\/wp\/v2\/pages\/2187\/revisions"}],"predecessor-version":[{"id":2188,"href":"https:\/\/odanlab.com\/fr\/wp-json\/wp\/v2\/pages\/2187\/revisions\/2188"}],"up":[{"embeddable":true,"href":"https:\/\/odanlab.com\/fr\/wp-json\/wp\/v2\/pages\/2146"}],"wp:attachment":[{"href":"https:\/\/odanlab.com\/fr\/wp-json\/wp\/v2\/media?parent=2187"}],"curies":[{"name":"wp","href":"https:\/\/api.w.org\/{rel}","templated":true}]}}