{"id":2063,"date":"2018-08-17T19:41:19","date_gmt":"2018-08-17T19:41:19","guid":{"rendered":"https:\/\/odan.odanlabdev.ca\/sinscrire-en-tant-que-professionnel-de-la-sante\/"},"modified":"2018-09-21T08:34:57","modified_gmt":"2018-09-21T12:34:57","slug":"inscription-professionnel","status":"publish","type":"page","link":"https:\/\/odanlab.com\/fr\/inscription-professionnel\/","title":{"rendered":"S&#8217;inscrire en tant que professionnel de la sant\u00e9"},"content":{"rendered":"<div class=\"fusion-fullwidth fullwidth-box fusion-builder-row-1 nonhundred-percent-fullwidth non-hundred-percent-height-scrolling\"  style='background-color: rgba(255,255,255,0);background-position: center center;background-repeat: no-repeat;padding-top:0px;padding-right:0px;padding-bottom:0px;padding-left:0px;'><div class=\"fusion-builder-row fusion-row \"><div  class=\"fusion-layout-column fusion_builder_column fusion_builder_column_1_1 fusion-builder-column-0 fusion-one-full fusion-column-first fusion-column-last 1_1\"  style='margin-top:0px;margin-bottom:20px;'><div class=\"fusion-column-wrapper\" style=\"padding: 0px 0px 0px 0px;background-position:left top;background-repeat:no-repeat;-webkit-background-size:cover;-moz-background-size:cover;-o-background-size:cover;background-size:cover;\"   data-bg-url=\"\"><div class=\"fusion-text\">\n<div class=\"um um-register um-2077\">\n\t<div class=\"um-form\" data-mode=\"register\">\n\t\t<form method=\"post\" action=\"\">\n\t\t\t<div class=\"um-row _um_row_1 \" style=\"margin: 0 0 30px 0;\"><div class=\"um-col-1\"><div  class=\"um-field um-field-block  um-field-block um-field-type_block\" data-key=\"um_block_2077_2\"><h2 style=\"text-align: center;\">Veuillez vous enregistrer en tant que professionnel de la sant\u00e9 pour acc\u00e9der \u00e0 la page des pharmaceutiques g\u00e9n\u00e9riques et pour commander des \u00e9chantillons.<\/h2><\/div><div  class=\"um-field um-field-divider  um-field-divider um-field-type_divider\" data-key=\"um_divider_2077_3\" style=\"border-bottom:2px solid #eeeeee;\"><\/div><\/div><\/div><div class=\"um-row _um_row_2 \" style=\"margin: 0 0 30px 0;\"><div class=\"um-col-121\"><div  id=\"um_field_2077_user_login\" class=\"um-field um-field-text  um-field-user_login um-field-text um-field-type_text\" data-key=\"user_login\"><div class=\"um-field-label\"><label for=\"user_login-2077\">Nom d&#039;utilisateur<span class=\"um-req\" title=\"Requis\">*<\/span><\/label><div class=\"um-clear\"><\/div><\/div><div class=\"um-field-area\"><input  autocomplete=\"off\" class=\"um-form-field valid \" type=\"text\" name=\"user_login-2077\" id=\"user_login-2077\" value=\"\" placeholder=\"\" data-validate=\"unique_username\" data-key=\"user_login\"  aria-invalid=\"false\" \/>\n\n\t\t\t\t\t\t<\/div><\/div><div  id=\"um_field_2077_first_name\" class=\"um-field um-field-text  um-field-first_name um-field-text um-field-type_text\" data-key=\"first_name\"><div class=\"um-field-label\"><label for=\"first_name-2077\">Pr\u00e9nom<span class=\"um-req\" title=\"Requis\">*<\/span><\/label><div class=\"um-clear\"><\/div><\/div><div class=\"um-field-area\"><input  autocomplete=\"off\" class=\"um-form-field valid \" type=\"text\" name=\"first_name-2077\" id=\"first_name-2077\" value=\"\" placeholder=\"\" data-validate=\"\" data-key=\"first_name\"  aria-invalid=\"false\" \/>\n\n\t\t\t\t\t\t<\/div><\/div><div  id=\"um_field_2077_last_name\" class=\"um-field um-field-text  um-field-last_name um-field-text um-field-type_text\" data-key=\"last_name\"><div class=\"um-field-label\"><label for=\"last_name-2077\">Nom de famille<span class=\"um-req\" title=\"Requis\">*<\/span><\/label><div class=\"um-clear\"><\/div><\/div><div class=\"um-field-area\"><input  autocomplete=\"off\" class=\"um-form-field valid \" type=\"text\" name=\"last_name-2077\" id=\"last_name-2077\" value=\"\" placeholder=\"\" data-validate=\"\" data-key=\"last_name\"  aria-invalid=\"false\" \/>\n\n\t\t\t\t\t\t<\/div><\/div><div  id=\"um_field_2077_street_address\" class=\"um-field um-field-text  um-field-street_address um-field-text um-field-type_text\" data-key=\"street_address\"><div class=\"um-field-label\"><label for=\"street_address-2077\">Adresse Ligne 1 (pour livrer les \u00e9chantillons)<\/label><div class=\"um-clear\"><\/div><\/div><div class=\"um-field-area\"><input  autocomplete=\"off\" class=\"um-form-field valid not-required \" type=\"text\" name=\"street_address-2077\" id=\"street_address-2077\" value=\"\" placeholder=\"\" data-validate=\"\" data-key=\"street_address\"  aria-invalid=\"false\" \/>\n\n\t\t\t\t\t\t<\/div><\/div><div  id=\"um_field_2077_address_2\" class=\"um-field um-field-text  um-field-address_2 um-field-text um-field-type_text\" data-key=\"address_2\"><div class=\"um-field-label\"><label for=\"address_2-2077\">Adresse Ligne 2<\/label><div class=\"um-clear\"><\/div><\/div><div class=\"um-field-area\"><input  autocomplete=\"off\" class=\"um-form-field valid not-required \" type=\"text\" name=\"address_2-2077\" id=\"address_2-2077\" value=\"\" placeholder=\"\" data-validate=\"\" data-key=\"address_2\"  aria-invalid=\"false\" \/>\n\n\t\t\t\t\t\t<\/div><\/div><div  id=\"um_field_2077_city\" class=\"um-field um-field-text  um-field-city um-field-text um-field-type_text\" data-key=\"city\"><div class=\"um-field-label\"><label for=\"city-2077\">Ville<\/label><div class=\"um-clear\"><\/div><\/div><div class=\"um-field-area\"><input  autocomplete=\"off\" class=\"um-form-field valid not-required \" type=\"text\" name=\"city-2077\" id=\"city-2077\" value=\"\" placeholder=\"\" data-validate=\"\" data-key=\"city\"  aria-invalid=\"false\" \/>\n\n\t\t\t\t\t\t<\/div><\/div><div  id=\"um_field_2077_province\" class=\"um-field um-field-select  um-field-province um-field-select um-field-type_select\" data-key=\"province\"><div class=\"um-field-label\"><label for=\"province-2077\">Province<\/label><div class=\"um-clear\"><\/div><\/div><div class=\"um-field-area  \"><select data-default=\"\"     name=\"province\" id=\"province\" data-validate=\"\" data-key=\"province\" class=\"um-form-field valid not-required um-s1 \" style=\"width: 100%\" data-placeholder=\"\"   aria-invalid=\"false\" ><option value=\"\"><\/option><option value=\"Alberta\" >Alberta<\/option><option value=\"Colombie-Britannique\" >Colombie-Britannique<\/option><option value=\"\u00cele-du-Prince-\u00c9douard\" >\u00cele-du-Prince-\u00c9douard<\/option><option value=\"Manitoba\" >Manitoba<\/option><option value=\"Nouveau-Brunswick\" >Nouveau-Brunswick<\/option><option value=\"Nouvelle-\u00c9cosse\" >Nouvelle-\u00c9cosse<\/option><option value=\"Nunavut\" >Nunavut<\/option><option value=\"Ontario\" >Ontario<\/option><option value=\"Qu\u00e9bec\" >Qu\u00e9bec<\/option><option value=\"Saskatchewan\" >Saskatchewan<\/option><option value=\"Terre-Neuve-et-Labrador\" >Terre-Neuve-et-Labrador<\/option><option value=\"Territoires du Nord-Ouest\" >Territoires du Nord-Ouest<\/option><option value=\"Yukon\" >Yukon<\/option><\/select><\/div><\/div><div  id=\"um_field_2077_postal_code\" class=\"um-field um-field-text  um-field-postal_code um-field-text um-field-type_text\" data-key=\"postal_code\"><div class=\"um-field-label\"><label for=\"postal_code-2077\">Code postal<\/label><div class=\"um-clear\"><\/div><\/div><div class=\"um-field-area\"><input  autocomplete=\"off\" class=\"um-form-field valid not-required \" type=\"text\" name=\"postal_code-2077\" id=\"postal_code-2077\" value=\"\" placeholder=\"\" data-validate=\"\" data-key=\"postal_code\"  aria-invalid=\"false\" \/>\n\n\t\t\t\t\t\t<\/div><\/div><\/div><div class=\"um-col-122\"><div  id=\"um_field_2077_user_email\" class=\"um-field um-field-text  um-field-user_email um-field-text um-field-type_text\" data-key=\"user_email\"><div class=\"um-field-label\"><label for=\"user_email-2077\">Adresse \u00e9l\u00e9ctronique<span class=\"um-req\" title=\"Requis\">*<\/span><\/label><div class=\"um-clear\"><\/div><\/div><div class=\"um-field-area\"><div class=\"um-field-icon\"><i class=\"um-icon-email\"><\/i><\/div><input  autocomplete=\"off\" class=\"um-form-field valid um-iconed \" type=\"text\" name=\"user_email-2077\" id=\"user_email-2077\" value=\"\" placeholder=\"\" data-validate=\"unique_email\" data-key=\"user_email\"  aria-invalid=\"false\" \/>\n\n\t\t\t\t\t\t<\/div><\/div><div  id=\"um_field_2077_phone_number\" class=\"um-field um-field-text  um-field-phone_number um-field-text um-field-type_text\" data-key=\"phone_number\"><div class=\"um-field-label\"><label for=\"phone_number-2077\">Num\u00e9ro de t\u00e9l\u00e9phone<span class=\"um-req\" title=\"Requis\">*<\/span><\/label><div class=\"um-clear\"><\/div><\/div><div class=\"um-field-area\"><div class=\"um-field-icon\"><i class=\"um-faicon-phone\"><\/i><\/div><input  autocomplete=\"off\" class=\"um-form-field valid um-iconed \" type=\"text\" name=\"phone_number-2077\" id=\"phone_number-2077\" value=\"\" placeholder=\"\" data-validate=\"phone_number\" data-key=\"phone_number\"  aria-invalid=\"false\" \/>\n\n\t\t\t\t\t\t<\/div><\/div><div  id=\"um_field_2077_user_fax\" class=\"um-field um-field-text  um-field-user_fax um-field-text um-field-type_text\" data-key=\"user_fax\"><div class=\"um-field-label\"><label for=\"user_fax-2077\">Num\u00e9ro de fax<\/label><div class=\"um-clear\"><\/div><\/div><div class=\"um-field-area\"><div class=\"um-field-icon\"><i class=\"um-faicon-fax\"><\/i><\/div><input  autocomplete=\"off\" class=\"um-form-field valid not-required um-iconed \" type=\"text\" name=\"user_fax-2077\" id=\"user_fax-2077\" value=\"\" placeholder=\"\" data-validate=\"\" data-key=\"user_fax\"  aria-invalid=\"false\" \/>\n\n\t\t\t\t\t\t<\/div><\/div><div  id=\"um_field_2077_specialty\" class=\"um-field um-field-radio  um-field-specialty um-field-radio um-field-type_radio\" data-key=\"specialty\"  aria-invalid=\"false\" ><div class=\"um-field-label\"><label for=\"specialty-2077\">Specialt\u00e9<span class=\"um-req\" title=\"Requis\">*<\/span><\/label><div class=\"um-clear\"><\/div><\/div><div class=\"um-field-area\"><label class=\"um-field-radio  um-field-half  um-field-radio-state-disabled\"><input  type=\"radio\" name=\"specialty[]\" value=\"Pharmacien(ne)\"  \/><span class=\"um-field-radio-state\"><i class=\"um-icon-android-radio-button-off\"><\/i><\/span><span class=\"um-field-radio-option\">Pharmacien(ne)<\/span><\/label><label class=\"um-field-radio  um-field-half  right  um-field-radio-state-disabled\"><input  type=\"radio\" name=\"specialty[]\" value=\"Dermatologue\"  \/><span class=\"um-field-radio-state\"><i class=\"um-icon-android-radio-button-off\"><\/i><\/span><span class=\"um-field-radio-option\">Dermatologue<\/span><\/label><div class=\"um-clear\"><\/div><label class=\"um-field-radio  um-field-half  um-field-radio-state-disabled\"><input  type=\"radio\" name=\"specialty[]\" value=\"Gastroent\u00e9rologue\"  \/><span class=\"um-field-radio-state\"><i class=\"um-icon-android-radio-button-off\"><\/i><\/span><span class=\"um-field-radio-option\">Gastroent\u00e9rologue<\/span><\/label><label class=\"um-field-radio  um-field-half  right  um-field-radio-state-disabled\"><input  type=\"radio\" name=\"specialty[]\" value=\"Ophtalmologue \/ Soins des yeux\"  \/><span class=\"um-field-radio-state\"><i class=\"um-icon-android-radio-button-off\"><\/i><\/span><span class=\"um-field-radio-option\">Ophtalmologue \/ Soins des yeux<\/span><\/label><div class=\"um-clear\"><\/div><label class=\"um-field-radio  um-field-half  um-field-radio-state-disabled\"><input  type=\"radio\" name=\"specialty[]\" value=\"Dentiste \/ Soins buccodentaires\"  \/><span class=\"um-field-radio-state\"><i class=\"um-icon-android-radio-button-off\"><\/i><\/span><span class=\"um-field-radio-option\">Dentiste \/ Soins buccodentaires<\/span><\/label><label class=\"um-field-radio  um-field-half  right  um-field-radio-state-disabled\"><input  type=\"radio\" name=\"specialty[]\" value=\"M\u00e9decin g\u00e9n\u00e9raliste\"  \/><span class=\"um-field-radio-state\"><i class=\"um-icon-android-radio-button-off\"><\/i><\/span><span class=\"um-field-radio-option\">M\u00e9decin g\u00e9n\u00e9raliste<\/span><\/label><div class=\"um-clear\"><\/div><label class=\"um-field-radio  um-field-half  um-field-radio-state-disabled\"><input  type=\"radio\" name=\"specialty[]\" value=\"M\u00e9decin de famille\"  \/><span class=\"um-field-radio-state\"><i class=\"um-icon-android-radio-button-off\"><\/i><\/span><span class=\"um-field-radio-option\">M\u00e9decin de famille<\/span><\/label><label class=\"um-field-radio  um-field-half  right  um-field-radio-state-disabled\"><input  type=\"radio\" name=\"specialty[]\" value=\"Autre professionnel de la sant\u00e9\"  \/><span class=\"um-field-radio-state\"><i class=\"um-icon-android-radio-button-off\"><\/i><\/span><span class=\"um-field-radio-option\">Autre professionnel de la sant\u00e9<\/span><\/label><div class=\"um-clear\"><\/div><div class=\"um-clear\"><\/div><\/div><\/div><div  id=\"um_field_2077_other-healthcare\" class=\"um-field um-field-text  um-is-conditional um-field-other-healthcare um-field-text um-field-type_text\" data-key=\"other-healthcare\" data-cond-0-action=\"show\" data-cond-0-field=\"specialty\" data-cond-0-operator=\"equals to\" data-cond-0-value=\"Autre professionnel de la sant\u00e9\"><div class=\"um-field-label\"><label for=\"other-healthcare-2077\">Autre professionnel de la sant\u00e9<span class=\"um-req\" title=\"Requis\">*<\/span><\/label><div class=\"um-clear\"><\/div><\/div><div class=\"um-field-area\"><input  autocomplete=\"off\" class=\"um-form-field valid \" type=\"text\" name=\"other-healthcare-2077\" id=\"other-healthcare-2077\" value=\"\" placeholder=\" Veuillez entrer votre sp\u00e9cialit\u00e9 (ex: psychiatre)\" data-validate=\"\" data-key=\"other-healthcare\"  aria-invalid=\"false\" \/>\n\n\t\t\t\t\t\t<\/div><\/div><div  id=\"um_field_2077_license\" class=\"um-field um-field-text  um-is-conditional um-field-license um-field-text um-field-type_text\" data-key=\"license\" data-cond-0-action=\"show\" data-cond-0-field=\"specialty\" data-cond-0-operator=\"not empty\" data-cond-0-value=\"\"><div class=\"um-field-label\"><label for=\"license-2077\">Num\u00e9ro de licence<span class=\"um-req\" title=\"Requis\">*<\/span><\/label><div class=\"um-clear\"><\/div><\/div><div class=\"um-field-area\"><input  autocomplete=\"off\" class=\"um-form-field valid \" type=\"text\" name=\"license-2077\" id=\"license-2077\" value=\"\" placeholder=\"\" data-validate=\"\" data-key=\"license\"  aria-invalid=\"false\" \/>\n\n\t\t\t\t\t\t<\/div><\/div><div  id=\"um_field_2077_user_password\" class=\"um-field um-field-password  um-field-user_password um-field-password um-field-type_password\" data-key=\"user_password\"><div class=\"um-field-label\"><label for=\"user_password-2077\">Mot de passe<span class=\"um-req\" title=\"Requis\">*<\/span><\/label><div class=\"um-clear\"><\/div><\/div><div class=\"um-field-area\"><input class=\"um-form-field valid \" type=\"password\" name=\"user_password-2077\" id=\"user_password-2077\" value=\"\" placeholder=\"\" data-validate=\"\" data-key=\"user_password\"  aria-invalid=\"false\" \/>\n\n\t\t\t\t\t\t\t<\/div><\/div><div  id=\"um_field_2077_confirm_user_password\" class=\"um-field um-field-password  um-field-user_password um-field-password um-field-type_password\" data-key=\"confirm_user_password\"><div class=\"um-field-label\"><label for=\"confirm_user_password-2077\">Confirmer Mot de passe<span class=\"um-req\" title=\"Requis\">*<\/span><\/label><div class=\"um-clear\"><\/div><\/div><div class=\"um-field-area\"><input class=\"um-form-field valid \" type=\"password\" name=\"confirm_user_password-2077\" id=\"confirm_user_password-2077\" value=\"\" placeholder=\"Confirmer Mot de passe\" data-validate=\"\" data-key=\"confirm_user_password\"  aria-invalid=\"false\" \/><\/div><\/div><\/div><div class=\"um-clear\"><\/div><\/div>\t<input type=\"hidden\" name=\"form_id\" id=\"form_id_2077\" value=\"2077\" \/>\n\t\t<p class=\"um_request_name\">\n\t\t<label for=\"um_request_2077\">Only fill in if you are not human<\/label>\n\t\t<input type=\"hidden\" name=\"um_request\" id=\"um_request_2077\" class=\"input\" value=\"\" size=\"25\" autocomplete=\"off\" \/>\n\t<\/p>\n\t<input type=\"hidden\" id=\"_wpnonce\" name=\"_wpnonce\" value=\"0f3db91614\" \/><input type=\"hidden\" name=\"_wp_http_referer\" value=\"\/fr\/wp-json\/wp\/v2\/pages\/2063\" \/>\n<div class=\"g-recaptcha\" id=\"um-2077\" data-mode=\"register\"><\/div>\n\n\n\t<div class=\"um-col-alt\">\n\n\t\t\n\t\t\t<div class=\"um-left um-half\">\n\t\t\t\t<input type=\"submit\" value=\"S&#039;inscrire\" class=\"um-button\" id=\"um-submit-btn\" \/>\n\t\t\t<\/div>\n\t\t\t<div class=\"um-right um-half\">\n\t\t\t\t<a href=\"https:\/\/odanlab.com\/fr\/connexion\/\" class=\"um-button um-alt\">\n\t\t\t\t\tConnexion\t\t\t\t<\/a>\n\t\t\t<\/div>\n\n\t\t\n\t\t<div class=\"um-clear\"><\/div>\n\n\t<\/div>\n\n\t\t\t<\/form>\n\t<\/div>\n<\/div>\n<style>\n\t\t\t.um-2077.um {\n\t\t\tmax-width: 100%;\n\t\t}\n\t\t<\/style>\n\n<\/div><div class=\"fusion-clearfix\"><\/div><\/div><\/div><\/div><\/div>\n","protected":false},"excerpt":{"rendered":"","protected":false},"author":1,"featured_media":0,"parent":0,"menu_order":0,"comment_status":"closed","ping_status":"closed","template":"","meta":{"_exactmetrics_skip_tracking":false,"_exactmetrics_sitenote_active":false,"_exactmetrics_sitenote_note":"","_exactmetrics_sitenote_category":0,"jetpack_post_was_ever_published":false,"footnotes":""},"class_list":["post-2063","page","type-page","status-publish","hentry"],"yoast_head":"<!-- This site is optimized with the Yoast SEO plugin v27.0 - https:\/\/yoast.com\/product\/yoast-seo-wordpress\/ -->\n<title>S&#039;inscrire en tant que professionnel de la sant\u00e9 - Odan Laboratories Ltd.<\/title>\n<meta name=\"robots\" content=\"index, follow, max-snippet:-1, max-image-preview:large, max-video-preview:-1\" \/>\n<link rel=\"canonical\" href=\"https:\/\/odanlab.com\/fr\/inscription-professionnel\/\" \/>\n<meta property=\"og:locale\" content=\"fr_FR\" \/>\n<meta property=\"og:type\" content=\"article\" \/>\n<meta property=\"og:title\" content=\"S&#039;inscrire en tant que professionnel de la sant\u00e9 - Odan Laboratories Ltd.\" \/>\n<meta property=\"og:url\" content=\"https:\/\/odanlab.com\/fr\/inscription-professionnel\/\" \/>\n<meta property=\"og:site_name\" content=\"Odan Laboratories Ltd.\" \/>\n<meta property=\"article:publisher\" content=\"https:\/\/www.facebook.com\/odanlab\/\" \/>\n<meta property=\"article:modified_time\" content=\"2018-09-21T12:34:57+00:00\" \/>\n<meta name=\"twitter:card\" content=\"summary_large_image\" \/>\n<meta name=\"twitter:label1\" content=\"Dur\u00e9e de lecture estim\u00e9e\" \/>\n\t<meta name=\"twitter:data1\" content=\"1 minute\" \/>\n<script type=\"application\/ld+json\" class=\"yoast-schema-graph\">{\"@context\":\"https:\/\/schema.org\",\"@graph\":[{\"@type\":\"WebPage\",\"@id\":\"https:\/\/odanlab.com\/fr\/inscription-professionnel\/\",\"url\":\"https:\/\/odanlab.com\/fr\/inscription-professionnel\/\",\"name\":\"S'inscrire en tant que professionnel de la sant\u00e9 - Odan Laboratories Ltd.\",\"isPartOf\":{\"@id\":\"https:\/\/odanlab.com\/#website\"},\"datePublished\":\"2018-08-17T19:41:19+00:00\",\"dateModified\":\"2018-09-21T12:34:57+00:00\",\"breadcrumb\":{\"@id\":\"https:\/\/odanlab.com\/fr\/inscription-professionnel\/#breadcrumb\"},\"inLanguage\":\"fr-FR\",\"potentialAction\":[{\"@type\":\"ReadAction\",\"target\":[\"https:\/\/odanlab.com\/fr\/inscription-professionnel\/\"]}]},{\"@type\":\"BreadcrumbList\",\"@id\":\"https:\/\/odanlab.com\/fr\/inscription-professionnel\/#breadcrumb\",\"itemListElement\":[{\"@type\":\"ListItem\",\"position\":1,\"name\":\"Home\",\"item\":\"https:\/\/odanlab.com\/fr\/\"},{\"@type\":\"ListItem\",\"position\":2,\"name\":\"S&#8217;inscrire en tant que professionnel de la sant\u00e9\"}]},{\"@type\":\"WebSite\",\"@id\":\"https:\/\/odanlab.com\/#website\",\"url\":\"https:\/\/odanlab.com\/\",\"name\":\"Odan Laboratories Ltd.\",\"description\":\"The Leader in Specialty Generic Pharmaceutical Products\",\"potentialAction\":[{\"@type\":\"SearchAction\",\"target\":{\"@type\":\"EntryPoint\",\"urlTemplate\":\"https:\/\/odanlab.com\/?s={search_term_string}\"},\"query-input\":{\"@type\":\"PropertyValueSpecification\",\"valueRequired\":true,\"valueName\":\"search_term_string\"}}],\"inLanguage\":\"fr-FR\"}]}<\/script>\n<!-- \/ Yoast SEO plugin. -->","yoast_head_json":{"title":"S'inscrire en tant que professionnel de la sant\u00e9 - Odan Laboratories Ltd.","robots":{"index":"index","follow":"follow","max-snippet":"max-snippet:-1","max-image-preview":"max-image-preview:large","max-video-preview":"max-video-preview:-1"},"canonical":"https:\/\/odanlab.com\/fr\/inscription-professionnel\/","og_locale":"fr_FR","og_type":"article","og_title":"S'inscrire en tant que professionnel de la sant\u00e9 - Odan Laboratories Ltd.","og_url":"https:\/\/odanlab.com\/fr\/inscription-professionnel\/","og_site_name":"Odan Laboratories Ltd.","article_publisher":"https:\/\/www.facebook.com\/odanlab\/","article_modified_time":"2018-09-21T12:34:57+00:00","twitter_card":"summary_large_image","twitter_misc":{"Dur\u00e9e de lecture estim\u00e9e":"1 minute"},"schema":{"@context":"https:\/\/schema.org","@graph":[{"@type":"WebPage","@id":"https:\/\/odanlab.com\/fr\/inscription-professionnel\/","url":"https:\/\/odanlab.com\/fr\/inscription-professionnel\/","name":"S'inscrire en tant que professionnel de la sant\u00e9 - Odan Laboratories Ltd.","isPartOf":{"@id":"https:\/\/odanlab.com\/#website"},"datePublished":"2018-08-17T19:41:19+00:00","dateModified":"2018-09-21T12:34:57+00:00","breadcrumb":{"@id":"https:\/\/odanlab.com\/fr\/inscription-professionnel\/#breadcrumb"},"inLanguage":"fr-FR","potentialAction":[{"@type":"ReadAction","target":["https:\/\/odanlab.com\/fr\/inscription-professionnel\/"]}]},{"@type":"BreadcrumbList","@id":"https:\/\/odanlab.com\/fr\/inscription-professionnel\/#breadcrumb","itemListElement":[{"@type":"ListItem","position":1,"name":"Home","item":"https:\/\/odanlab.com\/fr\/"},{"@type":"ListItem","position":2,"name":"S&#8217;inscrire en tant que professionnel de la sant\u00e9"}]},{"@type":"WebSite","@id":"https:\/\/odanlab.com\/#website","url":"https:\/\/odanlab.com\/","name":"Odan Laboratories Ltd.","description":"The Leader in Specialty Generic Pharmaceutical Products","potentialAction":[{"@type":"SearchAction","target":{"@type":"EntryPoint","urlTemplate":"https:\/\/odanlab.com\/?s={search_term_string}"},"query-input":{"@type":"PropertyValueSpecification","valueRequired":true,"valueName":"search_term_string"}}],"inLanguage":"fr-FR"}]}},"jetpack_sharing_enabled":true,"jetpack_shortlink":"https:\/\/wp.me\/Pahxdx-xh","_links":{"self":[{"href":"https:\/\/odanlab.com\/fr\/wp-json\/wp\/v2\/pages\/2063","targetHints":{"allow":["GET"]}}],"collection":[{"href":"https:\/\/odanlab.com\/fr\/wp-json\/wp\/v2\/pages"}],"about":[{"href":"https:\/\/odanlab.com\/fr\/wp-json\/wp\/v2\/types\/page"}],"author":[{"embeddable":true,"href":"https:\/\/odanlab.com\/fr\/wp-json\/wp\/v2\/users\/1"}],"replies":[{"embeddable":true,"href":"https:\/\/odanlab.com\/fr\/wp-json\/wp\/v2\/comments?post=2063"}],"version-history":[{"count":3,"href":"https:\/\/odanlab.com\/fr\/wp-json\/wp\/v2\/pages\/2063\/revisions"}],"predecessor-version":[{"id":2651,"href":"https:\/\/odanlab.com\/fr\/wp-json\/wp\/v2\/pages\/2063\/revisions\/2651"}],"wp:attachment":[{"href":"https:\/\/odanlab.com\/fr\/wp-json\/wp\/v2\/media?parent=2063"}],"curies":[{"name":"wp","href":"https:\/\/api.w.org\/{rel}","templated":true}]}}