{"id":1947,"date":"2018-08-15T15:20:55","date_gmt":"2018-08-15T15:20:55","guid":{"rendered":"https:\/\/odan.odanlabdev.ca\/adasept\/"},"modified":"2021-12-02T06:02:16","modified_gmt":"2021-12-02T11:02:16","slug":"adasept","status":"publish","type":"page","link":"https:\/\/odanlab.com\/fr\/adasept\/","title":{"rendered":"Adasept"},"content":{"rendered":"<p><div class=\"fusion-fullwidth fullwidth-box fusion-builder-row-1 nonhundred-percent-fullwidth non-hundred-percent-height-scrolling\"  style='background-color: rgba(255,255,255,0);background-position: center center;background-repeat: no-repeat;padding-top:0px;padding-right:0px;padding-bottom:0px;padding-left:0px;'><div class=\"fusion-builder-row fusion-row \"><div  class=\"fusion-layout-column fusion_builder_column fusion_builder_column_1_1 fusion-builder-column-0 fusion-one-full fusion-column-first fusion-column-last 1_1\"  style='margin-top:0px;margin-bottom:20px;'><div class=\"fusion-column-wrapper\" style=\"padding: 0px 0px 0px 0px;background-position:left top;background-repeat:no-repeat;-webkit-background-size:cover;-moz-background-size:cover;-o-background-size:cover;background-size:cover;\"   data-bg-url=\"\"><div class=\"fusion-button-wrapper fusion-aligncenter\"><style type=\"text\/css\">.fusion-button.button-1 {border-radius:2px;}<\/style><a class=\"fusion-button button-flat fusion-button-default-size button-default button-1 fusion-button-default-span fusion-button-default-type\" target=\"_self\" href=\"https:\/\/odanlab.com\/fr\/magasin-en-ligne\/\"><span class=\"fusion-button-text\">Magasin En Ligne MVL<\/span><\/a><\/div><div class=\"fusion-text\"><h1 style=\"text-align: center;\">Un nettoyant antibact\u00e9rien pour tous les types de peau<\/h1>\n<h2 style=\"text-align: center;\"><span style=\"color: #005953;\">Soins de la peau | Traitement efficace de l&#8217;acn\u00e9 | Lavage Antibact\u00e9rien<\/span><br \/>\n<span style=\"color: #005953;\">Soins des pieds avanc\u00e9s pour personnes diab\u00e9tiques | Nettoyant pour le corps complet<\/span><\/h2>\n<p style=\"text-align: center;\"><strong>Ce nettoyant antibact\u00e9rien pour le visage, le corps et les mains est \u00e9galement id\u00e9al pour le traitement de l&#8217;acn\u00e9 d&#8217;appoint<\/strong><br \/>\nFormule douce, non dess\u00e9chante et non irritante<br \/>\n\u00c9mulsifie en douceur l&#8217;huile sur le surface de la peau, les impuret\u00e9s et le s\u00e9bum<br \/>\n100% sans huile, non com\u00e9dog\u00e8ne<br \/>\nNon alcalin, pH \u00e9quilibr\u00e9 avec de l&#8217;acide lactique<br \/>\nContient du triclosan 0,5%, un agent antimicrobien qui aide \u00e0 pr\u00e9venir la propagation des infections<br \/>\nN&#8217;interf\u00e8re pas avec les m\u00e9dicaments topiques<br \/>\nLa formule douce et riche en mousse laisse la peau douce, souple, lisse et propre<br \/>\nActif contre les bact\u00e9ries Gram positif et Gram n\u00e9gatif, les levures et les champignons, et les dermatophytes<br \/>\nDisponible en formats de 250 mL et 500 mL<\/p>\n<\/div><div class=\"fusion-clearfix\"><\/div><\/div><\/div><\/div><\/div><div class=\"fusion-fullwidth fullwidth-box fusion-builder-row-2 nonhundred-percent-fullwidth non-hundred-percent-height-scrolling\"  style='background-color: rgba(255,255,255,0);background-position: center center;background-repeat: no-repeat;padding-top:0px;padding-right:0px;padding-bottom:0px;padding-left:0px;'><div class=\"fusion-builder-row fusion-row \"><div  class=\"fusion-layout-column fusion_builder_column fusion_builder_column_1_1 fusion-builder-column-1 fusion-one-full fusion-column-first fusion-column-last 1_1\"  style='margin-top:0px;margin-bottom:20px;'><div class=\"fusion-column-wrapper\" style=\"padding: 0px 0px 0px 0px;background-position:left top;background-repeat:no-repeat;-webkit-background-size:cover;-moz-background-size:cover;-o-background-size:cover;background-size:cover;\"   data-bg-url=\"\"><div class=\"fusion-sep-clear\"><\/div><div class=\"fusion-separator fusion-full-width-sep sep-single\" style=\"border-color:#e0dede;border-top-width:1px;margin-left: auto;margin-right: auto;margin-top:;width:100%;max-width:100%;\"><\/div><div class=\"fusion-clearfix\"><\/div><\/div><\/div><\/div><\/div><div class=\"fusion-fullwidth fullwidth-box fusion-builder-row-3 nonhundred-percent-fullwidth non-hundred-percent-height-scrolling\"  style='background-color: rgba(255,255,255,0);background-position: center center;background-repeat: no-repeat;padding-top:0px;padding-right:0px;padding-bottom:0px;padding-left:0px;'><div class=\"fusion-builder-row fusion-row \"><div  class=\"fusion-layout-column fusion_builder_column fusion_builder_column_1_5 fusion-builder-column-2 fusion-one-fifth fusion-column-first 1_5\"  style='margin-top:0px;margin-bottom:20px;width:20%;width:calc(20% - ( ( 4% + 4% + 4% + 4% ) * 0.2 ) );margin-right: 4%;'><div class=\"fusion-column-wrapper\" style=\"padding: 0px 0px 0px 0px;background-position:left top;background-repeat:no-repeat;-webkit-background-size:cover;-moz-background-size:cover;-o-background-size:cover;background-size:cover;\"   data-bg-url=\"\"><span class=\"fusion-imageframe imageframe-none imageframe-1 hover-type-none\"><a class=\"fusion-no-lightbox\" href=\"https:\/\/odanlab.com\/fr\/produit\/adasept-nettoyant-pour-la-peau\/\" target=\"_self\" aria-label=\"Adasept Nettoyant pour la peau 800&#215;800\"><img loading=\"lazy\" decoding=\"async\" src=\"https:\/\/odanlab.com\/wp-content\/uploads\/2018\/07\/Adasept-Skin-Cleanser-800x800.png\" width=\"800\" height=\"800\" alt=\"\" class=\"img-responsive wp-image-1168\" srcset=\"https:\/\/odanlab.com\/wp-content\/uploads\/2018\/07\/Adasept-Skin-Cleanser-800x800-200x200.png 200w, https:\/\/odanlab.com\/wp-content\/uploads\/2018\/07\/Adasept-Skin-Cleanser-800x800-400x400.png 400w, https:\/\/odanlab.com\/wp-content\/uploads\/2018\/07\/Adasept-Skin-Cleanser-800x800-600x600.png 600w, https:\/\/odanlab.com\/wp-content\/uploads\/2018\/07\/Adasept-Skin-Cleanser-800x800.png 800w\" sizes=\"auto, (max-width: 1070px) 100vw, 200px\" \/><\/a><\/span><style type=\"text\/css\">@media only screen and (max-width:1070px) {.fusion-title.fusion-title-1{margin-top:10px!important;margin-bottom:10px!important;}}<\/style><div class=\"fusion-title title fusion-title-1 fusion-sep-none fusion-title-center fusion-title-text fusion-title-size-two\" style=\"margin-top:0px;margin-bottom:30px;\"><h2 class=\"title-heading-center\" style=\"margin:0;\"><a href=\"https:\/\/odanlab.com\/fr\/produit\/adasept-nettoyant-pour-la-peau\/\"><span style=\"color: #005953;\"><strong>Adasept<sup>MD<\/sup> Nettoyant pour la peau<\/strong><\/span><\/a><\/h2><\/div><div class=\"fusion-clearfix\"><\/div><\/div><\/div><div  class=\"fusion-layout-column fusion_builder_column fusion_builder_column_1_5 fusion-builder-column-3 fusion-one-fifth 1_5\"  style='margin-top:0px;margin-bottom:20px;width:20%;width:calc(20% - ( ( 4% + 4% + 4% + 4% ) * 0.2 ) );margin-right: 4%;'><div class=\"fusion-column-wrapper\" style=\"padding: 0px 0px 0px 0px;background-position:left top;background-repeat:no-repeat;-webkit-background-size:cover;-moz-background-size:cover;-o-background-size:cover;background-size:cover;\"   data-bg-url=\"\"><span class=\"fusion-imageframe imageframe-none imageframe-2 hover-type-none\"><a class=\"fusion-no-lightbox\" href=\"https:\/\/odanlab.com\/fr\/produit\/adasept-bp5\/\" target=\"_self\" aria-label=\"Adasept BP5 800&#215;800\"><img loading=\"lazy\" decoding=\"async\" src=\"https:\/\/odanlab.com\/wp-content\/uploads\/2018\/07\/Adasept-BP5-800x800.png\" width=\"800\" height=\"800\" alt=\"\" class=\"img-responsive wp-image-1166\" srcset=\"https:\/\/odanlab.com\/wp-content\/uploads\/2018\/07\/Adasept-BP5-800x800-200x200.png 200w, https:\/\/odanlab.com\/wp-content\/uploads\/2018\/07\/Adasept-BP5-800x800-400x400.png 400w, https:\/\/odanlab.com\/wp-content\/uploads\/2018\/07\/Adasept-BP5-800x800-600x600.png 600w, https:\/\/odanlab.com\/wp-content\/uploads\/2018\/07\/Adasept-BP5-800x800.png 800w\" sizes=\"auto, (max-width: 1070px) 100vw, 200px\" \/><\/a><\/span><style type=\"text\/css\">@media only screen and (max-width:1070px) {.fusion-title.fusion-title-2{margin-top:10px!important;margin-bottom:10px!important;}}<\/style><div class=\"fusion-title title fusion-title-2 fusion-sep-none fusion-title-center fusion-title-text fusion-title-size-two\" style=\"margin-top:0px;margin-bottom:30px;\"><h2 class=\"title-heading-center\" style=\"margin:0;\"><a href=\"\/?p=1491\"><span style=\"color: #005953;\"><strong>Adasept<sup>MD<\/sup> B.P.5 Gel<\/strong><\/span><\/a><\/h2><\/div><div class=\"fusion-clearfix\"><\/div><\/div><\/div><div  class=\"fusion-layout-column fusion_builder_column fusion_builder_column_1_5 fusion-builder-column-4 fusion-one-fifth 1_5\"  style='margin-top:0px;margin-bottom:20px;width:20%;width:calc(20% - ( ( 4% + 4% + 4% + 4% ) * 0.2 ) );margin-right: 4%;'><div class=\"fusion-column-wrapper\" style=\"padding: 0px 0px 0px 0px;background-position:left top;background-repeat:no-repeat;-webkit-background-size:cover;-moz-background-size:cover;-o-background-size:cover;background-size:cover;\"   data-bg-url=\"\"><span class=\"fusion-imageframe imageframe-none imageframe-3 hover-type-none\"><a class=\"fusion-no-lightbox\" href=\"https:\/\/odanlab.com\/fr\/produit\/adasept-shampooing\/\" target=\"_self\" aria-label=\"Adasept Shampooing 800&#215;800\"><img loading=\"lazy\" decoding=\"async\" src=\"https:\/\/odanlab.com\/wp-content\/uploads\/2018\/07\/Adasept-Shampoo-800x800.png\" width=\"800\" height=\"800\" alt=\"\" class=\"img-responsive wp-image-1164\" srcset=\"https:\/\/odanlab.com\/wp-content\/uploads\/2018\/07\/Adasept-Shampoo-800x800-200x200.png 200w, https:\/\/odanlab.com\/wp-content\/uploads\/2018\/07\/Adasept-Shampoo-800x800-400x400.png 400w, https:\/\/odanlab.com\/wp-content\/uploads\/2018\/07\/Adasept-Shampoo-800x800-600x600.png 600w, https:\/\/odanlab.com\/wp-content\/uploads\/2018\/07\/Adasept-Shampoo-800x800.png 800w\" sizes=\"auto, (max-width: 1070px) 100vw, 200px\" \/><\/a><\/span><style type=\"text\/css\">@media only screen and (max-width:1070px) {.fusion-title.fusion-title-3{margin-top:10px!important;margin-bottom:10px!important;}}<\/style><div class=\"fusion-title title fusion-title-3 fusion-sep-none fusion-title-center fusion-title-text fusion-title-size-two\" style=\"margin-top:0px;margin-bottom:30px;\"><h2 class=\"title-heading-center\" style=\"margin:0;\"><a href=\"https:\/\/odanlab.com\/fr\/produit\/adasept-shampooing\/\"><span style=\"color: #005953;\"><strong>Adasept<sup>MD<\/sup> Shampooing<\/strong><\/span><\/a><\/h2><\/div><div class=\"fusion-clearfix\"><\/div><\/div><\/div><div  class=\"fusion-layout-column fusion_builder_column fusion_builder_column_1_5 fusion-builder-column-5 fusion-one-fifth 1_5\"  style='margin-top:0px;margin-bottom:20px;width:20%;width:calc(20% - ( ( 4% + 4% + 4% + 4% ) * 0.2 ) );margin-right: 4%;'><div class=\"fusion-column-wrapper\" style=\"padding: 0px 0px 0px 0px;background-position:left top;background-repeat:no-repeat;-webkit-background-size:cover;-moz-background-size:cover;-o-background-size:cover;background-size:cover;\"   data-bg-url=\"\"><span class=\"fusion-imageframe imageframe-none imageframe-4 hover-type-none\"><a class=\"fusion-no-lightbox\" href=\"https:\/\/odanlab.com\/fr\/produit\/adasept-nettoyant-anti-acneique\/\" target=\"_self\" aria-label=\"Adasept Nettoyant Anti-Acn\u00e9ique 800&#215;800\"><img loading=\"lazy\" decoding=\"async\" src=\"https:\/\/odanlab.com\/wp-content\/uploads\/2018\/08\/Adasept-Acne-Wash-800x800.png\" width=\"800\" height=\"800\" alt=\"\" class=\"img-responsive wp-image-1769\" srcset=\"https:\/\/odanlab.com\/wp-content\/uploads\/2018\/08\/Adasept-Acne-Wash-800x800-200x200.png 200w, https:\/\/odanlab.com\/wp-content\/uploads\/2018\/08\/Adasept-Acne-Wash-800x800-400x400.png 400w, https:\/\/odanlab.com\/wp-content\/uploads\/2018\/08\/Adasept-Acne-Wash-800x800-600x600.png 600w, https:\/\/odanlab.com\/wp-content\/uploads\/2018\/08\/Adasept-Acne-Wash-800x800.png 800w\" sizes=\"auto, (max-width: 1070px) 100vw, 200px\" \/><\/a><\/span><style type=\"text\/css\">@media only screen and (max-width:1070px) {.fusion-title.fusion-title-4{margin-top:10px!important;margin-bottom:10px!important;}}<\/style><div class=\"fusion-title title fusion-title-4 fusion-sep-none fusion-title-center fusion-title-text fusion-title-size-two\" style=\"margin-top:0px;margin-bottom:30px;\"><h2 class=\"title-heading-center\" style=\"margin:0;\"><a href=\"\/?p=1767\"><span style=\"color: #005953;\"><strong>Adasept<sup>MD<\/sup> Nettoyant anti-acn\u00e9ique<\/strong><\/span><\/a><\/h2><\/div><div class=\"fusion-clearfix\"><\/div><\/div><\/div><div  class=\"fusion-layout-column fusion_builder_column fusion_builder_column_1_5 fusion-builder-column-6 fusion-one-fifth fusion-column-last 1_5\"  style='margin-top:0px;margin-bottom:20px;width:20%;width:calc(20% - ( ( 4% + 4% + 4% + 4% ) * 0.2 ) );'><div class=\"fusion-column-wrapper\" style=\"padding: 0px 0px 0px 0px;background-position:left top;background-repeat:no-repeat;-webkit-background-size:cover;-moz-background-size:cover;-o-background-size:cover;background-size:cover;\"   data-bg-url=\"\"><span class=\"fusion-imageframe imageframe-none imageframe-5 hover-type-none\"><a class=\"fusion-no-lightbox\" href=\"https:\/\/odanlab.com\/fr\/produit\/adasept-tampons-nettoyants\/\" target=\"_self\" aria-label=\"Adasept Tampons Nettoyants 800&#215;800\"><img loading=\"lazy\" decoding=\"async\" src=\"https:\/\/odanlab.com\/wp-content\/uploads\/2018\/08\/Adasept-Cleansing-Pads-800x800.png\" width=\"800\" height=\"800\" alt=\"\" class=\"img-responsive wp-image-1765\" srcset=\"https:\/\/odanlab.com\/wp-content\/uploads\/2018\/08\/Adasept-Cleansing-Pads-800x800-200x200.png 200w, https:\/\/odanlab.com\/wp-content\/uploads\/2018\/08\/Adasept-Cleansing-Pads-800x800-400x400.png 400w, https:\/\/odanlab.com\/wp-content\/uploads\/2018\/08\/Adasept-Cleansing-Pads-800x800-600x600.png 600w, https:\/\/odanlab.com\/wp-content\/uploads\/2018\/08\/Adasept-Cleansing-Pads-800x800.png 800w\" sizes=\"auto, (max-width: 1070px) 100vw, 200px\" \/><\/a><\/span><style type=\"text\/css\">@media only screen and (max-width:1070px) {.fusion-title.fusion-title-5{margin-top:10px!important;margin-bottom:10px!important;}}<\/style><div class=\"fusion-title title fusion-title-5 fusion-sep-none fusion-title-center fusion-title-text fusion-title-size-two\" style=\"margin-top:0px;margin-bottom:30px;\"><h2 class=\"title-heading-center\" style=\"margin:0;\"><a href=\"\/?p=1763\"><span style=\"color: #005953;\"><strong>Adasept<sup>MD<\/sup> Tampons nettoyants<\/strong><\/span><\/a><\/h2><\/div><div class=\"fusion-clearfix\"><\/div><\/div><\/div><\/div><\/div><\/p>\n","protected":false},"excerpt":{"rendered":"","protected":false},"author":1,"featured_media":0,"parent":0,"menu_order":0,"comment_status":"closed","ping_status":"closed","template":"","meta":{"_exactmetrics_skip_tracking":false,"_exactmetrics_sitenote_active":false,"_exactmetrics_sitenote_note":"","_exactmetrics_sitenote_category":0,"jetpack_post_was_ever_published":false,"footnotes":""},"class_list":["post-1947","page","type-page","status-publish","hentry"],"yoast_head":"<!-- This site is optimized with the Yoast SEO plugin v27.0 - https:\/\/yoast.com\/product\/yoast-seo-wordpress\/ -->\n<title>Adasept - Odan Laboratories Ltd.<\/title>\n<meta name=\"robots\" content=\"index, follow, max-snippet:-1, max-image-preview:large, max-video-preview:-1\" \/>\n<link rel=\"canonical\" href=\"https:\/\/odanlab.com\/fr\/adasept\/\" \/>\n<meta property=\"og:locale\" content=\"fr_FR\" \/>\n<meta property=\"og:type\" content=\"article\" \/>\n<meta property=\"og:title\" content=\"Adasept - Odan Laboratories Ltd.\" \/>\n<meta property=\"og:url\" content=\"https:\/\/odanlab.com\/fr\/adasept\/\" \/>\n<meta property=\"og:site_name\" content=\"Odan Laboratories Ltd.\" \/>\n<meta property=\"article:publisher\" content=\"https:\/\/www.facebook.com\/odanlab\/\" \/>\n<meta property=\"article:modified_time\" content=\"2021-12-02T11:02:16+00:00\" \/>\n<meta name=\"twitter:card\" content=\"summary_large_image\" \/>\n<meta name=\"twitter:label1\" content=\"Dur\u00e9e de lecture estim\u00e9e\" \/>\n\t<meta name=\"twitter:data1\" content=\"3 minutes\" \/>\n<script type=\"application\/ld+json\" class=\"yoast-schema-graph\">{\"@context\":\"https:\/\/schema.org\",\"@graph\":[{\"@type\":\"WebPage\",\"@id\":\"https:\/\/odanlab.com\/fr\/adasept\/\",\"url\":\"https:\/\/odanlab.com\/fr\/adasept\/\",\"name\":\"Adasept - Odan Laboratories Ltd.\",\"isPartOf\":{\"@id\":\"https:\/\/odanlab.com\/#website\"},\"datePublished\":\"2018-08-15T15:20:55+00:00\",\"dateModified\":\"2021-12-02T11:02:16+00:00\",\"breadcrumb\":{\"@id\":\"https:\/\/odanlab.com\/fr\/adasept\/#breadcrumb\"},\"inLanguage\":\"fr-FR\",\"potentialAction\":[{\"@type\":\"ReadAction\",\"target\":[\"https:\/\/odanlab.com\/fr\/adasept\/\"]}]},{\"@type\":\"BreadcrumbList\",\"@id\":\"https:\/\/odanlab.com\/fr\/adasept\/#breadcrumb\",\"itemListElement\":[{\"@type\":\"ListItem\",\"position\":1,\"name\":\"Home\",\"item\":\"https:\/\/odanlab.com\/fr\/\"},{\"@type\":\"ListItem\",\"position\":2,\"name\":\"Adasept\"}]},{\"@type\":\"WebSite\",\"@id\":\"https:\/\/odanlab.com\/#website\",\"url\":\"https:\/\/odanlab.com\/\",\"name\":\"Odan Laboratories Ltd.\",\"description\":\"The Leader in Specialty Generic Pharmaceutical Products\",\"potentialAction\":[{\"@type\":\"SearchAction\",\"target\":{\"@type\":\"EntryPoint\",\"urlTemplate\":\"https:\/\/odanlab.com\/?s={search_term_string}\"},\"query-input\":{\"@type\":\"PropertyValueSpecification\",\"valueRequired\":true,\"valueName\":\"search_term_string\"}}],\"inLanguage\":\"fr-FR\"}]}<\/script>\n<!-- \/ Yoast SEO plugin. -->","yoast_head_json":{"title":"Adasept - Odan Laboratories Ltd.","robots":{"index":"index","follow":"follow","max-snippet":"max-snippet:-1","max-image-preview":"max-image-preview:large","max-video-preview":"max-video-preview:-1"},"canonical":"https:\/\/odanlab.com\/fr\/adasept\/","og_locale":"fr_FR","og_type":"article","og_title":"Adasept - Odan Laboratories Ltd.","og_url":"https:\/\/odanlab.com\/fr\/adasept\/","og_site_name":"Odan Laboratories Ltd.","article_publisher":"https:\/\/www.facebook.com\/odanlab\/","article_modified_time":"2021-12-02T11:02:16+00:00","twitter_card":"summary_large_image","twitter_misc":{"Dur\u00e9e de lecture estim\u00e9e":"3 minutes"},"schema":{"@context":"https:\/\/schema.org","@graph":[{"@type":"WebPage","@id":"https:\/\/odanlab.com\/fr\/adasept\/","url":"https:\/\/odanlab.com\/fr\/adasept\/","name":"Adasept - Odan Laboratories Ltd.","isPartOf":{"@id":"https:\/\/odanlab.com\/#website"},"datePublished":"2018-08-15T15:20:55+00:00","dateModified":"2021-12-02T11:02:16+00:00","breadcrumb":{"@id":"https:\/\/odanlab.com\/fr\/adasept\/#breadcrumb"},"inLanguage":"fr-FR","potentialAction":[{"@type":"ReadAction","target":["https:\/\/odanlab.com\/fr\/adasept\/"]}]},{"@type":"BreadcrumbList","@id":"https:\/\/odanlab.com\/fr\/adasept\/#breadcrumb","itemListElement":[{"@type":"ListItem","position":1,"name":"Home","item":"https:\/\/odanlab.com\/fr\/"},{"@type":"ListItem","position":2,"name":"Adasept"}]},{"@type":"WebSite","@id":"https:\/\/odanlab.com\/#website","url":"https:\/\/odanlab.com\/","name":"Odan Laboratories Ltd.","description":"The Leader in Specialty Generic Pharmaceutical Products","potentialAction":[{"@type":"SearchAction","target":{"@type":"EntryPoint","urlTemplate":"https:\/\/odanlab.com\/?s={search_term_string}"},"query-input":{"@type":"PropertyValueSpecification","valueRequired":true,"valueName":"search_term_string"}}],"inLanguage":"fr-FR"}]}},"jetpack_sharing_enabled":true,"jetpack_shortlink":"https:\/\/wp.me\/Pahxdx-vp","_links":{"self":[{"href":"https:\/\/odanlab.com\/fr\/wp-json\/wp\/v2\/pages\/1947","targetHints":{"allow":["GET"]}}],"collection":[{"href":"https:\/\/odanlab.com\/fr\/wp-json\/wp\/v2\/pages"}],"about":[{"href":"https:\/\/odanlab.com\/fr\/wp-json\/wp\/v2\/types\/page"}],"author":[{"embeddable":true,"href":"https:\/\/odanlab.com\/fr\/wp-json\/wp\/v2\/users\/1"}],"replies":[{"embeddable":true,"href":"https:\/\/odanlab.com\/fr\/wp-json\/wp\/v2\/comments?post=1947"}],"version-history":[{"count":13,"href":"https:\/\/odanlab.com\/fr\/wp-json\/wp\/v2\/pages\/1947\/revisions"}],"predecessor-version":[{"id":2216,"href":"https:\/\/odanlab.com\/fr\/wp-json\/wp\/v2\/pages\/1947\/revisions\/2216"}],"wp:attachment":[{"href":"https:\/\/odanlab.com\/fr\/wp-json\/wp\/v2\/media?parent=1947"}],"curies":[{"name":"wp","href":"https:\/\/api.w.org\/{rel}","templated":true}]}}