{"id":1858,"date":"2018-08-13T18:24:56","date_gmt":"2018-08-13T18:24:56","guid":{"rendered":"https:\/\/odan.odanlabdev.ca\/uremol\/"},"modified":"2021-12-02T05:55:49","modified_gmt":"2021-12-02T10:55:49","slug":"uremol","status":"publish","type":"page","link":"https:\/\/odanlab.com\/fr\/uremol\/","title":{"rendered":"Uremol"},"content":{"rendered":"<p><div class=\"fusion-fullwidth fullwidth-box fusion-builder-row-1 nonhundred-percent-fullwidth non-hundred-percent-height-scrolling fusion-no-small-visibility fusion-no-medium-visibility\"  style='background-color: rgba(255,255,255,0);background-position: center center;background-repeat: no-repeat;padding-top:0px;padding-right:0px;padding-bottom:0px;padding-left:0px;'><div class=\"fusion-builder-row fusion-row \"><div  class=\"fusion-layout-column fusion_builder_column fusion_builder_column_1_1 fusion-builder-column-0 fusion-one-full fusion-column-first fusion-column-last 1_1\"  style='margin-top:0px;margin-bottom:20px;'><div class=\"fusion-column-wrapper\" style=\"padding: 0px 0px 0px 0px;background-position:left top;background-repeat:no-repeat;-webkit-background-size:cover;-moz-background-size:cover;-o-background-size:cover;background-size:cover;\"   data-bg-url=\"\"><div class=\"fusion-text\"><h1 style=\"text-align: center; font-size: 60px; color: #e30450;\"><strong><em>MAINTENANT DISPONIBLE !<\/em><\/strong><\/h1>\n<\/div><div class=\"fusion-button-wrapper fusion-aligncenter\"><style type=\"text\/css\">.fusion-button.button-1 {border-radius:2px;}<\/style><a class=\"fusion-button button-flat fusion-button-default-size button-default button-1 fusion-button-default-span fusion-button-default-type\" target=\"_self\" href=\"https:\/\/odanlab.com\/fr\/magasin-en-ligne\/\"><span class=\"fusion-button-text\">Magasin En Ligne MVL<\/span><\/a><\/div><div class=\"fusion-clearfix\"><\/div><\/div><\/div><\/div><\/div><div class=\"fusion-fullwidth fullwidth-box fusion-builder-row-2 nonhundred-percent-fullwidth non-hundred-percent-height-scrolling fusion-no-large-visibility\"  style='background-color: rgba(255,255,255,0);background-position: center center;background-repeat: no-repeat;padding-top:0px;padding-right:0px;padding-bottom:0px;padding-left:0px;'><div class=\"fusion-builder-row fusion-row \"><div  class=\"fusion-layout-column fusion_builder_column fusion_builder_column_1_1 fusion-builder-column-1 fusion-one-full fusion-column-first fusion-column-last 1_1\"  style='margin-top:0px;margin-bottom:20px;'><div class=\"fusion-column-wrapper\" style=\"padding: 0px 0px 0px 0px;background-position:left top;background-repeat:no-repeat;-webkit-background-size:cover;-moz-background-size:cover;-o-background-size:cover;background-size:cover;\"   data-bg-url=\"\"><div class=\"fusion-text\"><h1 style=\"text-align: center; font-size: 2em; color: #e30450;\"><strong><em>MAINTENANT DISPONIBLE !<\/em><\/strong><\/h1>\n<\/div><div class=\"fusion-clearfix\"><\/div><\/div><\/div><\/div><\/div><div class=\"fusion-fullwidth fullwidth-box fusion-builder-row-3 nonhundred-percent-fullwidth non-hundred-percent-height-scrolling\"  style='background-color: rgba(255,255,255,0);background-position: center center;background-repeat: no-repeat;padding-top:0px;padding-right:0px;padding-bottom:0px;padding-left:0px;'><div class=\"fusion-builder-row fusion-row \"><div  class=\"fusion-layout-column fusion_builder_column fusion_builder_column_1_1 fusion-builder-column-2 fusion-one-full fusion-column-first fusion-column-last 1_1\"  style='margin-top:0px;margin-bottom:20px;'><div class=\"fusion-column-wrapper\" style=\"padding: 0px 0px 0px 0px;background-position:left top;background-repeat:no-repeat;-webkit-background-size:cover;-moz-background-size:cover;-o-background-size:cover;background-size:cover;\"   data-bg-url=\"\"><div class=\"fusion-text\"><h1 style=\"text-align: center;\">La plus reconnue pour soulager la peau s\u00e8che et irrit\u00e9e<\/h1>\n<p style=\"text-align: center;\">La cr\u00e8me th\u00e9rapeutique sans parfum, non grasse et \u00e0 absorption rapide r\u00e9g\u00e9n\u00e8re votre peau avec de l&#8217;ur\u00e9e : un hydratant naturellement pr\u00e9sent dans la peau, mais r\u00e9duit dans les cas de peau s\u00e8che. Uremol am\u00e9liore la capacit\u00e9 \u00e0 retenir l&#8217;humidit\u00e9 en r\u00e9tablissant le niveau d&#8217;ur\u00e9e naturelle de la peau, augmentant ainsi son niveau d&#8217;hydratation. La peau devient lisse et souple.<\/p>\n<\/div><div class=\"imageframe-align-center\"><span class=\"fusion-imageframe imageframe-none imageframe-1 hover-type-none\"><img loading=\"lazy\" decoding=\"async\" src=\"https:\/\/odanlab.com\/wp-content\/uploads\/2018\/09\/Recommended-by-Dermatologists-Logo-200x200.png\" width=\"200\" height=\"200\" alt=\"Recommand\u00e9 par les dermatologues\" title=\"Recommand\u00e9 par les dermatologues 200&#215;200\" class=\"img-responsive wp-image-2244\" srcset=\"https:\/\/odanlab.com\/wp-content\/uploads\/2018\/09\/Recommended-by-Dermatologists-Logo-200x200-66x66.png 66w, https:\/\/odanlab.com\/wp-content\/uploads\/2018\/09\/Recommended-by-Dermatologists-Logo-200x200-100x100.png 100w, https:\/\/odanlab.com\/wp-content\/uploads\/2018\/09\/Recommended-by-Dermatologists-Logo-200x200-150x150.png 150w, https:\/\/odanlab.com\/wp-content\/uploads\/2018\/09\/Recommended-by-Dermatologists-Logo-200x200.png 200w\" sizes=\"auto, (max-width: 200px) 100vw, 200px\" \/><\/span><\/div><div class=\"fusion-clearfix\"><\/div><\/div><\/div><\/div><\/div><div class=\"fusion-fullwidth fullwidth-box fusion-builder-row-4 nonhundred-percent-fullwidth non-hundred-percent-height-scrolling\"  style='background-color: rgba(255,255,255,0);background-position: center center;background-repeat: no-repeat;padding-top:0px;padding-right:0px;padding-bottom:0px;padding-left:0px;'><div class=\"fusion-builder-row fusion-row \"><div  class=\"fusion-layout-column fusion_builder_column fusion_builder_column_1_1 fusion-builder-column-3 fusion-one-full fusion-column-first fusion-column-last 1_1\"  style='margin-top:0px;margin-bottom:20px;'><div class=\"fusion-column-wrapper\" style=\"padding: 0px 0px 0px 0px;background-position:left top;background-repeat:no-repeat;-webkit-background-size:cover;-moz-background-size:cover;-o-background-size:cover;background-size:cover;\"   data-bg-url=\"\"><div class=\"fusion-sep-clear\"><\/div><div class=\"fusion-separator fusion-full-width-sep sep-single\" style=\"border-color:#e0dede;border-top-width:1px;margin-left: auto;margin-right: auto;margin-top:;width:100%;max-width:100%;\"><\/div><div class=\"fusion-clearfix\"><\/div><\/div><\/div><\/div><\/div><div class=\"fusion-fullwidth fullwidth-box fusion-builder-row-5 nonhundred-percent-fullwidth non-hundred-percent-height-scrolling\"  style='background-color: rgba(255,255,255,0);background-position: center center;background-repeat: no-repeat;padding-top:0px;padding-right:0px;padding-bottom:0px;padding-left:0px;'><div class=\"fusion-builder-row fusion-row \"><div  class=\"fusion-layout-column fusion_builder_column fusion_builder_column_1_4 fusion-builder-column-4 fusion-one-fourth fusion-column-first 1_4\"  style='margin-top:0px;margin-bottom:20px;width:25%;width:calc(25% - ( ( 4% + 4% + 4% ) * 0.25 ) );margin-right: 4%;'><div class=\"fusion-column-wrapper\" style=\"padding: 0px 0px 0px 0px;background-position:left top;background-repeat:no-repeat;-webkit-background-size:cover;-moz-background-size:cover;-o-background-size:cover;background-size:cover;\"   data-bg-url=\"\"><span class=\"fusion-imageframe imageframe-none imageframe-2 hover-type-none\"><a class=\"fusion-no-lightbox\" href=\"https:\/\/odanlab.com\/fr\/produit\/uremol-10\/\" target=\"_self\" aria-label=\"UREMOL 10% Cr\u00e8me (100g)\"><img loading=\"lazy\" decoding=\"async\" src=\"https:\/\/odanlab.com\/wp-content\/uploads\/2018\/08\/Uremol-10-100g-376x800.png\" width=\"376\" height=\"800\" alt=\"UREMOL 10% Cr\u00e8me (100g)\" class=\"img-responsive wp-image-1869\" srcset=\"https:\/\/odanlab.com\/wp-content\/uploads\/2018\/08\/Uremol-10-100g-376x800-141x300.png 141w, https:\/\/odanlab.com\/wp-content\/uploads\/2018\/08\/Uremol-10-100g-376x800-200x426.png 200w, https:\/\/odanlab.com\/wp-content\/uploads\/2018\/08\/Uremol-10-100g-376x800.png 376w\" sizes=\"auto, (max-width: 376px) 100vw, 376px\" \/><\/a><\/span><style type=\"text\/css\">@media only screen and (max-width:1070px) {.fusion-title.fusion-title-1{margin-top:10px!important;margin-bottom:10px!important;}}<\/style><div class=\"fusion-title title fusion-title-1 fusion-sep-none fusion-title-center fusion-title-text fusion-title-size-two\" style=\"margin-top:0px;margin-bottom:30px;\"><h2 class=\"title-heading-center\" style=\"margin:0;\"><a href=\"https:\/\/odanlab.com\/fr\/produit\/uremol-10\/\"><span style=\"color: #0a1f8f;\"><strong>Uremol<sup>MD<\/sup> Cr\u00e8me ur\u00e9e \u00e0 10% 100 g<\/strong><\/span><\/a><\/h2><\/div><div class=\"fusion-clearfix\"><\/div><\/div><\/div><div  class=\"fusion-layout-column fusion_builder_column fusion_builder_column_1_4 fusion-builder-column-5 fusion-one-fourth 1_4\"  style='margin-top:0px;margin-bottom:20px;width:25%;width:calc(25% - ( ( 4% + 4% + 4% ) * 0.25 ) );margin-right: 4%;'><div class=\"fusion-column-wrapper\" style=\"padding: 0px 0px 0px 0px;background-position:left top;background-repeat:no-repeat;-webkit-background-size:cover;-moz-background-size:cover;-o-background-size:cover;background-size:cover;\"   data-bg-url=\"\"><span class=\"fusion-imageframe imageframe-none imageframe-3 hover-type-none\"><a class=\"fusion-no-lightbox\" href=\"https:\/\/odanlab.com\/fr\/produit\/uremol-10\/\" target=\"_self\" aria-label=\"Uremol 10% 250mL 376&#215;800\"><img loading=\"lazy\" decoding=\"async\" src=\"https:\/\/odanlab.com\/wp-content\/uploads\/2018\/08\/Uremol-10-250mL-376x800.png\" width=\"376\" height=\"800\" alt=\"UREMOL 10% LOTION 250ML\" class=\"img-responsive wp-image-1871\" srcset=\"https:\/\/odanlab.com\/wp-content\/uploads\/2018\/08\/Uremol-10-250mL-376x800-141x300.png 141w, https:\/\/odanlab.com\/wp-content\/uploads\/2018\/08\/Uremol-10-250mL-376x800-200x426.png 200w, https:\/\/odanlab.com\/wp-content\/uploads\/2018\/08\/Uremol-10-250mL-376x800.png 376w\" sizes=\"auto, (max-width: 376px) 100vw, 376px\" \/><\/a><\/span><style type=\"text\/css\">@media only screen and (max-width:1070px) {.fusion-title.fusion-title-2{margin-top:10px!important;margin-bottom:10px!important;}}<\/style><div class=\"fusion-title title fusion-title-2 fusion-sep-none fusion-title-center fusion-title-text fusion-title-size-two\" style=\"margin-top:0px;margin-bottom:30px;\"><h2 class=\"title-heading-center\" style=\"margin:0;\"><a href=\"https:\/\/odanlab.com\/fr\/produit\/uremol-10\/\"><span style=\"color: #0a1f8f;\"><strong>Uremol<sup>\u00ae<\/sup> Lotion ur\u00e9e \u00e0 10% 250 mL<\/strong><\/span><\/a><\/h2><\/div><div class=\"fusion-clearfix\"><\/div><\/div><\/div><div  class=\"fusion-layout-column fusion_builder_column fusion_builder_column_1_4 fusion-builder-column-6 fusion-one-fourth 1_4\"  style='margin-top:0px;margin-bottom:20px;width:25%;width:calc(25% - ( ( 4% + 4% + 4% ) * 0.25 ) );margin-right: 4%;'><div class=\"fusion-column-wrapper\" style=\"padding: 0px 0px 0px 0px;background-position:left top;background-repeat:no-repeat;-webkit-background-size:cover;-moz-background-size:cover;-o-background-size:cover;background-size:cover;\"   data-bg-url=\"\"><span class=\"fusion-imageframe imageframe-none imageframe-4 hover-type-none\"><a class=\"fusion-no-lightbox\" href=\"https:\/\/odanlab.com\/fr\/produit\/uremol-20\/\" target=\"_self\" aria-label=\"Uremol 20% 100g 376&#215;800\"><img loading=\"lazy\" decoding=\"async\" src=\"https:\/\/odanlab.com\/wp-content\/uploads\/2018\/08\/Uremol-20-100g-376x800.png\" width=\"376\" height=\"800\" alt=\"\" class=\"img-responsive wp-image-1873\" srcset=\"https:\/\/odanlab.com\/wp-content\/uploads\/2018\/08\/Uremol-20-100g-376x800-141x300.png 141w, https:\/\/odanlab.com\/wp-content\/uploads\/2018\/08\/Uremol-20-100g-376x800-200x426.png 200w, https:\/\/odanlab.com\/wp-content\/uploads\/2018\/08\/Uremol-20-100g-376x800.png 376w\" sizes=\"auto, (max-width: 376px) 100vw, 376px\" \/><\/a><\/span><style type=\"text\/css\">@media only screen and (max-width:1070px) {.fusion-title.fusion-title-3{margin-top:10px!important;margin-bottom:10px!important;}}<\/style><div class=\"fusion-title title fusion-title-3 fusion-sep-none fusion-title-center fusion-title-text fusion-title-size-two\" style=\"margin-top:0px;margin-bottom:30px;\"><h2 class=\"title-heading-center\" style=\"margin:0;\"><a href=\"https:\/\/odanlab.com\/fr\/produit\/uremol-20\/\"><span style=\"color: #0a1f8f;\"><strong>Uremol<sup>\u00ae<\/sup> Cr\u00e8me ur\u00e9e \u00e0 20% 100 g<\/strong><\/span><\/a><\/h2><\/div><div class=\"fusion-clearfix\"><\/div><\/div><\/div><div  class=\"fusion-layout-column fusion_builder_column fusion_builder_column_1_4 fusion-builder-column-7 fusion-one-fourth fusion-column-last 1_4\"  style='margin-top:0px;margin-bottom:20px;width:25%;width:calc(25% - ( ( 4% + 4% + 4% ) * 0.25 ) );'><div class=\"fusion-column-wrapper\" style=\"padding: 0px 0px 0px 0px;background-position:left top;background-repeat:no-repeat;-webkit-background-size:cover;-moz-background-size:cover;-o-background-size:cover;background-size:cover;\"   data-bg-url=\"\"><span class=\"fusion-imageframe imageframe-none imageframe-5 hover-type-none\"><a class=\"fusion-no-lightbox\" href=\"https:\/\/odanlab.com\/fr\/produit\/uremol-20\/\" target=\"_self\" aria-label=\"Uremol 20% 225g 376&#215;800\"><img loading=\"lazy\" decoding=\"async\" src=\"https:\/\/odanlab.com\/wp-content\/uploads\/2018\/08\/Uremol-20-225g-376x800.png\" width=\"376\" height=\"800\" alt=\"\" class=\"img-responsive wp-image-1875\" srcset=\"https:\/\/odanlab.com\/wp-content\/uploads\/2018\/08\/Uremol-20-225g-376x800-141x300.png 141w, https:\/\/odanlab.com\/wp-content\/uploads\/2018\/08\/Uremol-20-225g-376x800-200x426.png 200w, https:\/\/odanlab.com\/wp-content\/uploads\/2018\/08\/Uremol-20-225g-376x800.png 376w\" sizes=\"auto, (max-width: 376px) 100vw, 376px\" \/><\/a><\/span><style type=\"text\/css\">@media only screen and (max-width:1070px) {.fusion-title.fusion-title-4{margin-top:10px!important;margin-bottom:10px!important;}}<\/style><div class=\"fusion-title title fusion-title-4 fusion-sep-none fusion-title-center fusion-title-text fusion-title-size-two\" style=\"margin-top:0px;margin-bottom:30px;\"><h2 class=\"title-heading-center\" style=\"margin:0;\"><a href=\"https:\/\/odanlab.com\/fr\/produit\/uremol-20\/\"><span style=\"color: #0a1f8f;\"><strong>Uremol<sup>\u00ae<\/sup> Cr\u00e8me ur\u00e9e \u00e0 20% 225 g<\/strong><\/span><\/a><\/h2><\/div><div class=\"fusion-clearfix\"><\/div><\/div><\/div><\/div><\/div><\/p>\n","protected":false},"excerpt":{"rendered":"","protected":false},"author":1,"featured_media":0,"parent":0,"menu_order":0,"comment_status":"closed","ping_status":"closed","template":"","meta":{"_exactmetrics_skip_tracking":false,"_exactmetrics_sitenote_active":false,"_exactmetrics_sitenote_note":"","_exactmetrics_sitenote_category":0,"jetpack_post_was_ever_published":false,"footnotes":""},"class_list":["post-1858","page","type-page","status-publish","hentry"],"yoast_head":"<!-- This site is optimized with the Yoast SEO plugin v27.0 - https:\/\/yoast.com\/product\/yoast-seo-wordpress\/ -->\n<title>Uremol - Odan Laboratories Ltd.<\/title>\n<meta name=\"robots\" content=\"index, follow, max-snippet:-1, max-image-preview:large, max-video-preview:-1\" \/>\n<link rel=\"canonical\" href=\"https:\/\/odanlab.com\/fr\/uremol\/\" \/>\n<meta property=\"og:locale\" content=\"fr_FR\" \/>\n<meta property=\"og:type\" content=\"article\" \/>\n<meta property=\"og:title\" content=\"Uremol - Odan Laboratories Ltd.\" \/>\n<meta property=\"og:url\" content=\"https:\/\/odanlab.com\/fr\/uremol\/\" \/>\n<meta property=\"og:site_name\" content=\"Odan Laboratories Ltd.\" \/>\n<meta property=\"article:publisher\" content=\"https:\/\/www.facebook.com\/odanlab\/\" \/>\n<meta property=\"article:modified_time\" content=\"2021-12-02T10:55:49+00:00\" \/>\n<meta name=\"twitter:card\" content=\"summary_large_image\" \/>\n<meta name=\"twitter:label1\" content=\"Dur\u00e9e de lecture estim\u00e9e\" \/>\n\t<meta name=\"twitter:data1\" content=\"8 minutes\" \/>\n<script type=\"application\/ld+json\" class=\"yoast-schema-graph\">{\"@context\":\"https:\/\/schema.org\",\"@graph\":[{\"@type\":\"WebPage\",\"@id\":\"https:\/\/odanlab.com\/fr\/uremol\/\",\"url\":\"https:\/\/odanlab.com\/fr\/uremol\/\",\"name\":\"Uremol - Odan Laboratories Ltd.\",\"isPartOf\":{\"@id\":\"https:\/\/odanlab.com\/#website\"},\"datePublished\":\"2018-08-13T18:24:56+00:00\",\"dateModified\":\"2021-12-02T10:55:49+00:00\",\"breadcrumb\":{\"@id\":\"https:\/\/odanlab.com\/fr\/uremol\/#breadcrumb\"},\"inLanguage\":\"fr-FR\",\"potentialAction\":[{\"@type\":\"ReadAction\",\"target\":[\"https:\/\/odanlab.com\/fr\/uremol\/\"]}]},{\"@type\":\"BreadcrumbList\",\"@id\":\"https:\/\/odanlab.com\/fr\/uremol\/#breadcrumb\",\"itemListElement\":[{\"@type\":\"ListItem\",\"position\":1,\"name\":\"Home\",\"item\":\"https:\/\/odanlab.com\/fr\/\"},{\"@type\":\"ListItem\",\"position\":2,\"name\":\"Uremol\"}]},{\"@type\":\"WebSite\",\"@id\":\"https:\/\/odanlab.com\/#website\",\"url\":\"https:\/\/odanlab.com\/\",\"name\":\"Odan Laboratories Ltd.\",\"description\":\"The Leader in Specialty Generic Pharmaceutical Products\",\"potentialAction\":[{\"@type\":\"SearchAction\",\"target\":{\"@type\":\"EntryPoint\",\"urlTemplate\":\"https:\/\/odanlab.com\/?s={search_term_string}\"},\"query-input\":{\"@type\":\"PropertyValueSpecification\",\"valueRequired\":true,\"valueName\":\"search_term_string\"}}],\"inLanguage\":\"fr-FR\"}]}<\/script>\n<!-- \/ Yoast SEO plugin. -->","yoast_head_json":{"title":"Uremol - Odan Laboratories Ltd.","robots":{"index":"index","follow":"follow","max-snippet":"max-snippet:-1","max-image-preview":"max-image-preview:large","max-video-preview":"max-video-preview:-1"},"canonical":"https:\/\/odanlab.com\/fr\/uremol\/","og_locale":"fr_FR","og_type":"article","og_title":"Uremol - Odan Laboratories Ltd.","og_url":"https:\/\/odanlab.com\/fr\/uremol\/","og_site_name":"Odan Laboratories Ltd.","article_publisher":"https:\/\/www.facebook.com\/odanlab\/","article_modified_time":"2021-12-02T10:55:49+00:00","twitter_card":"summary_large_image","twitter_misc":{"Dur\u00e9e de lecture estim\u00e9e":"8 minutes"},"schema":{"@context":"https:\/\/schema.org","@graph":[{"@type":"WebPage","@id":"https:\/\/odanlab.com\/fr\/uremol\/","url":"https:\/\/odanlab.com\/fr\/uremol\/","name":"Uremol - Odan Laboratories Ltd.","isPartOf":{"@id":"https:\/\/odanlab.com\/#website"},"datePublished":"2018-08-13T18:24:56+00:00","dateModified":"2021-12-02T10:55:49+00:00","breadcrumb":{"@id":"https:\/\/odanlab.com\/fr\/uremol\/#breadcrumb"},"inLanguage":"fr-FR","potentialAction":[{"@type":"ReadAction","target":["https:\/\/odanlab.com\/fr\/uremol\/"]}]},{"@type":"BreadcrumbList","@id":"https:\/\/odanlab.com\/fr\/uremol\/#breadcrumb","itemListElement":[{"@type":"ListItem","position":1,"name":"Home","item":"https:\/\/odanlab.com\/fr\/"},{"@type":"ListItem","position":2,"name":"Uremol"}]},{"@type":"WebSite","@id":"https:\/\/odanlab.com\/#website","url":"https:\/\/odanlab.com\/","name":"Odan Laboratories Ltd.","description":"The Leader in Specialty Generic Pharmaceutical Products","potentialAction":[{"@type":"SearchAction","target":{"@type":"EntryPoint","urlTemplate":"https:\/\/odanlab.com\/?s={search_term_string}"},"query-input":{"@type":"PropertyValueSpecification","valueRequired":true,"valueName":"search_term_string"}}],"inLanguage":"fr-FR"}]}},"jetpack_sharing_enabled":true,"jetpack_shortlink":"https:\/\/wp.me\/Pahxdx-tY","_links":{"self":[{"href":"https:\/\/odanlab.com\/fr\/wp-json\/wp\/v2\/pages\/1858","targetHints":{"allow":["GET"]}}],"collection":[{"href":"https:\/\/odanlab.com\/fr\/wp-json\/wp\/v2\/pages"}],"about":[{"href":"https:\/\/odanlab.com\/fr\/wp-json\/wp\/v2\/types\/page"}],"author":[{"embeddable":true,"href":"https:\/\/odanlab.com\/fr\/wp-json\/wp\/v2\/users\/1"}],"replies":[{"embeddable":true,"href":"https:\/\/odanlab.com\/fr\/wp-json\/wp\/v2\/comments?post=1858"}],"version-history":[{"count":15,"href":"https:\/\/odanlab.com\/fr\/wp-json\/wp\/v2\/pages\/1858\/revisions"}],"predecessor-version":[{"id":4316,"href":"https:\/\/odanlab.com\/fr\/wp-json\/wp\/v2\/pages\/1858\/revisions\/4316"}],"wp:attachment":[{"href":"https:\/\/odanlab.com\/fr\/wp-json\/wp\/v2\/media?parent=1858"}],"curies":[{"name":"wp","href":"https:\/\/api.w.org\/{rel}","templated":true}]}}