{"id":1538,"date":"2018-07-30T19:17:22","date_gmt":"2018-07-30T19:17:22","guid":{"rendered":"https:\/\/odan.odanlabdev.ca\/ophtalmiques\/"},"modified":"2022-03-04T08:55:05","modified_gmt":"2022-03-04T13:55:05","slug":"ophtalmiques","status":"publish","type":"page","link":"https:\/\/odanlab.com\/fr\/ophtalmiques\/","title":{"rendered":"Ophtalmiques"},"content":{"rendered":"<p><div class=\"fusion-fullwidth fullwidth-box fusion-builder-row-1 nonhundred-percent-fullwidth non-hundred-percent-height-scrolling\"  style='background-color: rgba(255,255,255,0);background-position: center center;background-repeat: no-repeat;padding-top:0px;padding-right:0px;padding-bottom:0px;padding-left:0px;border-top-width:1px;border-bottom-width:1px;border-color:#eae9e9;border-top-style:solid;border-bottom-style:solid;'><div class=\"fusion-builder-row fusion-row \"><div  class=\"fusion-layout-column fusion_builder_column fusion_builder_column_1_1 fusion-builder-column-0 fusion-one-full fusion-column-first fusion-column-last 1_1\"  style='margin-top:0px;margin-bottom:0px;'><div class=\"fusion-column-wrapper\" style=\"padding: 0px 0px 0px 0px;background-position:left top;background-repeat:no-repeat;-webkit-background-size:cover;-moz-background-size:cover;-o-background-size:cover;background-size:cover;\"   data-bg-url=\"\"><div class=\"woocommerce\">\t\t\t<div class=\"single-product\" data-product-page-preselected-id=\"0\">\n\t\t\t\t<div class=\"woocommerce-notices-wrapper\"><\/div><div id=\"product-3854\" class=\"product type-product post-3854 status-publish first outofstock product_cat-generique has-post-thumbnail taxable shipping-taxable product-type-variable\">\n\n\t<div class=\"avada-single-product-gallery-wrapper\">\n<div class=\"woocommerce-product-gallery woocommerce-product-gallery--with-images woocommerce-product-gallery--columns-4 images avada-product-gallery\" data-columns=\"4\" style=\"opacity: 0; transition: opacity .25s ease-in-out;\">\n\t<div class=\"woocommerce-product-gallery__wrapper\">\n\t\t<div data-thumb=\"https:\/\/odanlab.com\/wp-content\/uploads\/2021\/05\/Odan-Cyclopentolate_FR_web-100x100.jpg\" data-thumb-alt=\"Cyclopentolate\" data-thumb-srcset=\"https:\/\/odanlab.com\/wp-content\/uploads\/2021\/05\/Odan-Cyclopentolate_FR_web-66x66.jpg 66w, https:\/\/odanlab.com\/wp-content\/uploads\/2021\/05\/Odan-Cyclopentolate_FR_web-100x100.jpg 100w, https:\/\/odanlab.com\/wp-content\/uploads\/2021\/05\/Odan-Cyclopentolate_FR_web-150x150.jpg 150w\"  data-thumb-sizes=\"(max-width: 100px) 100vw, 100px\" class=\"woocommerce-product-gallery__image\"><a href=\"https:\/\/odanlab.com\/wp-content\/uploads\/2021\/05\/Odan-Cyclopentolate_FR_web.jpg\"><img loading=\"lazy\" decoding=\"async\" width=\"657\" height=\"900\" src=\"https:\/\/odanlab.com\/wp-content\/uploads\/2021\/05\/Odan-Cyclopentolate_FR_web.jpg\" class=\"wp-post-image\" alt=\"Cyclopentolate\" data-caption=\"Cyclopentolate\" data-src=\"https:\/\/odanlab.com\/wp-content\/uploads\/2021\/05\/Odan-Cyclopentolate_FR_web.jpg\" data-large_image=\"https:\/\/odanlab.com\/wp-content\/uploads\/2021\/05\/Odan-Cyclopentolate_FR_web.jpg\" data-large_image_width=\"657\" data-large_image_height=\"900\" srcset=\"https:\/\/odanlab.com\/wp-content\/uploads\/2021\/05\/Odan-Cyclopentolate_FR_web-200x274.jpg 200w, https:\/\/odanlab.com\/wp-content\/uploads\/2021\/05\/Odan-Cyclopentolate_FR_web-219x300.jpg 219w, https:\/\/odanlab.com\/wp-content\/uploads\/2021\/05\/Odan-Cyclopentolate_FR_web-400x548.jpg 400w, https:\/\/odanlab.com\/wp-content\/uploads\/2021\/05\/Odan-Cyclopentolate_FR_web-500x685.jpg 500w, https:\/\/odanlab.com\/wp-content\/uploads\/2021\/05\/Odan-Cyclopentolate_FR_web-600x822.jpg 600w, https:\/\/odanlab.com\/wp-content\/uploads\/2021\/05\/Odan-Cyclopentolate_FR_web.jpg 657w\" sizes=\"auto, (max-width: 657px) 100vw, 657px\" \/><\/a><a class=\"avada-product-gallery-lightbox-trigger\" href=\"https:\/\/odanlab.com\/wp-content\/uploads\/2021\/05\/Odan-Cyclopentolate_FR_web.jpg\" data-rel=\"iLightbox[]\" alt=\"Cyclopentolate\" data-title=\"Odan-Cyclopentolate_FR_web\" data-caption=\"Cyclopentolate\"><\/a><\/div>\n<form class=\"variations_form cart\" action=\"\" method=\"post\" enctype='multipart\/form-data' data-product_id=\"3854\" data-product_variations=\"[]\">\n\t\n\t\t\t<p class=\"stock out-of-stock\">Ce produit est actuellement en rupture et indisponible.<\/p>\n\t\n\t<\/form>\n\n\t<\/div>\n<\/div>\n<\/div>\n\t<span class=\"wcosm_soldout\">Temporarily unavailable \/ Non disponible en ce moment<\/span>\t<style> .woocommerce .product span.wcosm_soldout{background-color: #ffffff; color:#000000; position: absolute;z-index: 999;padding: 5px 10px;border-radius:2px; right: -5px;top: -5px;width:fit-content; }<\/style>\r\n\t\n\t<div class=\"summary entry-summary\">\n\t\t<div class=\"summary-container\"><h2 itemprop=\"name\" class=\"product_title entry-title\">ODAN-CYCLOPENTOLATE Solution opthalmique<\/h2>\n<p class=\"price\"><\/p>\n<div class=\"avada-availability\">\n\t<p class=\"stock out-of-stock\">Rupture de stock<\/p><\/div>\n\n<form class=\"variations_form cart\" action=\"\" method=\"post\" enctype='multipart\/form-data' data-product_id=\"3854\" data-product_variations=\"[]\">\n\t\n\t\t\t<p class=\"stock out-of-stock\">Ce produit est actuellement en rupture et indisponible.<\/p>\n\t\n\t<\/form>\n\n<div class=\"product-border fusion-separator sep-single sep-solid\"><\/div>\n\n<div class=\"post-content woocommerce-product-details__short-description\">\n\t<p><span style=\"font-size: 20px;\">Chlorhydrate de cyclopentolate solution ophtalmique, USP 1%<\/span><\/p>\n<p><strong>SOLUTION: DIN 00626627<\/strong><br \/>\n\u200b<br \/>\n<\/p>\n<div class=\"table-1\">\n<table width=\"100%\">\n<thead style=\"background-color: blue;\">\n<tr>\n<th style=\"color: white;\" align=\"left\">CODE<\/th>\n<th style=\"color: white;\" align=\"left\">TYPE<\/th>\n<th style=\"color: white;\" align=\"left\">FORMAT<\/th>\n<\/tr>\n<\/thead>\n<tbody>\n<tr>\n<td align=\"left\">70010<\/td>\n<td align=\"left\">Solution<\/td>\n<td align=\"left\">10 mL<\/td>\n<\/tr>\n<\/tbody>\n<\/table>\n<\/div>\n<p><\/p>\n<\/div>\n<div class=\"product_meta\">\n\n\t\n\t\n\t\t<span class=\"sku_wrapper\">UGS\u00a0: <span class=\"sku\">15500-2<\/span><\/span>\n\n\t\n\t<span class=\"posted_in\">Cat\u00e9gorie\u00a0: <a href=\"https:\/\/odanlab.com\/fr\/product-category\/generique\/\" rel=\"tag\">G\u00e9n\u00e9rique<\/a><\/span>\n\t\n\t\n<\/div>\n<\/div>\t<\/div>\n\n\t<div class=\"fusion-clearfix\"><\/div>\n\n<div class=\"fusion-clearfix\"><\/div><\/div>\n\n\t\t\t<\/div>\n\t\t\t<\/div><div class=\"fusion-clearfix\"><\/div><\/div><\/div><\/div><\/div><div class=\"fusion-fullwidth fullwidth-box fusion-builder-row-2 nonhundred-percent-fullwidth non-hundred-percent-height-scrolling\"  style='background-color: rgba(255,255,255,0);background-position: center center;background-repeat: no-repeat;padding-top:0px;padding-right:0px;padding-bottom:0px;padding-left:0px;border-top-width:1px;border-bottom-width:1px;border-color:#eae9e9;border-top-style:solid;border-bottom-style:solid;'><div class=\"fusion-builder-row fusion-row \"><div  class=\"fusion-layout-column fusion_builder_column fusion_builder_column_1_1 fusion-builder-column-1 fusion-one-full fusion-column-first fusion-column-last 1_1\"  style='margin-top:0px;margin-bottom:0px;width:100%'><div class=\"fusion-column-wrapper\" style=\"padding: 0px 0px 0px 0px;background-position:left top;background-repeat:no-repeat;-webkit-background-size:cover;-moz-background-size:cover;-o-background-size:cover;background-size:cover;\"   data-bg-url=\"\"><div class=\"woocommerce\">\t\t\t<div class=\"single-product\" data-product-page-preselected-id=\"0\">\n\t\t\t\t<div class=\"woocommerce-notices-wrapper\"><\/div><div id=\"product-1439\" class=\"product type-product post-1439 status-publish instock product_cat-generique product_cat-ophtalmiques has-post-thumbnail taxable shipping-taxable product-type-variable\">\n\n\t<div class=\"avada-single-product-gallery-wrapper\">\n<div class=\"woocommerce-product-gallery woocommerce-product-gallery--with-images woocommerce-product-gallery--columns-4 images avada-product-gallery\" data-columns=\"4\" style=\"opacity: 0; transition: opacity .25s ease-in-out;\">\n\t<div class=\"woocommerce-product-gallery__wrapper\">\n\t\t<div data-thumb=\"https:\/\/odanlab.com\/wp-content\/uploads\/2021\/03\/SodiumChlorideFR_600h-1-100x100.png\" data-thumb-alt=\"Odan Sodium Chloride Solution\" data-thumb-srcset=\"https:\/\/odanlab.com\/wp-content\/uploads\/2021\/03\/SodiumChlorideFR_600h-1-66x66.png 66w, https:\/\/odanlab.com\/wp-content\/uploads\/2021\/03\/SodiumChlorideFR_600h-1-100x100.png 100w, https:\/\/odanlab.com\/wp-content\/uploads\/2021\/03\/SodiumChlorideFR_600h-1-150x150.png 150w\"  data-thumb-sizes=\"(max-width: 100px) 100vw, 100px\" class=\"woocommerce-product-gallery__image\"><a href=\"https:\/\/odanlab.com\/wp-content\/uploads\/2021\/03\/SodiumChlorideFR_600h-1.png\"><img loading=\"lazy\" decoding=\"async\" width=\"432\" height=\"600\" src=\"https:\/\/odanlab.com\/wp-content\/uploads\/2021\/03\/SodiumChlorideFR_600h-1.png\" class=\"wp-post-image\" alt=\"Odan Sodium Chloride Solution\" data-caption=\"\" data-src=\"https:\/\/odanlab.com\/wp-content\/uploads\/2021\/03\/SodiumChlorideFR_600h-1.png\" data-large_image=\"https:\/\/odanlab.com\/wp-content\/uploads\/2021\/03\/SodiumChlorideFR_600h-1.png\" data-large_image_width=\"432\" data-large_image_height=\"600\" srcset=\"https:\/\/odanlab.com\/wp-content\/uploads\/2021\/03\/SodiumChlorideFR_600h-1-43x60.png 43w, https:\/\/odanlab.com\/wp-content\/uploads\/2021\/03\/SodiumChlorideFR_600h-1-65x90.png 65w, https:\/\/odanlab.com\/wp-content\/uploads\/2021\/03\/SodiumChlorideFR_600h-1-200x278.png 200w, https:\/\/odanlab.com\/wp-content\/uploads\/2021\/03\/SodiumChlorideFR_600h-1-216x300.png 216w, https:\/\/odanlab.com\/wp-content\/uploads\/2021\/03\/SodiumChlorideFR_600h-1-400x556.png 400w, https:\/\/odanlab.com\/wp-content\/uploads\/2021\/03\/SodiumChlorideFR_600h-1.png 432w\" sizes=\"auto, (max-width: 432px) 100vw, 432px\" \/><\/a><a class=\"avada-product-gallery-lightbox-trigger\" href=\"https:\/\/odanlab.com\/wp-content\/uploads\/2021\/03\/SodiumChlorideFR_600h-1.png\" data-rel=\"iLightbox[]\" alt=\"Odan Sodium Chloride Solution\" data-title=\"SodiumChlorideFR_600h.png\" data-caption=\"\"><\/a><\/div>\n<form class=\"variations_form cart\" action=\"\" method=\"post\" enctype='multipart\/form-data' data-product_id=\"1439\" data-product_variations=\"[]\">\n\t\n\t\t\t<p class=\"stock out-of-stock\">Ce produit est actuellement en rupture et indisponible.<\/p>\n\t\n\t<\/form>\n\n\t<\/div>\n<\/div>\n<\/div>\n\n\t<div class=\"summary entry-summary\">\n\t\t<div class=\"summary-container\"><h2 itemprop=\"name\" class=\"product_title entry-title\">ODAN-SODIUM CHLORIDE Solution<\/h2>\n<p class=\"price\"><\/p>\n<div class=\"avada-availability\">\n\t<\/div>\n\n<form class=\"variations_form cart\" action=\"\" method=\"post\" enctype='multipart\/form-data' data-product_id=\"1439\" data-product_variations=\"[]\">\n\t\n\t\t\t<p class=\"stock out-of-stock\">Ce produit est actuellement en rupture et indisponible.<\/p>\n\t\n\t<\/form>\n\n<div class=\"product-border fusion-separator sep-single sep-solid\"><\/div>\n\n<div class=\"post-content woocommerce-product-details__short-description\">\n\t<p><span style=\"font-size: 20px;\">Solution ophtalmique st\u00e9rile de chlorure de sodium, USP 5 %<\/span><\/p>\n<p>Pour le soulagement temporaire de l&#8217;\u0153d\u00e8me corn\u00e9en.<br \/>\n\u200b<br \/>\n<strong>SOLUTION: NPN 80046737<\/strong><\/p>\n<\/p>\n<div class=\"table-1\">\n<table width=\"100%\">\n<thead style=\"background-color: blue;\">\n<tr>\n<th style=\"color: white;\" align=\"left\">CODE<\/th>\n<th style=\"color: white;\" align=\"left\">TYPE<\/th>\n<th style=\"color: white;\" align=\"left\">FORMAT<\/th>\n<\/tr>\n<\/thead>\n<tbody>\n<tr>\n<td align=\"left\">12515<\/td>\n<td align=\"left\">Solution<\/td>\n<td align=\"left\">10 mL<\/td>\n<\/tr>\n<\/tbody>\n<\/table>\n<\/div>\n<p>\n<\/div>\n<div class=\"product_meta\">\n\n\t\n\t\n\t\t<span class=\"sku_wrapper\">UGS\u00a0: <span class=\"sku\">SODIUM CHLORIDE<\/span><\/span>\n\n\t\n\t<span class=\"posted_in\">Cat\u00e9gories\u00a0: <a href=\"https:\/\/odanlab.com\/fr\/product-category\/generique\/\" rel=\"tag\">G\u00e9n\u00e9rique<\/a>, <a href=\"https:\/\/odanlab.com\/fr\/product-category\/ophtalmiques\/\" rel=\"tag\">Ophtalmiques<\/a><\/span>\n\t\n\t\n<\/div>\n<\/div>\t<\/div>\n\n\t<div class=\"fusion-clearfix\"><\/div>\n\n<div class=\"fusion-clearfix\"><\/div><\/div>\n\n\t\t\t<\/div>\n\t\t\t<\/div><div class=\"fusion-clearfix\"><\/div><\/div><\/div><\/div><\/div><div class=\"fusion-fullwidth fullwidth-box fusion-builder-row-3 nonhundred-percent-fullwidth non-hundred-percent-height-scrolling\"  style='background-color: rgba(255,255,255,0);background-position: center center;background-repeat: no-repeat;padding-top:0px;padding-right:0px;padding-bottom:0px;padding-left:0px;border-top-width:1px;border-bottom-width:1px;border-color:#eae9e9;border-top-style:solid;border-bottom-style:solid;'><div class=\"fusion-builder-row fusion-row \"><div  class=\"fusion-layout-column fusion_builder_column fusion_builder_column_1_1 fusion-builder-column-2 fusion-one-full fusion-column-first fusion-column-last 1_1\"  style='margin-top:0px;margin-bottom:0px;width:100%'><div class=\"fusion-column-wrapper\" style=\"padding: 0px 0px 0px 0px;background-position:left top;background-repeat:no-repeat;-webkit-background-size:cover;-moz-background-size:cover;-o-background-size:cover;background-size:cover;\"   data-bg-url=\"\"><div class=\"woocommerce\">\t\t\t<div class=\"single-product\" data-product-page-preselected-id=\"0\">\n\t\t\t\t<div class=\"woocommerce-notices-wrapper\"><\/div><div id=\"product-3922\" class=\"product type-product post-3922 status-publish outofstock product_cat-generique has-post-thumbnail taxable shipping-taxable product-type-variable\">\n\n\t<div class=\"avada-single-product-gallery-wrapper\">\n<div class=\"woocommerce-product-gallery woocommerce-product-gallery--with-images woocommerce-product-gallery--columns-4 images avada-product-gallery\" data-columns=\"4\" style=\"opacity: 0; transition: opacity .25s ease-in-out;\">\n\t<div class=\"woocommerce-product-gallery__wrapper\">\n\t\t<div data-thumb=\"https:\/\/odanlab.com\/wp-content\/uploads\/2021\/08\/Tropicamide_FR-100x100.png\" data-thumb-alt=\"Tropicamide\" data-thumb-srcset=\"https:\/\/odanlab.com\/wp-content\/uploads\/2021\/08\/Tropicamide_FR-66x66.png 66w, https:\/\/odanlab.com\/wp-content\/uploads\/2021\/08\/Tropicamide_FR-100x100.png 100w, https:\/\/odanlab.com\/wp-content\/uploads\/2021\/08\/Tropicamide_FR-150x150.png 150w\"  data-thumb-sizes=\"(max-width: 100px) 100vw, 100px\" class=\"woocommerce-product-gallery__image\"><a href=\"https:\/\/odanlab.com\/wp-content\/uploads\/2021\/08\/Tropicamide_FR.png\"><img loading=\"lazy\" decoding=\"async\" width=\"559\" height=\"800\" src=\"https:\/\/odanlab.com\/wp-content\/uploads\/2021\/08\/Tropicamide_FR.png\" class=\"wp-post-image\" alt=\"Tropicamide\" data-caption=\"Tropicamide\" data-src=\"https:\/\/odanlab.com\/wp-content\/uploads\/2021\/08\/Tropicamide_FR.png\" data-large_image=\"https:\/\/odanlab.com\/wp-content\/uploads\/2021\/08\/Tropicamide_FR.png\" data-large_image_width=\"559\" data-large_image_height=\"800\" srcset=\"https:\/\/odanlab.com\/wp-content\/uploads\/2021\/08\/Tropicamide_FR-42x60.png 42w, https:\/\/odanlab.com\/wp-content\/uploads\/2021\/08\/Tropicamide_FR-63x90.png 63w, https:\/\/odanlab.com\/wp-content\/uploads\/2021\/08\/Tropicamide_FR-200x286.png 200w, https:\/\/odanlab.com\/wp-content\/uploads\/2021\/08\/Tropicamide_FR-210x300.png 210w, https:\/\/odanlab.com\/wp-content\/uploads\/2021\/08\/Tropicamide_FR-400x572.png 400w, https:\/\/odanlab.com\/wp-content\/uploads\/2021\/08\/Tropicamide_FR-500x716.png 500w, https:\/\/odanlab.com\/wp-content\/uploads\/2021\/08\/Tropicamide_FR.png 559w\" sizes=\"auto, (max-width: 559px) 100vw, 559px\" \/><\/a><a class=\"avada-product-gallery-lightbox-trigger\" href=\"https:\/\/odanlab.com\/wp-content\/uploads\/2021\/08\/Tropicamide_FR.png\" data-rel=\"iLightbox[]\" alt=\"Tropicamide\" data-title=\"Tropicamide_FR\" data-caption=\"Tropicamide\"><\/a><\/div>\n<form class=\"variations_form cart\" action=\"\" method=\"post\" enctype='multipart\/form-data' data-product_id=\"3922\" data-product_variations=\"[]\">\n\t\n\t\t\t<p class=\"stock out-of-stock\">Ce produit est actuellement en rupture et indisponible.<\/p>\n\t\n\t<\/form>\n\n\t<\/div>\n<\/div>\n<\/div>\n\t<span class=\"wcosm_soldout\">Temporarily unavailable \/ Non disponible en ce moment<\/span>\t<style> .woocommerce .product span.wcosm_soldout{background-color: #ffffff; color:#000000; position: absolute;z-index: 999;padding: 5px 10px;border-radius:2px; right: -5px;top: -5px;width:fit-content; }<\/style>\r\n\t\n\t<div class=\"summary entry-summary\">\n\t\t<div class=\"summary-container\"><h2 itemprop=\"name\" class=\"product_title entry-title\">ODAN-TROPICAMIDE Solution opthalmique<\/h2>\n<p class=\"price\"><\/p>\n<div class=\"avada-availability\">\n\t<\/div>\n\n<form class=\"variations_form cart\" action=\"\" method=\"post\" enctype='multipart\/form-data' data-product_id=\"3922\" data-product_variations=\"[]\">\n\t\n\t\t\t<p class=\"stock out-of-stock\">Ce produit est actuellement en rupture et indisponible.<\/p>\n\t\n\t<\/form>\n\n<div class=\"product-border fusion-separator sep-single sep-solid\"><\/div>\n\n<div class=\"post-content woocommerce-product-details__short-description\">\n\t<p><span style=\"font-size: 20px;\">Tropicamide solution ophtalmique, USP 1%<\/span><\/p>\n<p><strong>SOLUTION: DIN 00622885<\/strong><br \/>\n\u200b<br \/>\n<\/p>\n<div class=\"table-1\">\n<table width=\"100%\">\n<thead style=\"background-color: blue;\">\n<tr>\n<th style=\"color: white;\" align=\"left\">CODE<\/th>\n<th style=\"color: white;\" align=\"left\">TYPE<\/th>\n<th style=\"color: white;\" align=\"left\">FORMAT<\/th>\n<\/tr>\n<\/thead>\n<tbody>\n<tr>\n<td align=\"left\">69010<\/td>\n<td align=\"left\">Solution<\/td>\n<td align=\"left\">10 mL<\/td>\n<\/tr>\n<\/tbody>\n<\/table>\n<\/div>\n<p><\/p>\n<\/div>\n<div class=\"product_meta\">\n\n\t\n\t\n\t\t<span class=\"sku_wrapper\">UGS\u00a0: <span class=\"sku\">15500-2-1<\/span><\/span>\n\n\t\n\t<span class=\"posted_in\">Cat\u00e9gorie\u00a0: <a href=\"https:\/\/odanlab.com\/fr\/product-category\/generique\/\" rel=\"tag\">G\u00e9n\u00e9rique<\/a><\/span>\n\t\n\t\n<\/div>\n<\/div>\t<\/div>\n\n\t<div class=\"fusion-clearfix\"><\/div>\n\n<div class=\"fusion-clearfix\"><\/div><\/div>\n\n\t\t\t<\/div>\n\t\t\t<\/div><div class=\"fusion-clearfix\"><\/div><\/div><\/div><\/div><\/div><\/p>\n","protected":false},"excerpt":{"rendered":"","protected":false},"author":1,"featured_media":0,"parent":0,"menu_order":0,"comment_status":"closed","ping_status":"closed","template":"100-width.php","meta":{"_exactmetrics_skip_tracking":false,"_exactmetrics_sitenote_active":false,"_exactmetrics_sitenote_note":"","_exactmetrics_sitenote_category":0,"jetpack_post_was_ever_published":false,"footnotes":""},"class_list":["post-1538","page","type-page","status-publish","hentry","product-grid-view"],"yoast_head":"<!-- This site is optimized with the Yoast SEO plugin v27.0 - https:\/\/yoast.com\/product\/yoast-seo-wordpress\/ -->\n<title>Ophtalmiques - Odan Laboratories Ltd.<\/title>\n<meta name=\"robots\" content=\"index, follow, max-snippet:-1, max-image-preview:large, max-video-preview:-1\" \/>\n<link rel=\"canonical\" href=\"https:\/\/odanlab.com\/fr\/ophtalmiques\/\" \/>\n<meta property=\"og:locale\" content=\"fr_FR\" \/>\n<meta property=\"og:type\" content=\"article\" \/>\n<meta property=\"og:title\" content=\"Ophtalmiques - Odan Laboratories Ltd.\" \/>\n<meta property=\"og:url\" content=\"https:\/\/odanlab.com\/fr\/ophtalmiques\/\" \/>\n<meta property=\"og:site_name\" content=\"Odan Laboratories Ltd.\" \/>\n<meta property=\"article:publisher\" content=\"https:\/\/www.facebook.com\/odanlab\/\" \/>\n<meta property=\"article:modified_time\" content=\"2022-03-04T13:55:05+00:00\" \/>\n<meta name=\"twitter:card\" content=\"summary_large_image\" \/>\n<meta name=\"twitter:label1\" content=\"Dur\u00e9e de lecture estim\u00e9e\" \/>\n\t<meta name=\"twitter:data1\" content=\"4 minutes\" \/>\n<script type=\"application\/ld+json\" class=\"yoast-schema-graph\">{\"@context\":\"https:\/\/schema.org\",\"@graph\":[{\"@type\":\"WebPage\",\"@id\":\"https:\/\/odanlab.com\/fr\/ophtalmiques\/\",\"url\":\"https:\/\/odanlab.com\/fr\/ophtalmiques\/\",\"name\":\"Ophtalmiques - Odan Laboratories Ltd.\",\"isPartOf\":{\"@id\":\"https:\/\/odanlab.com\/#website\"},\"datePublished\":\"2018-07-30T19:17:22+00:00\",\"dateModified\":\"2022-03-04T13:55:05+00:00\",\"breadcrumb\":{\"@id\":\"https:\/\/odanlab.com\/fr\/ophtalmiques\/#breadcrumb\"},\"inLanguage\":\"fr-FR\",\"potentialAction\":[{\"@type\":\"ReadAction\",\"target\":[\"https:\/\/odanlab.com\/fr\/ophtalmiques\/\"]}]},{\"@type\":\"BreadcrumbList\",\"@id\":\"https:\/\/odanlab.com\/fr\/ophtalmiques\/#breadcrumb\",\"itemListElement\":[{\"@type\":\"ListItem\",\"position\":1,\"name\":\"Home\",\"item\":\"https:\/\/odanlab.com\/fr\/\"},{\"@type\":\"ListItem\",\"position\":2,\"name\":\"Ophtalmiques\"}]},{\"@type\":\"WebSite\",\"@id\":\"https:\/\/odanlab.com\/#website\",\"url\":\"https:\/\/odanlab.com\/\",\"name\":\"Odan Laboratories Ltd.\",\"description\":\"The Leader in Specialty Generic Pharmaceutical Products\",\"potentialAction\":[{\"@type\":\"SearchAction\",\"target\":{\"@type\":\"EntryPoint\",\"urlTemplate\":\"https:\/\/odanlab.com\/?s={search_term_string}\"},\"query-input\":{\"@type\":\"PropertyValueSpecification\",\"valueRequired\":true,\"valueName\":\"search_term_string\"}}],\"inLanguage\":\"fr-FR\"}]}<\/script>\n<!-- \/ Yoast SEO plugin. -->","yoast_head_json":{"title":"Ophtalmiques - Odan Laboratories Ltd.","robots":{"index":"index","follow":"follow","max-snippet":"max-snippet:-1","max-image-preview":"max-image-preview:large","max-video-preview":"max-video-preview:-1"},"canonical":"https:\/\/odanlab.com\/fr\/ophtalmiques\/","og_locale":"fr_FR","og_type":"article","og_title":"Ophtalmiques - Odan Laboratories Ltd.","og_url":"https:\/\/odanlab.com\/fr\/ophtalmiques\/","og_site_name":"Odan Laboratories Ltd.","article_publisher":"https:\/\/www.facebook.com\/odanlab\/","article_modified_time":"2022-03-04T13:55:05+00:00","twitter_card":"summary_large_image","twitter_misc":{"Dur\u00e9e de lecture estim\u00e9e":"4 minutes"},"schema":{"@context":"https:\/\/schema.org","@graph":[{"@type":"WebPage","@id":"https:\/\/odanlab.com\/fr\/ophtalmiques\/","url":"https:\/\/odanlab.com\/fr\/ophtalmiques\/","name":"Ophtalmiques - Odan Laboratories Ltd.","isPartOf":{"@id":"https:\/\/odanlab.com\/#website"},"datePublished":"2018-07-30T19:17:22+00:00","dateModified":"2022-03-04T13:55:05+00:00","breadcrumb":{"@id":"https:\/\/odanlab.com\/fr\/ophtalmiques\/#breadcrumb"},"inLanguage":"fr-FR","potentialAction":[{"@type":"ReadAction","target":["https:\/\/odanlab.com\/fr\/ophtalmiques\/"]}]},{"@type":"BreadcrumbList","@id":"https:\/\/odanlab.com\/fr\/ophtalmiques\/#breadcrumb","itemListElement":[{"@type":"ListItem","position":1,"name":"Home","item":"https:\/\/odanlab.com\/fr\/"},{"@type":"ListItem","position":2,"name":"Ophtalmiques"}]},{"@type":"WebSite","@id":"https:\/\/odanlab.com\/#website","url":"https:\/\/odanlab.com\/","name":"Odan Laboratories Ltd.","description":"The Leader in Specialty Generic Pharmaceutical Products","potentialAction":[{"@type":"SearchAction","target":{"@type":"EntryPoint","urlTemplate":"https:\/\/odanlab.com\/?s={search_term_string}"},"query-input":{"@type":"PropertyValueSpecification","valueRequired":true,"valueName":"search_term_string"}}],"inLanguage":"fr-FR"}]}},"jetpack_sharing_enabled":true,"jetpack_shortlink":"https:\/\/wp.me\/Pahxdx-oO","_links":{"self":[{"href":"https:\/\/odanlab.com\/fr\/wp-json\/wp\/v2\/pages\/1538","targetHints":{"allow":["GET"]}}],"collection":[{"href":"https:\/\/odanlab.com\/fr\/wp-json\/wp\/v2\/pages"}],"about":[{"href":"https:\/\/odanlab.com\/fr\/wp-json\/wp\/v2\/types\/page"}],"author":[{"embeddable":true,"href":"https:\/\/odanlab.com\/fr\/wp-json\/wp\/v2\/users\/1"}],"replies":[{"embeddable":true,"href":"https:\/\/odanlab.com\/fr\/wp-json\/wp\/v2\/comments?post=1538"}],"version-history":[{"count":10,"href":"https:\/\/odanlab.com\/fr\/wp-json\/wp\/v2\/pages\/1538\/revisions"}],"predecessor-version":[{"id":171808,"href":"https:\/\/odanlab.com\/fr\/wp-json\/wp\/v2\/pages\/1538\/revisions\/171808"}],"wp:attachment":[{"href":"https:\/\/odanlab.com\/fr\/wp-json\/wp\/v2\/media?parent=1538"}],"curies":[{"name":"wp","href":"https:\/\/api.w.org\/{rel}","templated":true}]}}