{"id":1328,"date":"2018-07-25T19:41:28","date_gmt":"2018-07-25T19:41:28","guid":{"rendered":"https:\/\/odan.odanlabdev.ca\/a-propos\/"},"modified":"2019-05-24T13:41:56","modified_gmt":"2019-05-24T17:41:56","slug":"a-propos","status":"publish","type":"page","link":"https:\/\/odanlab.com\/fr\/a-propos\/","title":{"rendered":"\u00c0 propos"},"content":{"rendered":"<p><div class=\"fusion-fullwidth fullwidth-box fusion-builder-row-1 nonhundred-percent-fullwidth non-hundred-percent-height-scrolling\"  style='background-color: rgba(255,255,255,0);background-position: center center;background-repeat: no-repeat;padding-top:0px;padding-right:0px;padding-bottom:0px;padding-left:0px;'><div class=\"fusion-builder-row fusion-row \"><div  class=\"fusion-layout-column fusion_builder_column fusion_builder_column_1_1 fusion-builder-column-0 fusion-one-full fusion-column-first fusion-column-last 1_1\"  style='margin-top:0px;margin-bottom:20px;'><div class=\"fusion-column-wrapper\" style=\"padding: 0px 0px 0px 0px;background-position:left top;background-repeat:no-repeat;-webkit-background-size:cover;-moz-background-size:cover;-o-background-size:cover;background-size:cover;\"   data-bg-url=\"\"><div class=\"fusion-image-carousel fusion-image-carousel-auto\"><div class=\"fusion-carousel\" data-autoplay=\"yes\" data-columns=\"3\" data-itemmargin=\"9\" data-itemwidth=\"180\" data-touchscroll=\"yes\" data-imagesize=\"auto\" data-scrollitems=\"1\"><div class=\"fusion-carousel-positioner\"><ul class=\"fusion-carousel-holder\"><li class=\"fusion-carousel-item\"><div class=\"fusion-carousel-item-wrapper\"><div class=\"fusion-image-wrapper hover-type-none\"><img loading=\"lazy\" decoding=\"async\" width=\"400\" height=\"300\" src=\"https:\/\/odanlab.com\/wp-content\/uploads\/2018\/07\/About-Us-Carousel-1-400x300.jpg\" class=\"attachment-full size-full\" alt=\"\" srcset=\"https:\/\/odanlab.com\/wp-content\/uploads\/2018\/07\/About-Us-Carousel-1-400x300-200x150.jpg 200w, https:\/\/odanlab.com\/wp-content\/uploads\/2018\/07\/About-Us-Carousel-1-400x300.jpg 400w\" sizes=\"auto, (min-width: 2200px) 100vw, (min-width: 784px) 361px, (min-width: 712px) 541px, (min-width: 640px) 712px, \" \/><\/div><\/div><\/li><li class=\"fusion-carousel-item\"><div class=\"fusion-carousel-item-wrapper\"><div class=\"fusion-image-wrapper hover-type-none\"><img loading=\"lazy\" decoding=\"async\" width=\"400\" height=\"300\" src=\"https:\/\/odanlab.com\/wp-content\/uploads\/2018\/07\/About-Us-Carousel-2-400x300.jpg\" class=\"attachment-full size-full\" alt=\"\" srcset=\"https:\/\/odanlab.com\/wp-content\/uploads\/2018\/07\/About-Us-Carousel-2-400x300-200x150.jpg 200w, https:\/\/odanlab.com\/wp-content\/uploads\/2018\/07\/About-Us-Carousel-2-400x300.jpg 400w\" sizes=\"auto, (min-width: 2200px) 100vw, (min-width: 784px) 361px, (min-width: 712px) 541px, (min-width: 640px) 712px, \" \/><\/div><\/div><\/li><li class=\"fusion-carousel-item\"><div class=\"fusion-carousel-item-wrapper\"><div class=\"fusion-image-wrapper hover-type-none\"><img loading=\"lazy\" decoding=\"async\" width=\"400\" height=\"300\" src=\"https:\/\/odanlab.com\/wp-content\/uploads\/2018\/07\/About-Us-Carousel-3-400x300.jpg\" class=\"attachment-full size-full\" alt=\"\" srcset=\"https:\/\/odanlab.com\/wp-content\/uploads\/2018\/07\/About-Us-Carousel-3-400x300-200x150.jpg 200w, https:\/\/odanlab.com\/wp-content\/uploads\/2018\/07\/About-Us-Carousel-3-400x300.jpg 400w\" sizes=\"auto, (min-width: 2200px) 100vw, (min-width: 784px) 361px, (min-width: 712px) 541px, (min-width: 640px) 712px, \" \/><\/div><\/div><\/li><li class=\"fusion-carousel-item\"><div class=\"fusion-carousel-item-wrapper\"><div class=\"fusion-image-wrapper hover-type-none\"><img loading=\"lazy\" decoding=\"async\" width=\"400\" height=\"300\" src=\"https:\/\/odanlab.com\/wp-content\/uploads\/2018\/07\/About-Us-Carousel-4-400x300.jpg\" class=\"attachment-full size-full\" alt=\"\" srcset=\"https:\/\/odanlab.com\/wp-content\/uploads\/2018\/07\/About-Us-Carousel-4-400x300-200x150.jpg 200w, https:\/\/odanlab.com\/wp-content\/uploads\/2018\/07\/About-Us-Carousel-4-400x300.jpg 400w\" sizes=\"auto, (min-width: 2200px) 100vw, (min-width: 784px) 361px, (min-width: 712px) 541px, (min-width: 640px) 712px, \" \/><\/div><\/div><\/li><li class=\"fusion-carousel-item\"><div class=\"fusion-carousel-item-wrapper\"><div class=\"fusion-image-wrapper hover-type-none\"><img loading=\"lazy\" decoding=\"async\" width=\"400\" height=\"300\" src=\"https:\/\/odanlab.com\/wp-content\/uploads\/2018\/07\/About-Us-Carousel-5-400x300.jpg\" class=\"attachment-full size-full\" alt=\"\" srcset=\"https:\/\/odanlab.com\/wp-content\/uploads\/2018\/07\/About-Us-Carousel-5-400x300-200x150.jpg 200w, https:\/\/odanlab.com\/wp-content\/uploads\/2018\/07\/About-Us-Carousel-5-400x300.jpg 400w\" sizes=\"auto, (min-width: 2200px) 100vw, (min-width: 784px) 361px, (min-width: 712px) 541px, (min-width: 640px) 712px, \" \/><\/div><\/div><\/li><li class=\"fusion-carousel-item\"><div class=\"fusion-carousel-item-wrapper\"><div class=\"fusion-image-wrapper hover-type-none\"><img loading=\"lazy\" decoding=\"async\" width=\"400\" height=\"300\" src=\"https:\/\/odanlab.com\/wp-content\/uploads\/2018\/07\/About-Us-Carousel-6-400x300.jpg\" class=\"attachment-full size-full\" alt=\"\" srcset=\"https:\/\/odanlab.com\/wp-content\/uploads\/2018\/07\/About-Us-Carousel-6-400x300-200x150.jpg 200w, https:\/\/odanlab.com\/wp-content\/uploads\/2018\/07\/About-Us-Carousel-6-400x300.jpg 400w\" sizes=\"auto, (min-width: 2200px) 100vw, (min-width: 784px) 361px, (min-width: 712px) 541px, (min-width: 640px) 712px, \" \/><\/div><\/div><\/li><\/ul><\/div><\/div><\/div><div class=\"fusion-clearfix\"><\/div><\/div><\/div><\/div><\/div><div class=\"fusion-fullwidth fullwidth-box fusion-builder-row-2 nonhundred-percent-fullwidth non-hundred-percent-height-scrolling fusion-equal-height-columns\"  style='background-color: rgba(255,255,255,0);background-position: center center;background-repeat: no-repeat;padding-top:0px;padding-right:0px;padding-bottom:0px;padding-left:0px;'><div class=\"fusion-builder-row fusion-row \"><div  class=\"fusion-layout-column fusion_builder_column fusion_builder_column_2_3 fusion-builder-column-1 fusion-two-third fusion-column-first 2_3\"  style='margin-top:0px;margin-bottom:20px;width:66.66%;width:calc(66.66% - ( ( 4% ) * 0.6666 ) );margin-right: 4%;'><div class=\"fusion-column-wrapper\" style=\"padding: 0px 0px 0px 0px;background-position:left top;background-repeat:no-repeat;-webkit-background-size:cover;-moz-background-size:cover;-o-background-size:cover;background-size:cover;\"   data-bg-url=\"\"><div class=\"fusion-text\"><h2 style=\"line-height: 2em;\">Fond\u00e9e en 1974 \u00e0 Montr\u00e9al, Qu\u00e9bec.<\/h2>\n<h2 style=\"line-height: 2em;\">Entreprise en pharmaceutiques sp\u00e9cialis\u00e9s 100% Qu\u00e9b\u00e9coise<\/h2>\n<h2 style=\"line-height: 2em;\">\nInfrastructures enti\u00e8rement int\u00e9gr\u00e9es pour la R&#038;D, la fabrication, la distribution et le marketing.<\/h2>\n<h2 style=\"line-height: 2em;\">\nNotre vaste gamme de produits comprend des produits innovants en gastroent\u00e9rologie, en dermatologie et divers produits pharmaceutiques g\u00e9n\u00e9riques et sp\u00e9cialis\u00e9s.<\/h2>\n<h2 style=\"line-height: 2em;\">Les produits Odan sont distribu\u00e9s aux pharmacies de d\u00e9tail, aux h\u00f4pitaux, aux institutions gouvernementales, aux cliniques et aux grossistes pharmaceutiques.<\/h2>\n<h2 style=\"line-height: 2em;\">Nos produits sont \u00e9galement export\u00e9s vers plusieurs pays \u00e0 travers le monde.<\/h2>\n<h2 style=\"line-height: 2em;\">\nOdan recherche et d\u00e9veloppe continuellement de nouvelles mol\u00e9cules pharmaceutiques et ajoute \u00e0 son portefeuille.<\/h2>\n<\/div><div class=\"fusion-clearfix\"><\/div><\/div><\/div><div  class=\"fusion-layout-column fusion_builder_column fusion_builder_column_1_3 fusion-builder-column-2 fusion-one-third fusion-column-last 1_3\"  style='margin-top:0px;margin-bottom:20px;width:33.33%;width:calc(33.33% - ( ( 4% ) * 0.3333 ) );'><div class=\"fusion-column-wrapper\" style=\"padding: 0px 0px 0px 0px;background-position:left top;background-repeat:no-repeat;-webkit-background-size:cover;-moz-background-size:cover;-o-background-size:cover;background-size:cover;\"   data-bg-url=\"\"><div class=\"fusion-text\"><h2>Notre mission\u200b<\/h2>\n<p>\u00catre un chef de file de m\u00e9dicaments g\u00e9n\u00e9riques sp\u00e9cialis\u00e9s de haute qualit\u00e9.<\/p>\n<h2>Notre vision<\/h2>\n<p>S&#8217;assurer que les m\u00e9dicaments sp\u00e9cialis\u00e9s de haute qualit\u00e9 sont disponibles et abordables pour tout le monde.<br \/>\n\u200b<\/p>\n<h2>Nos valeurs<\/h2>\n<p>Int\u00e9grit\u00e9<br \/>\nRespect<br \/>\nHaute performance<br \/>\nReconnaissance<br \/>\n\u200b<\/p>\n<h2>Notre promesse d&#8217;employeur<\/h2>\n<p>Croissance<br \/>\nStabilit\u00e9<br \/>\nExp\u00e9rience<br \/>\nD\u00e9fi<br \/>\nDiversit\u00e9<\/p>\n<\/div><div class=\"fusion-clearfix\"><\/div><\/div><\/div><\/div><\/div><div class=\"fusion-fullwidth fullwidth-box fusion-builder-row-3 nonhundred-percent-fullwidth non-hundred-percent-height-scrolling\"  style='background-color: rgba(255,255,255,0);background-position: center center;background-repeat: no-repeat;padding-top:0px;padding-right:0px;padding-bottom:0px;padding-left:0px;'><div class=\"fusion-builder-row fusion-row \"><div  class=\"fusion-layout-column fusion_builder_column fusion_builder_column_1_1 fusion-builder-column-3 fusion-one-full fusion-column-first fusion-column-last 1_1\"  style='margin-top:0px;margin-bottom:20px;'><div class=\"fusion-column-wrapper\" style=\"padding: 0px 0px 0px 0px;background-position:left top;background-repeat:no-repeat;-webkit-background-size:cover;-moz-background-size:cover;-o-background-size:cover;background-size:cover;\"   data-bg-url=\"\"><div class=\"fusion-sep-clear\"><\/div><div class=\"fusion-separator fusion-full-width-sep sep-single sep-solid\" style=\"border-color:#e0dede;border-top-width:1px;margin-left: auto;margin-right: auto;margin-top:50px;margin-bottom:20px;\"><\/div><div class=\"fusion-clearfix\"><\/div><\/div><\/div><\/div><\/div><div class=\"fusion-fullwidth fullwidth-box fusion-builder-row-4 nonhundred-percent-fullwidth non-hundred-percent-height-scrolling fusion-equal-height-columns\"  style='background-color: rgba(255,255,255,0);background-position: center center;background-repeat: no-repeat;padding-top:0px;padding-right:0px;padding-bottom:0px;padding-left:0px;'><div class=\"fusion-builder-row fusion-row \"><div  class=\"fusion-layout-column fusion_builder_column fusion_builder_column_2_3 fusion-builder-column-4 fusion-two-third fusion-column-first 2_3\"  style='margin-top:0px;margin-bottom:20px;width:66.66%;width:calc(66.66% - ( ( 4% ) * 0.6666 ) );margin-right: 4%;'><div class=\"fusion-column-wrapper\" style=\"padding: 0px 0px 0px 0px;background-position:left top;background-repeat:no-repeat;-webkit-background-size:cover;-moz-background-size:cover;-o-background-size:cover;background-size:cover;\"   data-bg-url=\"\"><div class=\"fusion-column-content-centered\"><div class=\"fusion-column-content\"><div class=\"fusion-text\"><h1 class=\"font_5\">Besoin de plus de d\u00e9tails? Contactez-nous<\/h1>\n<p>Nous sommes ici pour aider. Contactez-nous par t\u00e9l\u00e9phone, courriel ou via nos r\u00e9seaux sociaux.<\/p>\n<\/div><\/div><\/div><div class=\"fusion-clearfix\"><\/div><\/div><\/div><div  class=\"fusion-layout-column fusion_builder_column fusion_builder_column_1_3 fusion-builder-column-5 fusion-one-third fusion-column-last 1_3\"  style='margin-top:0px;margin-bottom:20px;width:33.33%;width:calc(33.33% - ( ( 4% ) * 0.3333 ) );'><div class=\"fusion-column-wrapper\" style=\"padding: 0px 0px 0px 0px;background-position:left top;background-repeat:no-repeat;-webkit-background-size:cover;-moz-background-size:cover;-o-background-size:cover;background-size:cover;\"   data-bg-url=\"\"><div class=\"fusion-column-content-centered\"><div class=\"fusion-column-content\"><div class=\"fusion-button-wrapper\"><style type=\"text\/css\">.fusion-button.button-1 .fusion-button-text, .fusion-button.button-1 i {color:#ffffff;}.fusion-button.button-1 .fusion-button-icon-divider{border-color:#ffffff;}.fusion-button.button-1:hover .fusion-button-text, .fusion-button.button-1:hover i,.fusion-button.button-1:focus .fusion-button-text, .fusion-button.button-1:focus i,.fusion-button.button-1:active .fusion-button-text, .fusion-button.button-1:active{color:#ffffff;}.fusion-button.button-1:hover .fusion-button-icon-divider, .fusion-button.button-1:hover .fusion-button-icon-divider, .fusion-button.button-1:active .fusion-button-icon-divider{border-color:#ffffff;}.fusion-button.button-1:hover, .fusion-button.button-1:focus, .fusion-button.button-1:active{border-color:#ffffff;}.fusion-button.button-1 {border-color:#ffffff;border-radius:2px;}.fusion-button.button-1{background: #0069bf;\n\t\t\t\t\t\t\tbackground-image: -webkit-gradient( linear, left bottom, left top, from( #002b68 ), to( #0069bf ) );\n\t\t\t\t\t\t\tbackground-image: -webkit-linear-gradient( bottom, #002b68, #0069bf );\n\t\t\t\t\t\t\tbackground-image:   -moz-linear-gradient( bottom, #002b68, #0069bf );\n\t\t\t\t\t\t\tbackground-image:     -o-linear-gradient( bottom, #002b68, #0069bf );\n\t\t\t\t\t\t\tbackground-image: linear-gradient( to top, #002b68, #0069bf );}.fusion-button.button-1:hover,.button-1:focus,.fusion-button.button-1:active{background: #0083e8;\n\t\t\t\t\t\t\tbackground-image: -webkit-gradient( linear, left bottom, left top, from( #003976 ), to( #0083e8 ) );\n\t\t\t\t\t\t\tbackground-image: -webkit-linear-gradient( bottom, #003976, #0083e8 );\n\t\t\t\t\t\t\tbackground-image:   -moz-linear-gradient( bottom, #003976, #0083e8 );\n\t\t\t\t\t\t\tbackground-image:     -o-linear-gradient( bottom, #003976, #0083e8 );\n\t\t\t\t\t\t\tbackground-image: linear-gradient( to top, #003976, #0083e8 );}<\/style><a class=\"fusion-button button-flat fusion-button-default-size button-custom button-1 fusion-button-default-span fusion-button-default-type\" target=\"_self\" href=\"https:\/\/odanlab.com\/fr\/nous-joindre\/\"><span class=\"fusion-button-text\">Contactez-nous<\/span><\/a><\/div><\/div><\/div><div class=\"fusion-clearfix\"><\/div><\/div><\/div><\/div><\/div><\/p>\n","protected":false},"excerpt":{"rendered":"","protected":false},"author":1,"featured_media":0,"parent":0,"menu_order":0,"comment_status":"closed","ping_status":"closed","template":"","meta":{"_exactmetrics_skip_tracking":false,"_exactmetrics_sitenote_active":false,"_exactmetrics_sitenote_note":"","_exactmetrics_sitenote_category":0,"jetpack_post_was_ever_published":false,"footnotes":""},"class_list":["post-1328","page","type-page","status-publish","hentry"],"yoast_head":"<!-- This site is optimized with the Yoast SEO plugin v27.0 - https:\/\/yoast.com\/product\/yoast-seo-wordpress\/ -->\n<title>\u00c0 propos - Odan Laboratories Ltd.<\/title>\n<meta name=\"robots\" content=\"index, follow, max-snippet:-1, max-image-preview:large, max-video-preview:-1\" \/>\n<link rel=\"canonical\" href=\"https:\/\/odanlab.com\/fr\/a-propos\/\" \/>\n<meta property=\"og:locale\" content=\"fr_FR\" \/>\n<meta property=\"og:type\" content=\"article\" \/>\n<meta property=\"og:title\" content=\"\u00c0 propos - Odan Laboratories Ltd.\" \/>\n<meta property=\"og:url\" content=\"https:\/\/odanlab.com\/fr\/a-propos\/\" \/>\n<meta property=\"og:site_name\" content=\"Odan Laboratories Ltd.\" \/>\n<meta property=\"article:publisher\" content=\"https:\/\/www.facebook.com\/odanlab\/\" \/>\n<meta property=\"article:modified_time\" content=\"2019-05-24T17:41:56+00:00\" \/>\n<meta name=\"twitter:card\" content=\"summary_large_image\" \/>\n<meta name=\"twitter:label1\" content=\"Dur\u00e9e de lecture estim\u00e9e\" \/>\n\t<meta name=\"twitter:data1\" content=\"7 minutes\" \/>\n<script type=\"application\/ld+json\" class=\"yoast-schema-graph\">{\"@context\":\"https:\/\/schema.org\",\"@graph\":[{\"@type\":\"WebPage\",\"@id\":\"https:\/\/odanlab.com\/fr\/a-propos\/\",\"url\":\"https:\/\/odanlab.com\/fr\/a-propos\/\",\"name\":\"\u00c0 propos - Odan Laboratories Ltd.\",\"isPartOf\":{\"@id\":\"https:\/\/odanlab.com\/#website\"},\"datePublished\":\"2018-07-25T19:41:28+00:00\",\"dateModified\":\"2019-05-24T17:41:56+00:00\",\"breadcrumb\":{\"@id\":\"https:\/\/odanlab.com\/fr\/a-propos\/#breadcrumb\"},\"inLanguage\":\"fr-FR\",\"potentialAction\":[{\"@type\":\"ReadAction\",\"target\":[\"https:\/\/odanlab.com\/fr\/a-propos\/\"]}]},{\"@type\":\"BreadcrumbList\",\"@id\":\"https:\/\/odanlab.com\/fr\/a-propos\/#breadcrumb\",\"itemListElement\":[{\"@type\":\"ListItem\",\"position\":1,\"name\":\"Home\",\"item\":\"https:\/\/odanlab.com\/fr\/\"},{\"@type\":\"ListItem\",\"position\":2,\"name\":\"\u00c0 propos\"}]},{\"@type\":\"WebSite\",\"@id\":\"https:\/\/odanlab.com\/#website\",\"url\":\"https:\/\/odanlab.com\/\",\"name\":\"Odan Laboratories Ltd.\",\"description\":\"The Leader in Specialty Generic Pharmaceutical Products\",\"potentialAction\":[{\"@type\":\"SearchAction\",\"target\":{\"@type\":\"EntryPoint\",\"urlTemplate\":\"https:\/\/odanlab.com\/?s={search_term_string}\"},\"query-input\":{\"@type\":\"PropertyValueSpecification\",\"valueRequired\":true,\"valueName\":\"search_term_string\"}}],\"inLanguage\":\"fr-FR\"}]}<\/script>\n<!-- \/ Yoast SEO plugin. -->","yoast_head_json":{"title":"\u00c0 propos - Odan Laboratories Ltd.","robots":{"index":"index","follow":"follow","max-snippet":"max-snippet:-1","max-image-preview":"max-image-preview:large","max-video-preview":"max-video-preview:-1"},"canonical":"https:\/\/odanlab.com\/fr\/a-propos\/","og_locale":"fr_FR","og_type":"article","og_title":"\u00c0 propos - Odan Laboratories Ltd.","og_url":"https:\/\/odanlab.com\/fr\/a-propos\/","og_site_name":"Odan Laboratories Ltd.","article_publisher":"https:\/\/www.facebook.com\/odanlab\/","article_modified_time":"2019-05-24T17:41:56+00:00","twitter_card":"summary_large_image","twitter_misc":{"Dur\u00e9e de lecture estim\u00e9e":"7 minutes"},"schema":{"@context":"https:\/\/schema.org","@graph":[{"@type":"WebPage","@id":"https:\/\/odanlab.com\/fr\/a-propos\/","url":"https:\/\/odanlab.com\/fr\/a-propos\/","name":"\u00c0 propos - Odan Laboratories Ltd.","isPartOf":{"@id":"https:\/\/odanlab.com\/#website"},"datePublished":"2018-07-25T19:41:28+00:00","dateModified":"2019-05-24T17:41:56+00:00","breadcrumb":{"@id":"https:\/\/odanlab.com\/fr\/a-propos\/#breadcrumb"},"inLanguage":"fr-FR","potentialAction":[{"@type":"ReadAction","target":["https:\/\/odanlab.com\/fr\/a-propos\/"]}]},{"@type":"BreadcrumbList","@id":"https:\/\/odanlab.com\/fr\/a-propos\/#breadcrumb","itemListElement":[{"@type":"ListItem","position":1,"name":"Home","item":"https:\/\/odanlab.com\/fr\/"},{"@type":"ListItem","position":2,"name":"\u00c0 propos"}]},{"@type":"WebSite","@id":"https:\/\/odanlab.com\/#website","url":"https:\/\/odanlab.com\/","name":"Odan Laboratories Ltd.","description":"The Leader in Specialty Generic Pharmaceutical Products","potentialAction":[{"@type":"SearchAction","target":{"@type":"EntryPoint","urlTemplate":"https:\/\/odanlab.com\/?s={search_term_string}"},"query-input":{"@type":"PropertyValueSpecification","valueRequired":true,"valueName":"search_term_string"}}],"inLanguage":"fr-FR"}]}},"jetpack_sharing_enabled":true,"jetpack_shortlink":"https:\/\/wp.me\/Pahxdx-lq","_links":{"self":[{"href":"https:\/\/odanlab.com\/fr\/wp-json\/wp\/v2\/pages\/1328","targetHints":{"allow":["GET"]}}],"collection":[{"href":"https:\/\/odanlab.com\/fr\/wp-json\/wp\/v2\/pages"}],"about":[{"href":"https:\/\/odanlab.com\/fr\/wp-json\/wp\/v2\/types\/page"}],"author":[{"embeddable":true,"href":"https:\/\/odanlab.com\/fr\/wp-json\/wp\/v2\/users\/1"}],"replies":[{"embeddable":true,"href":"https:\/\/odanlab.com\/fr\/wp-json\/wp\/v2\/comments?post=1328"}],"version-history":[{"count":10,"href":"https:\/\/odanlab.com\/fr\/wp-json\/wp\/v2\/pages\/1328\/revisions"}],"predecessor-version":[{"id":2883,"href":"https:\/\/odanlab.com\/fr\/wp-json\/wp\/v2\/pages\/1328\/revisions\/2883"}],"wp:attachment":[{"href":"https:\/\/odanlab.com\/fr\/wp-json\/wp\/v2\/media?parent=1328"}],"curies":[{"name":"wp","href":"https:\/\/api.w.org\/{rel}","templated":true}]}}